{"id":2542,"date":"2014-04-03T18:50:00","date_gmt":"2014-04-03T18:50:00","guid":{"rendered":"http:\/\/localhost\/wordpress-3-8\/?page_id=2542"},"modified":"2025-10-07T11:58:17","modified_gmt":"2025-10-07T15:58:17","slug":"aranceles","status":"publish","type":"page","link":"https:\/\/www.cftestataltarapaca.cl\/admision\/aranceles\/","title":{"rendered":"Aranceles"},"content":{"rendered":"[vc_row type=&#8221;full_width_background&#8221; full_screen_row_position=&#8221;middle&#8221; scene_position=&#8221;center&#8221; text_color=&#8221;dark&#8221; text_align=&#8221;left&#8221; top_padding=&#8221;80&#8243; bottom_padding=&#8221;80&#8243; overlay_strength=&#8221;0.3&#8243; shape_divider_position=&#8221;bottom&#8221;][vc_column column_padding=&#8221;padding-3-percent&#8221; column_padding_position=&#8221;all&#8221; background_color_opacity=&#8221;1&#8243; background_hover_color_opacity=&#8221;1&#8243; column_shadow=&#8221;small_depth&#8221; column_border_radius=&#8221;20px&#8221; width=&#8221;1\/1&#8243; tablet_text_alignment=&#8221;default&#8221; phone_text_alignment=&#8221;default&#8221; column_border_width=&#8221;none&#8221;][vc_column_text css=&#8221;.vc_custom_1758915040021{padding-top: 40px !important;padding-bottom: 10px !important;}&#8221;]\n<h3 style=\"text-align: center;\">&#8220;El\u00a0<strong>Centro de Formaci\u00f3n T\u00e9cnica Estatal de Tarapac\u00e1<\/strong>, se encuentra adscrito a todos los beneficios del estado, por ello, dependiendo de su condici\u00f3n socioecon\u00f3mica, los estudiantes podr\u00e1n acceder a gratuidad y becas de arancel proporcionados por el MINEDUC.<\/h3>\n[\/vc_column_text][vc_column_text]<div class=\"divider-wrap\"><div style=\"height: 5px;\" class=\"divider\"><\/div><\/div>[\/vc_column_text]<div class=\"divider-wrap\"><div style=\"height: 25px;\" class=\"divider\"><\/div><\/div>[vc_column_text]\n<p>&nbsp;<\/p>\n<table width=\"95%\" cellspacing=\"4%\" cellpadding=\"4%\">\n<tbody>\n<tr>\n<td><strong>CARRERA:<\/strong><\/td>\n<td><strong>MATR\u00cdCULA:<\/strong><\/td>\n<td><strong>ARANCEL ANUAL<\/strong><\/td>\n<\/tr>\n<tr>\n<td style=\"background: #d2effc;\"><strong>TNS en Administraci\u00f3n de Empresas<\/strong><\/td>\n<td style=\"background: #d2effc;\">$68.000<\/td>\n<td style=\"background: #d2effc;\">$1.641.000<\/td>\n<\/tr>\n<tr>\n<td><strong>TNS en Administraci\u00f3n P\u00fablica<\/strong><\/td>\n<td>$68.000<\/td>\n<td>$1.680.000<\/td>\n<\/tr>\n<tr>\n<td style=\"background: #d2effc;\"><strong>TNS en Trabajo Social<\/strong><\/td>\n<td style=\"background: #d2effc;\">$68.000<\/td>\n<td style=\"background: #d2effc;\">$2.051.000<\/td>\n<\/tr>\n<tr>\n<td><strong>TNS Asistente de la Educaci\u00f3n<\/strong><\/td>\n<td>$68.000<\/td>\n<td>$1.544.000<\/td>\n<\/tr>\n<tr>\n<td style=\"background: #d2effc;\"><strong>TNS en Educaci\u00f3n Parvularia<\/strong><\/td>\n<td style=\"background: #d2effc;\">$68.000<\/td>\n<td style=\"background: #d2effc;\">$1.544.000<\/td>\n<\/tr>\n<tr>\n<td><strong>TNS en Enfermer\u00eda<\/strong><\/td>\n<td>$68.000<\/td>\n<td>$2.000.000<\/td>\n<\/tr>\n<tr>\n<td style=\"background: #d2effc;\"><strong>TNS Electricidad Industrial<\/strong><\/td>\n<td style=\"background: #d2effc;\">$68.000<\/td>\n<td style=\"background: #d2effc;\">$2.126.000<\/td>\n<\/tr>\n<tr>\n<td><strong>TNS en Log\u00edstica<\/strong><\/td>\n<td>$68.000<\/td>\n<td>$1.641.000<\/td>\n<\/tr>\n<tr>\n<td style=\"background: #d2effc;\"><strong>TNS Mec\u00e1nico en Matenimiento Predictivo<\/strong><\/td>\n<td style=\"background: #d2effc;\">$68.000<\/td>\n<td style=\"background: #d2effc;\">$1.770.000<\/td>\n<\/tr>\n<tr>\n<td><strong>TNS en Comercio Exterior<\/strong><\/td>\n<td>$68.000<\/td>\n<td>$2.051.000<\/td>\n<\/tr>\n<tr>\n<td style=\"background: #d2effc;\"><strong>TNS en Inform\u00e1tica<\/strong><\/td>\n<td style=\"background: #d2effc;\">$68.000<\/td>\n<td style=\"background: #d2effc;\">$2.025.000<\/td>\n<\/tr>\n<tr>\n<td><strong>TNS en Miner\u00eda<\/strong><\/td>\n<td>$68.000<\/td>\n<td>$1.984.000<\/td>\n<\/tr>\n<\/tbody>\n<\/table>\n<p>Importante: <em>Durante todo este per\u00edodo acad\u00e9mico el estudiante debe pagar el arancel anual dividido en <strong>10 cuotas<\/strong>. <\/em>[\/vc_column_text][\/vc_column][\/vc_row]\n","protected":false},"excerpt":{"rendered":"<p>[vc_row type=&#8221;full_width_background&#8221; full_screen_row_position=&#8221;middle&#8221; scene_position=&#8221;center&#8221; text_color=&#8221;dark&#8221; text_align=&#8221;left&#8221; top_padding=&#8221;80&#8243; bottom_padding=&#8221;80&#8243; overlay_strength=&#8221;0.3&#8243; shape_divider_position=&#8221;bottom&#8221;][vc_column column_padding=&#8221;padding-3-percent&#8221; column_padding_position=&#8221;all&#8221; background_color_opacity=&#8221;1&#8243; background_hover_color_opacity=&#8221;1&#8243; column_shadow=&#8221;small_depth&#8221; column_border_radius=&#8221;20px&#8221; width=&#8221;1\/1&#8243; tablet_text_alignment=&#8221;default&#8221; phone_text_alignment=&#8221;default&#8221; column_border_width=&#8221;none&#8221;][vc_column_text css=&#8221;.vc_custom_1758915040021{padding-top: 40px !important;padding-bottom: 10px !important;}&#8221;] &#8220;El\u00a0Centro de Formaci\u00f3n T\u00e9cnica Estatal&#8230;<\/p>\n","protected":false},"author":1,"featured_media":0,"parent":0,"menu_order":0,"comment_status":"open","ping_status":"open","template":"","meta":{"footnotes":""},"class_list":["post-2542","page","type-page","status-publish","hentry"],"_links":{"self":[{"href":"https:\/\/www.cftestataltarapaca.cl\/admision\/wp-json\/wp\/v2\/pages\/2542","targetHints":{"allow":["GET"]}}],"collection":[{"href":"https:\/\/www.cftestataltarapaca.cl\/admision\/wp-json\/wp\/v2\/pages"}],"about":[{"href":"https:\/\/www.cftestataltarapaca.cl\/admision\/wp-json\/wp\/v2\/types\/page"}],"author":[{"embeddable":true,"href":"https:\/\/www.cftestataltarapaca.cl\/admision\/wp-json\/wp\/v2\/users\/1"}],"replies":[{"embeddable":true,"href":"https:\/\/www.cftestataltarapaca.cl\/admision\/wp-json\/wp\/v2\/comments?post=2542"}],"version-history":[{"count":21,"href":"https:\/\/www.cftestataltarapaca.cl\/admision\/wp-json\/wp\/v2\/pages\/2542\/revisions"}],"predecessor-version":[{"id":6832,"href":"https:\/\/www.cftestataltarapaca.cl\/admision\/wp-json\/wp\/v2\/pages\/2542\/revisions\/6832"}],"wp:attachment":[{"href":"https:\/\/www.cftestataltarapaca.cl\/admision\/wp-json\/wp\/v2\/media?parent=2542"}],"curies":[{"name":"wp","href":"https:\/\/api.w.org\/{rel}","templated":true}]}}