{"id":2741,"date":"2021-04-04T20:31:44","date_gmt":"2021-04-04T23:31:44","guid":{"rendered":"https:\/\/www.cftestataltarapaca.cl\/admision\/?page_id=2741"},"modified":"2025-09-09T08:49:14","modified_gmt":"2025-09-09T12:49:14","slug":"tns-electricidad-industrial","status":"publish","type":"page","link":"https:\/\/www.cftestataltarapaca.cl\/admision\/tns-electricidad-industrial\/","title":{"rendered":"TNS en Electricidad Industrial"},"content":{"rendered":"[vc_row type=&#8221;full_width_background&#8221; full_screen_row_position=&#8221;middle&#8221; bg_color=&#8221;#2a72ac&#8221; scene_position=&#8221;center&#8221; text_color=&#8221;light&#8221; text_align=&#8221;left&#8221; top_padding=&#8221;30&#8243; bottom_padding=&#8221;30&#8243; overlay_strength=&#8221;0.3&#8243; shape_divider_position=&#8221;bottom&#8221; shape_type=&#8221;&#8221;][vc_column column_padding=&#8221;no-extra-padding&#8221; column_padding_position=&#8221;all&#8221; background_color_opacity=&#8221;1&#8243; background_hover_color_opacity=&#8221;1&#8243; column_shadow=&#8221;none&#8221; column_border_radius=&#8221;none&#8221; width=&#8221;1\/4&#8243; tablet_text_alignment=&#8221;default&#8221; phone_text_alignment=&#8221;default&#8221; column_border_width=&#8221;none&#8221; column_border_style=&#8221;solid&#8221;][vc_column_text]<strong>JORNADA:<\/strong> Diurna y Vespertina<br \/>\n<strong>DURACI\u00d3N FORMAL:<\/strong> 5 Semestres incluida Pr\u00e1ctica TNS (320 horas)[\/vc_column_text][\/vc_column][vc_column column_padding=&#8221;no-extra-padding&#8221; column_padding_position=&#8221;all&#8221; background_color_opacity=&#8221;1&#8243; background_hover_color_opacity=&#8221;1&#8243; column_shadow=&#8221;none&#8221; column_border_radius=&#8221;none&#8221; width=&#8221;1\/2&#8243; tablet_text_alignment=&#8221;default&#8221; phone_text_alignment=&#8221;default&#8221; column_border_width=&#8221;none&#8221; column_border_style=&#8221;solid&#8221;][vc_column_text]<strong>REQUISITOS:<\/strong> Licencia de Ense\u00f1anza Media, original o fotocopia legalizada ante notario y Fotocopia c\u00e9dula de identidad vigente por ambos lados, entrevista personal.<br \/>\n<em>Extranjeros, s\u00f3lo con residencia definitiva.<\/em>[\/vc_column_text][\/vc_column][vc_column enable_animation=&#8221;true&#8221; animation=&#8221;none&#8221; centered_text=&#8221;true&#8221; column_padding=&#8221;no-extra-padding&#8221; column_padding_position=&#8221;all&#8221; background_color_opacity=&#8221;1&#8243; background_hover_color_opacity=&#8221;1&#8243; column_shadow=&#8221;none&#8221; column_border_radius=&#8221;none&#8221; width=&#8221;1\/4&#8243; tablet_text_alignment=&#8221;default&#8221; phone_text_alignment=&#8221;default&#8221; column_border_width=&#8221;none&#8221; column_border_style=&#8221;solid&#8221;][nectar_btn size=&#8221;large&#8221; button_style=&#8221;regular&#8221; button_color_2=&#8221;Extra-Color-3&#8243; icon_family=&#8221;none&#8221; url=&#8221;https:\/\/www.cftestataltarapaca.cl\/inicio\/prematriculaweb\/&#8221; text=&#8221;POSTULA AQU\u00cd&#8221;][\/vc_column][\/vc_row][vc_row type=&#8221;full_width_background&#8221; full_screen_row_position=&#8221;middle&#8221; bg_color=&#8221;#ffffff&#8221; scene_position=&#8221;center&#8221; text_color=&#8221;dark&#8221; text_align=&#8221;left&#8221; top_padding=&#8221;30&#8243; bottom_padding=&#8221;30&#8243; overlay_strength=&#8221;0.3&#8243; shape_divider_position=&#8221;bottom&#8221; shape_type=&#8221;&#8221;][vc_column column_padding=&#8221;no-extra-padding&#8221; column_padding_position=&#8221;all&#8221; background_color_opacity=&#8221;1&#8243; background_hover_color_opacity=&#8221;1&#8243; column_shadow=&#8221;none&#8221; column_border_radius=&#8221;none&#8221; width=&#8221;2\/3&#8243; tablet_text_alignment=&#8221;default&#8221; phone_text_alignment=&#8221;default&#8221; column_border_width=&#8221;none&#8221; column_border_style=&#8221;solid&#8221;]<div class=\"divider-wrap\"><div style=\"height: 25px;\" class=\"divider\"><\/div><\/div>[vc_column_text]\n<h2 style=\"color: #248cb4;\">Malla Curricular<\/h2>\n[\/vc_column_text]<div class=\"divider-wrap\"><div style=\"height: 25px;\" class=\"divider\"><\/div><\/div><div class=\"img-with-aniamtion-wrap \" data-max-width=\"100%\" data-border-radius=\"none\"><div class=\"inner\"><a href=\"https:\/\/www.cftestataltarapaca.cl\/admision\/wp-content\/uploads\/2024\/10\/malla-electricidad-industrial.jpg\" class=\"pp \"><img loading=\"lazy\" decoding=\"async\" data-shadow=\"none\" data-shadow-direction=\"middle\" class=\"img-with-animation \" data-delay=\"0\" height=\"1246\" width=\"1920\" data-animation=\"fade-in\" src=\"https:\/\/www.cftestataltarapaca.cl\/admision\/wp-content\/uploads\/2024\/10\/malla-electricidad-industrial.jpg\" srcset=\"https:\/\/www.cftestataltarapaca.cl\/admision\/wp-content\/uploads\/2024\/10\/malla-electricidad-industrial.jpg 1920w, https:\/\/www.cftestataltarapaca.cl\/admision\/wp-content\/uploads\/2024\/10\/malla-electricidad-industrial-300x195.jpg 300w, https:\/\/www.cftestataltarapaca.cl\/admision\/wp-content\/uploads\/2024\/10\/malla-electricidad-industrial-1024x665.jpg 1024w, https:\/\/www.cftestataltarapaca.cl\/admision\/wp-content\/uploads\/2024\/10\/malla-electricidad-industrial-768x498.jpg 768w, https:\/\/www.cftestataltarapaca.cl\/admision\/wp-content\/uploads\/2024\/10\/malla-electricidad-industrial-1536x997.jpg 1536w\" sizes=\"auto, 100vw\" alt=\"\" \/><\/a><\/div><\/div><div class=\"divider-wrap\"><div style=\"height: 25px;\" class=\"divider\"><\/div><\/div>[vc_row_inner column_margin=&#8221;default&#8221; text_align=&#8221;left&#8221;][vc_column_inner column_padding=&#8221;no-extra-padding&#8221; column_padding_position=&#8221;all&#8221; background_color_opacity=&#8221;1&#8243; background_hover_color_opacity=&#8221;1&#8243; column_shadow=&#8221;none&#8221; column_border_radius=&#8221;none&#8221; width=&#8221;1\/1&#8243; column_border_width=&#8221;none&#8221; column_border_style=&#8221;solid&#8221;][vc_column_text css=&#8221;.vc_custom_1727104873565{padding-top: 4% !important;padding-bottom: 8% !important;}&#8221;]<strong style=\"color: #00ade2;\">SALIDA INTERMEDIA:<\/strong><br \/>\n<span style=\"font-size: 12px;\"><strong>Gestor(a) Energ\u00e9tico<\/strong>, con todas las asignaturas aprobadas al finalizar el tercer semestre.<\/span>[\/vc_column_text][\/vc_column_inner][\/vc_row_inner][\/vc_column][vc_column column_padding=&#8221;no-extra-padding&#8221; column_padding_position=&#8221;all&#8221; background_color_opacity=&#8221;1&#8243; background_hover_color_opacity=&#8221;1&#8243; column_shadow=&#8221;none&#8221; column_border_radius=&#8221;none&#8221; width=&#8221;1\/3&#8243; tablet_text_alignment=&#8221;default&#8221; phone_text_alignment=&#8221;default&#8221; column_border_width=&#8221;none&#8221; column_border_style=&#8221;solid&#8221;]<div class=\"divider-wrap\"><div style=\"height: 25px;\" class=\"divider\"><\/div><\/div>[vc_column_text]\n<h2 style=\"color: #248cb4;\">Podr\u00e1s Obtener<\/h2>\n[\/vc_column_text][vc_column_text css=&#8221;.vc_custom_1727492457370{padding-top: 8% !important;padding-bottom: 4px !important;}&#8221;]<strong style=\"color: #00ade2;\">CERTIFICACIONES:<\/strong><br \/>\n<span style=\"font-size: 12px;\"><strong>&#8211; Certificaci\u00f3n Ingl\u00e9s TOEIC Bridge<\/strong><br \/>\n<strong>&#8211; Certificaci\u00f3n Computaci\u00f3n IC3<\/strong><br \/>\n<strong>&#8211; Licencia de Instalador El\u00e9ctrico SEC B<\/strong><\/span><\/p>\n<p><strong style=\"color: #00ade2;\">CERTIFICADO INSTITUCIONAL:<\/strong><span style=\"font-size: 12px;\"><br \/>\n<strong>&#8211; Certificado Inspector(a) el\u00e9ctrico en redes de distribuci\u00f3n en baja tensi\u00f3n<\/strong><br \/>\n<\/span>[\/vc_column_text]<div class=\"divider-wrap\"><div style=\"height: 25px;\" class=\"divider\"><\/div><\/div><div class=\"divider-wrap\"><div style=\"height: 25px;\" class=\"divider\"><\/div><\/div>[vc_column_text]\n<h3 style=\"color: #727176;\">Conoce m\u00e1s<\/h3>\n[\/vc_column_text]<div class=\"divider-wrap\"><div style=\"height: 25px;\" class=\"divider\"><\/div><\/div><div class=\"toggles \" data-style=\"default\"><div class=\"toggle accent-color\"><h3><a href=\"#\"><i class=\"icon-plus-sign\"><\/i><b>ELEMENTOS DIFERENCIADORES<\/b><\/a><\/h3><div>[vc_column_text]\n<p style=\"text-align: justify;\">El plan formativo se destaca por su orientaci\u00f3n hacia la formaci\u00f3n de instaladores el\u00e9ctricos con capacidad de manejar potencias de hasta 500 kW, con un enfoque en la gesti\u00f3n energ\u00e9tica y la incorporaci\u00f3n del montaje y mantenimiento de celdas solares fotovoltaicas, con incorporaci\u00f3n de herramientas tecnol\u00f3gicas, en un contexto de equidad de g\u00e9nero, emprendimiento e innovaci\u00f3n.<\/p>\n[\/vc_column_text]<\/div><\/div><div class=\"toggle accent-color\"><h3><a href=\"#\"><i class=\"icon-plus-sign\"><\/i><b>PERFIL DE EGRESO<\/b><\/a><\/h3><div>[vc_column_text]\n<ul>\n<li style=\"text-align: justify;\">Implementar sistemas el\u00e9ctricos domiciliarios e industriales hasta 500KW , evaluando la conformidad de los proyectos, considerando regulaciones establecidas, est\u00e1ndares de seguridad y normativas vigentes<\/li>\n<li style=\"text-align: justify;\">Ejecutar instalaci\u00f3n y mantenimiento de sistemas el\u00e9ctricos en equipos industriales y en sistemas de energ\u00eda renovable fotovoltaicos.<\/li>\n<li style=\"text-align: justify;\">Aplicar soluciones en instalaciones el\u00e9ctricas, considerando principios de electr\u00f3nica y circuitos el\u00e9ctricos en corriente alterna y continua con implementaci\u00f3n de sistemas de protecci\u00f3n el\u00e9ctrica y puesta a tierra eficiente y segura.<\/li>\n<li style=\"text-align: justify;\">Evaluar aspectos t\u00e9cnicos y de seguridad de proyectos el\u00e9ctricos, desarrollando y liderando desde su concepci\u00f3n hasta la implementaci\u00f3n, seg\u00fan viabilidad t\u00e9cnica y econ\u00f3mica.<\/li>\n<\/ul>\n[\/vc_column_text]<\/div><\/div><div class=\"toggle accent-color\"><h3><a href=\"#\"><i class=\"icon-plus-sign\"><\/i><b>CAMPO OCUPACIONAL<\/b><\/a><\/h3><div>[vc_column_text]\n<ul>\n<li>Compa\u00f1\u00edas el\u00e9ctricas de generaci\u00f3n (energ\u00edas renovables no convencionales y convencionales)<\/li>\n<li>Compa\u00f1\u00edas el\u00e9ctricas de transmisi\u00f3n<\/li>\n<li>Compa\u00f1\u00edas el\u00e9ctricas de distribuci\u00f3n<\/li>\n<li>Compa\u00f1\u00edas mineras met\u00e1licas y no met\u00e1licas (mantenimiento de sistemas el\u00e9ctricos)<\/li>\n<li>Sector de construcci\u00f3n<\/li>\n<li>Sector privado y p\u00fablico<\/li>\n<li>Empresas de Ingenier\u00eda el\u00e9ctrica<\/li>\n<li>Sector de alumbrado el\u00e9ctrico<\/li>\n<li>Proyectos el\u00e9ctricos en baja tensi\u00f3n<\/li>\n<li>Emprendimientos del ejercicio libre de la disciplina<\/li>\n<\/ul>\n[\/vc_column_text]<\/div><\/div><\/div><div class=\"divider-wrap\"><div style=\"height: 25px;\" class=\"divider\"><\/div><\/div>[vc_column_text]<em style=\"font-size: 12px;\"> <strong>EL CFT ESTATAL TARAPAC\u00c1<\/strong><\/em><br \/>\n<em style=\"font-size: 11px; color: #898989;\">1. Podr\u00e1 reformular este plan de estudios, realizando los cambios necesarios para mantenerlos vigentes y actualizados.<\/em><br \/>\n<em style=\"font-size: 11px; color: #898989;\"> 2. Podr\u00e1 solicitar, seg\u00fan requerimientos de la carrera, requisitos especiales de ingreso.<\/em><br \/>\n<em style=\"font-size: 11px; color: #898989;\">3. Por raz\u00f3n de fuerza mayor o caso fortuito, podr\u00e1 no impartir una carrera.<\/em><br \/>\n<em style=\"font-size: 11px; color: #898989;\"> 4. La apertura de nuevas carreras quedar\u00e1 condicionada a que cubran los cupos m\u00ednimos<\/em>[\/vc_column_text][\/vc_column][\/vc_row][vc_row type=&#8221;full_width_background&#8221; full_screen_row_position=&#8221;middle&#8221; bg_image=&#8221;6734&#8243; bg_position=&#8221;center center&#8221; bg_repeat=&#8221;no-repeat&#8221; parallax_bg=&#8221;true&#8221; parallax_bg_speed=&#8221;slow&#8221; bg_color=&#8221;#3d99ba&#8221; scene_position=&#8221;center&#8221; text_color=&#8221;light&#8221; text_align=&#8221;center&#8221; color_overlay=&#8221;#54aaca&#8221; overlay_strength=&#8221;0.8&#8243; shape_divider_position=&#8221;bottom&#8221; shape_type=&#8221;&#8221;][vc_column column_padding=&#8221;padding-4-percent&#8221; column_padding_position=&#8221;all&#8221; background_color_opacity=&#8221;1&#8243; background_hover_color_opacity=&#8221;1&#8243; column_shadow=&#8221;none&#8221; column_border_radius=&#8221;none&#8221; width=&#8221;1\/1&#8243; tablet_text_alignment=&#8221;default&#8221; phone_text_alignment=&#8221;default&#8221; column_border_width=&#8221;none&#8221; column_border_style=&#8221;solid&#8221;]<div class=\"divider-wrap\"><div style=\"height: 25px;\" class=\"divider\"><\/div><\/div>[vc_column_text css_animation=&#8221;fadeInUpBig&#8221; css=&#8221;.vc_custom_1756925051730{padding-top: 40px !important;padding-bottom: 40px !important;}&#8221;]\n<h1>Estamos adscritos a Gratuidad<\/h1>\n<h2>y a todos los Beneficios Estatales<\/h2>\n<p>&nbsp;<\/p>\n<h3><strong>Convi\u00e9rtete en el t\u00e9cnico que la regi\u00f3n necesita<br \/>\n<\/strong><\/h3>\n[\/vc_column_text][nectar_btn size=&#8221;large&#8221; button_style=&#8221;see-through&#8221; button_color_2=&#8221;Accent-Color&#8221; icon_family=&#8221;none&#8221; url=&#8221;https:\/\/www.cftestataltarapaca.cl\/admision\/gratuidad-beneficios\/&#8221; text=&#8221;m\u00e1s informaci\u00f3n&#8221;]<div class=\"divider-wrap\"><div style=\"height: 25px;\" class=\"divider\"><\/div><\/div><div class=\"divider-wrap\"><div style=\"height: 25px;\" class=\"divider\"><\/div><\/div>[\/vc_column][\/vc_row][vc_row type=&#8221;full_width_content&#8221; full_screen_row_position=&#8221;middle&#8221; bg_color=&#8221;#ffffff&#8221; scene_position=&#8221;center&#8221; text_color=&#8221;dark&#8221; text_align=&#8221;left&#8221; top_padding=&#8221;0%&#8221; bottom_padding=&#8221;0%&#8221; overlay_strength=&#8221;0.3&#8243; shape_divider_position=&#8221;bottom&#8221; shape_type=&#8221;&#8221;][vc_column enable_animation=&#8221;true&#8221; animation=&#8221;fade-in-from-left&#8221; column_padding=&#8221;padding-5-percent&#8221; column_padding_position=&#8221;all&#8221; background_color_opacity=&#8221;1&#8243; background_hover_color_opacity=&#8221;1&#8243; column_shadow=&#8221;none&#8221; column_border_radius=&#8221;none&#8221; width=&#8221;1\/2&#8243; tablet_text_alignment=&#8221;default&#8221; phone_text_alignment=&#8221;default&#8221; column_border_width=&#8221;none&#8221; column_border_style=&#8221;solid&#8221;]<div class=\"divider-wrap\"><div style=\"height: 25px;\" class=\"divider\"><\/div><\/div>[nectar_single_testimonial testimonial_style=&#8221;bold&#8221; color=&#8221;Default&#8221; quote=&#8221;Te acompa\u00f1amos durante toda tu carrera, tanto en lo Acad\u00e9mico como lo Psicosocial.&#8221; name=&#8221;Plan de Acompa\u00f1amiento&#8221; subtitle=&#8221;Acad\u00e9mico y Psicosocial&#8221;][nectar_btn size=&#8221;medium&#8221; open_new_tab=&#8221;true&#8221; button_style=&#8221;see-through&#8221; button_color_2=&#8221;Extra-Color-3&#8243; icon_family=&#8221;none&#8221; url=&#8221;https:\/\/www.cftestataltarapaca.cl\/admision\/apoyo\/&#8221; text=&#8221;ingresa aqu\u00ed&#8221;][\/vc_column][vc_column enable_animation=&#8221;true&#8221; animation=&#8221;fade-in-from-right&#8221; column_padding=&#8221;no-extra-padding&#8221; column_padding_position=&#8221;all&#8221; background_color_opacity=&#8221;1&#8243; background_hover_color_opacity=&#8221;1&#8243; column_shadow=&#8221;none&#8221; column_border_radius=&#8221;none&#8221; width=&#8221;1\/2&#8243; tablet_text_alignment=&#8221;default&#8221; phone_text_alignment=&#8221;default&#8221; column_border_width=&#8221;none&#8221; column_border_style=&#8221;solid&#8221;]<div class=\"img-with-aniamtion-wrap \" data-max-width=\"100%\" data-border-radius=\"none\"><div class=\"inner\"><img loading=\"lazy\" decoding=\"async\" data-shadow=\"none\" data-shadow-direction=\"middle\" class=\"img-with-animation \" data-delay=\"0\" height=\"900\" width=\"1211\" data-animation=\"fade-in\" src=\"https:\/\/www.cftestataltarapaca.cl\/admision\/wp-content\/uploads\/2025\/09\/admision-2026-13.jpg\" srcset=\"https:\/\/www.cftestataltarapaca.cl\/admision\/wp-content\/uploads\/2025\/09\/admision-2026-13.jpg 1211w, https:\/\/www.cftestataltarapaca.cl\/admision\/wp-content\/uploads\/2025\/09\/admision-2026-13-300x223.jpg 300w, https:\/\/www.cftestataltarapaca.cl\/admision\/wp-content\/uploads\/2025\/09\/admision-2026-13-1024x761.jpg 1024w, https:\/\/www.cftestataltarapaca.cl\/admision\/wp-content\/uploads\/2025\/09\/admision-2026-13-768x571.jpg 768w\" sizes=\"auto, 100vw\" alt=\"Admisi\u00f3n 2026 CFT Estatal Tarapac\u00e1\" \/><\/div><\/div>[\/vc_column][\/vc_row][vc_row type=&#8221;full_width_background&#8221; full_screen_row_position=&#8221;middle&#8221; bg_image=&#8221;5080&#8243; bg_position=&#8221;left top&#8221; bg_repeat=&#8221;no-repeat&#8221; scene_position=&#8221;center&#8221; text_color=&#8221;dark&#8221; text_align=&#8221;left&#8221; disable_element=&#8221;yes&#8221; overlay_strength=&#8221;0.3&#8243; shape_divider_position=&#8221;bottom&#8221; shape_type=&#8221;&#8221;][vc_column column_padding=&#8221;no-extra-padding&#8221; column_padding_position=&#8221;all&#8221; background_color_opacity=&#8221;1&#8243; background_hover_color_opacity=&#8221;1&#8243; column_shadow=&#8221;none&#8221; column_border_radius=&#8221;none&#8221; width=&#8221;1\/1&#8243; tablet_text_alignment=&#8221;default&#8221; phone_text_alignment=&#8221;default&#8221; column_border_width=&#8221;none&#8221; column_border_style=&#8221;solid&#8221;][vc_column_text css=&#8221;.vc_custom_1672325666142{padding-top: 50px !important;}&#8221;]\n<h2 style=\"text-align: center; color: #3d95b4;\">Conoce a tu Jefe de Carrera<\/h2>\n[\/vc_column_text][vc_row_inner column_margin=&#8221;default&#8221; text_align=&#8221;left&#8221;][vc_column_inner column_padding=&#8221;padding-4-percent&#8221; column_padding_position=&#8221;top&#8221; background_color_opacity=&#8221;1&#8243; background_hover_color_opacity=&#8221;1&#8243; column_shadow=&#8221;none&#8221; column_border_radius=&#8221;none&#8221; width=&#8221;1\/4&#8243; column_border_width=&#8221;none&#8221; column_border_style=&#8221;solid&#8221;]<div class=\"img-with-aniamtion-wrap \" data-max-width=\"100%\" data-border-radius=\"none\"><div class=\"inner\"><img loading=\"lazy\" decoding=\"async\" data-shadow=\"none\" data-shadow-direction=\"middle\" class=\"img-with-animation \" data-delay=\"0\" height=\"800\" width=\"800\" data-animation=\"fade-in\" src=\"https:\/\/www.cftestataltarapaca.cl\/admision\/wp-content\/uploads\/2022\/12\/benjamin.png\" srcset=\"https:\/\/www.cftestataltarapaca.cl\/admision\/wp-content\/uploads\/2022\/12\/benjamin.png 800w, https:\/\/www.cftestataltarapaca.cl\/admision\/wp-content\/uploads\/2022\/12\/benjamin-300x300.png 300w, https:\/\/www.cftestataltarapaca.cl\/admision\/wp-content\/uploads\/2022\/12\/benjamin-150x150.png 150w, https:\/\/www.cftestataltarapaca.cl\/admision\/wp-content\/uploads\/2022\/12\/benjamin-768x768.png 768w, https:\/\/www.cftestataltarapaca.cl\/admision\/wp-content\/uploads\/2022\/12\/benjamin-100x100.png 100w, https:\/\/www.cftestataltarapaca.cl\/admision\/wp-content\/uploads\/2022\/12\/benjamin-140x140.png 140w, https:\/\/www.cftestataltarapaca.cl\/admision\/wp-content\/uploads\/2022\/12\/benjamin-500x500.png 500w, https:\/\/www.cftestataltarapaca.cl\/admision\/wp-content\/uploads\/2022\/12\/benjamin-350x350.png 350w\" sizes=\"auto, 100vw\" alt=\"\" \/><\/div><\/div>[\/vc_column_inner][vc_column_inner column_padding=&#8221;no-extra-padding&#8221; column_padding_position=&#8221;all&#8221; background_color_opacity=&#8221;1&#8243; background_hover_color_opacity=&#8221;1&#8243; column_shadow=&#8221;none&#8221; column_border_radius=&#8221;none&#8221; width=&#8221;3\/4&#8243; column_border_width=&#8221;none&#8221; column_border_style=&#8221;solid&#8221;][vc_column_text css=&#8221;.vc_custom_1672328257740{padding-top: 50px !important;padding-bottom: 40px !important;}&#8221;]\n<ul>\n<li><strong>Comuna de Origen:<\/strong> Iquique, regi\u00f3n de Tarapac\u00e1<\/li>\n<li><strong>Educaci\u00f3n:<\/strong> Ingeniero en Electr\u00f3nica<\/li>\n<li>Otros Estudios: Excel avanzado, conducci\u00f3n de camiones de extracci\u00f3n.<\/li>\n<li><strong>Hobby:<\/strong> Amante de la playa, series y m\u00fasica.<\/li>\n<\/ul>\n<p><b>Experiencia Profesional<\/b><\/p>\n<ul>\n<li>El\u00e9ctrico equipos mineros Komatsu Chile faena Collahuasi.<\/li>\n<li>Automatizado en Orpak en proyectos de la 1\u00b0er a la 3\u00b0era regi\u00f3n.<\/li>\n<li>Automatizado en Enex Chile faena Cerro Colorado.<\/li>\n<li>Jefe de turno en el control del combustible, faena Cerro Colorado.<\/li>\n<li>Jefe de turno en el control del combustible en Enex faena Centinela y Jefe de Carrera TNS El\u00e9ctrico en Energ\u00edas Renovables.<\/li>\n<\/ul>\n[\/vc_column_text][nectar_btn size=&#8221;small&#8221; button_style=&#8221;regular&#8221; button_color_2=&#8221;Accent-Color&#8221; icon_family=&#8221;none&#8221; url=&#8221;mailto:bgonzalez@cftestataltarapaca.cl&#8221; text=&#8221;hablemos&#8221;]<div class=\"divider-wrap\"><div style=\"height: 25px;\" class=\"divider\"><\/div><\/div>[\/vc_column_inner][\/vc_row_inner][\/vc_column][\/vc_row]\n","protected":false},"excerpt":{"rendered":"<p>[vc_row type=&#8221;full_width_background&#8221; full_screen_row_position=&#8221;middle&#8221; bg_color=&#8221;#2a72ac&#8221; scene_position=&#8221;center&#8221; text_color=&#8221;light&#8221; text_align=&#8221;left&#8221; top_padding=&#8221;30&#8243; bottom_padding=&#8221;30&#8243; overlay_strength=&#8221;0.3&#8243; shape_divider_position=&#8221;bottom&#8221; shape_type=&#8221;&#8221;][vc_column column_padding=&#8221;no-extra-padding&#8221; column_padding_position=&#8221;all&#8221; background_color_opacity=&#8221;1&#8243; background_hover_color_opacity=&#8221;1&#8243; column_shadow=&#8221;none&#8221; column_border_radius=&#8221;none&#8221; width=&#8221;1\/4&#8243; tablet_text_alignment=&#8221;default&#8221; phone_text_alignment=&#8221;default&#8221; column_border_width=&#8221;none&#8221; column_border_style=&#8221;solid&#8221;][vc_column_text]JORNADA: Diurna y Vespertina DURACI\u00d3N FORMAL: 5 Semestres&#8230;<\/p>\n","protected":false},"author":1,"featured_media":0,"parent":0,"menu_order":0,"comment_status":"open","ping_status":"open","template":"","meta":{"footnotes":""},"class_list":["post-2741","page","type-page","status-publish","hentry"],"_links":{"self":[{"href":"https:\/\/www.cftestataltarapaca.cl\/admision\/wp-json\/wp\/v2\/pages\/2741","targetHints":{"allow":["GET"]}}],"collection":[{"href":"https:\/\/www.cftestataltarapaca.cl\/admision\/wp-json\/wp\/v2\/pages"}],"about":[{"href":"https:\/\/www.cftestataltarapaca.cl\/admision\/wp-json\/wp\/v2\/types\/page"}],"author":[{"embeddable":true,"href":"https:\/\/www.cftestataltarapaca.cl\/admision\/wp-json\/wp\/v2\/users\/1"}],"replies":[{"embeddable":true,"href":"https:\/\/www.cftestataltarapaca.cl\/admision\/wp-json\/wp\/v2\/comments?post=2741"}],"version-history":[{"count":57,"href":"https:\/\/www.cftestataltarapaca.cl\/admision\/wp-json\/wp\/v2\/pages\/2741\/revisions"}],"predecessor-version":[{"id":6775,"href":"https:\/\/www.cftestataltarapaca.cl\/admision\/wp-json\/wp\/v2\/pages\/2741\/revisions\/6775"}],"wp:attachment":[{"href":"https:\/\/www.cftestataltarapaca.cl\/admision\/wp-json\/wp\/v2\/media?parent=2741"}],"curies":[{"name":"wp","href":"https:\/\/api.w.org\/{rel}","templated":true}]}}