{"id":6160,"date":"2024-09-12T10:18:25","date_gmt":"2024-09-12T14:18:25","guid":{"rendered":"https:\/\/www.cftestataltarapaca.cl\/admision\/?page_id=6160"},"modified":"2025-09-08T12:14:16","modified_gmt":"2025-09-08T16:14:16","slug":"tns-trabajo-social","status":"publish","type":"page","link":"https:\/\/www.cftestataltarapaca.cl\/admision\/tns-trabajo-social\/","title":{"rendered":"TNS Trabajo Social"},"content":{"rendered":"[vc_row type=&#8221;full_width_background&#8221; full_screen_row_position=&#8221;middle&#8221; equal_height=&#8221;yes&#8221; content_placement=&#8221;top&#8221; bg_color=&#8221;#2a72ac&#8221; scene_position=&#8221;center&#8221; text_color=&#8221;light&#8221; text_align=&#8221;left&#8221; top_padding=&#8221;30&#8243; bottom_padding=&#8221;30&#8243; overlay_strength=&#8221;0.3&#8243; shape_divider_position=&#8221;bottom&#8221; shape_type=&#8221;&#8221;][vc_column column_padding=&#8221;no-extra-padding&#8221; column_padding_position=&#8221;all&#8221; background_color_opacity=&#8221;1&#8243; background_hover_color_opacity=&#8221;1&#8243; column_shadow=&#8221;none&#8221; column_border_radius=&#8221;none&#8221; width=&#8221;1\/4&#8243; tablet_text_alignment=&#8221;default&#8221; phone_text_alignment=&#8221;default&#8221; column_border_width=&#8221;none&#8221; column_border_style=&#8221;solid&#8221;][vc_column_text]<strong>JORNADA:<\/strong> Diurna y Vespertina<br \/>\n<strong>DURACI\u00d3N FORMAL:<\/strong> 5 semestres incluida pr\u00e1ctica TNS (320 horas) [\/vc_column_text][\/vc_column][vc_column column_padding=&#8221;no-extra-padding&#8221; column_padding_position=&#8221;all&#8221; background_color_opacity=&#8221;1&#8243; background_hover_color_opacity=&#8221;1&#8243; column_shadow=&#8221;none&#8221; column_border_radius=&#8221;none&#8221; width=&#8221;1\/2&#8243; tablet_text_alignment=&#8221;default&#8221; phone_text_alignment=&#8221;default&#8221; column_border_width=&#8221;none&#8221; column_border_style=&#8221;solid&#8221;][vc_column_text]<strong>REQUISITOS:<\/strong> Licencia de Ense\u00f1anza Media, Fotocopia c\u00e9dula de identidad vigente por ambos lados, Certificado de inhabilidades para trabajar con menores, Certificado de maltrato relevantes, Entrevista personal.<br \/>\n<em>Extranjeros, s\u00f3lo con residencia definitiva.<\/em>[\/vc_column_text][\/vc_column][vc_column enable_animation=&#8221;true&#8221; animation=&#8221;none&#8221; centered_text=&#8221;true&#8221; column_padding=&#8221;no-extra-padding&#8221; column_padding_position=&#8221;all&#8221; background_color_opacity=&#8221;1&#8243; background_hover_color_opacity=&#8221;1&#8243; font_color=&#8221;#000000&#8243; column_shadow=&#8221;none&#8221; column_border_radius=&#8221;none&#8221; width=&#8221;1\/4&#8243; tablet_text_alignment=&#8221;default&#8221; phone_text_alignment=&#8221;default&#8221; column_border_width=&#8221;none&#8221; column_border_style=&#8221;solid&#8221;][nectar_btn size=&#8221;large&#8221; button_style=&#8221;regular&#8221; button_color_2=&#8221;Extra-Color-3&#8243; icon_family=&#8221;none&#8221; url=&#8221;https:\/\/www.cftestataltarapaca.cl\/inicio\/prematriculaweb\/&#8221; text=&#8221;POSTULA AQU\u00cd&#8221;][\/vc_column][\/vc_row][vc_row type=&#8221;full_width_background&#8221; full_screen_row_position=&#8221;middle&#8221; bg_color=&#8221;#ffffff&#8221; scene_position=&#8221;center&#8221; text_color=&#8221;dark&#8221; text_align=&#8221;left&#8221; top_padding=&#8221;30&#8243; bottom_padding=&#8221;60&#8243; overlay_strength=&#8221;0.3&#8243; shape_divider_position=&#8221;bottom&#8221; shape_type=&#8221;&#8221;][vc_column column_padding=&#8221;no-extra-padding&#8221; column_padding_position=&#8221;all&#8221; background_color_opacity=&#8221;1&#8243; background_hover_color_opacity=&#8221;1&#8243; column_shadow=&#8221;none&#8221; column_border_radius=&#8221;none&#8221; width=&#8221;2\/3&#8243; tablet_text_alignment=&#8221;default&#8221; phone_text_alignment=&#8221;default&#8221; column_border_width=&#8221;none&#8221; column_border_style=&#8221;solid&#8221;]<div class=\"divider-wrap\"><div style=\"height: 25px;\" class=\"divider\"><\/div><\/div>[vc_column_text]\n<h2 style=\"color: #248cb4;\">Malla Curricular<\/h2>\n[\/vc_column_text]<div class=\"divider-wrap\"><div style=\"height: 25px;\" class=\"divider\"><\/div><\/div><div class=\"img-with-aniamtion-wrap \" data-max-width=\"100%\" data-border-radius=\"none\"><div class=\"inner\"><a href=\"https:\/\/www.cftestataltarapaca.cl\/admision\/wp-content\/uploads\/2024\/10\/CFT-Estatal-Tarapaca\u0301-TNS-en-Trabajo-social.jpg\" class=\"pp \"><img loading=\"lazy\" decoding=\"async\" data-shadow=\"none\" data-shadow-direction=\"middle\" class=\"img-with-animation \" data-delay=\"0\" height=\"1246\" width=\"1920\" data-animation=\"fade-in\" src=\"https:\/\/www.cftestataltarapaca.cl\/admision\/wp-content\/uploads\/2024\/10\/CFT-Estatal-Tarapaca\u0301-TNS-en-Trabajo-social.jpg\" srcset=\"https:\/\/www.cftestataltarapaca.cl\/admision\/wp-content\/uploads\/2024\/10\/CFT-Estatal-Tarapaca\u0301-TNS-en-Trabajo-social.jpg 1920w, https:\/\/www.cftestataltarapaca.cl\/admision\/wp-content\/uploads\/2024\/10\/CFT-Estatal-Tarapaca\u0301-TNS-en-Trabajo-social-300x195.jpg 300w, https:\/\/www.cftestataltarapaca.cl\/admision\/wp-content\/uploads\/2024\/10\/CFT-Estatal-Tarapaca\u0301-TNS-en-Trabajo-social-1024x665.jpg 1024w, https:\/\/www.cftestataltarapaca.cl\/admision\/wp-content\/uploads\/2024\/10\/CFT-Estatal-Tarapaca\u0301-TNS-en-Trabajo-social-768x498.jpg 768w, https:\/\/www.cftestataltarapaca.cl\/admision\/wp-content\/uploads\/2024\/10\/CFT-Estatal-Tarapaca\u0301-TNS-en-Trabajo-social-1536x997.jpg 1536w\" sizes=\"auto, 100vw\" alt=\"\" \/><\/a><\/div><\/div>[vc_row_inner column_margin=&#8221;default&#8221; text_align=&#8221;left&#8221;][vc_column_inner column_padding=&#8221;no-extra-padding&#8221; column_padding_position=&#8221;all&#8221; background_color_opacity=&#8221;1&#8243; background_hover_color_opacity=&#8221;1&#8243; column_shadow=&#8221;none&#8221; column_border_radius=&#8221;none&#8221; width=&#8221;1\/1&#8243; column_border_width=&#8221;none&#8221; column_border_style=&#8221;solid&#8221;][vc_column_text css=&#8221;.vc_custom_1727190032030{padding-top: 4% !important;padding-bottom: 8% !important;}&#8221;]<strong style=\"color: #00ade2;\">SALIDA INTERMEDIA:<\/strong><br \/>\n<span style=\"font-size: 12px;\"><strong>Facilitador(a) Psicosocial de Residencia<\/strong>, con todas las asignaturas aprobadas al finalizar el tercer semestre.<br \/>\n<\/span>[\/vc_column_text][\/vc_column_inner][\/vc_row_inner][\/vc_column][vc_column column_padding=&#8221;no-extra-padding&#8221; column_padding_position=&#8221;all&#8221; background_color_opacity=&#8221;1&#8243; background_hover_color_opacity=&#8221;1&#8243; column_shadow=&#8221;none&#8221; column_border_radius=&#8221;none&#8221; width=&#8221;1\/3&#8243; tablet_text_alignment=&#8221;default&#8221; phone_text_alignment=&#8221;default&#8221; column_border_width=&#8221;none&#8221; column_border_style=&#8221;solid&#8221;]<div class=\"divider-wrap\"><div style=\"height: 25px;\" class=\"divider\"><\/div><\/div>[vc_column_text]\n<h2 style=\"color: #248cb4;\">Podr\u00e1s Obtener<\/h2>\n[\/vc_column_text][vc_column_text css=&#8221;.vc_custom_1727492834023{padding-top: 8% !important;padding-bottom: 4px !important;}&#8221;]<strong style=\"color: #00ade2;\">CERTIFICACIONES:<\/strong><br \/>\n<span style=\"font-size: 12px;\"><strong>&#8211; Certificaci\u00f3n Ingl\u00e9s TOEIC Bridge<\/strong><br \/>\n<strong>&#8211; Certificaci\u00f3n Computaci\u00f3n IC3<\/strong><\/span><\/p>\n<p><strong style=\"color: #00ade2;\">CERTIFICADO INSTITUCIONAL:<\/strong><span style=\"font-size: 12px;\"><br \/>\n<strong>&#8211; Certificaci\u00f3n de Monitor(a) Sociocomunitario<br \/>\n<\/strong><\/span>[\/vc_column_text]<div class=\"divider-wrap\"><div style=\"height: 25px;\" class=\"divider\"><\/div><\/div><div class=\"divider-wrap\"><div style=\"height: 25px;\" class=\"divider\"><\/div><\/div>[vc_column_text]\n<h3 style=\"color: #727176;\">Conoce m\u00e1s<\/h3>\n[\/vc_column_text]<div class=\"divider-wrap\"><div style=\"height: 25px;\" class=\"divider\"><\/div><\/div><div class=\"toggles \" data-style=\"default\"><div class=\"toggle accent-color\"><h3><a href=\"#\"><i class=\"icon-plus-sign\"><\/i>ELEMENTOS DIFERENCIADORES<\/a><\/h3><div>[vc_column_text]\n<p style=\"text-align: justify;\">El plan formativo est\u00e1 orientado a la intervenci\u00f3n directa con personas, familias y comunidades, promoci\u00f3n del bienestar social y la inclusi\u00f3n, evaluaciones y diagn\u00f3sticos sociales, entrenados para trabajar en red, coordinando servicios y recursos entre diferentes instituciones y organizaciones en un contexto de equidad de g\u00e9nero, emprendimiento e innovaci\u00f3n.<\/p>\n[\/vc_column_text]<\/div><\/div><div class=\"toggle accent-color\"><h3><a href=\"#\"><i class=\"icon-plus-sign\"><\/i>PERFIL DE EGRESO<\/a><\/h3><div>[vc_column_text]\n<p style=\"text-align: justity;\">El T\u00e9cnico de Nivel Superior en Trabajo Social, al finalizar su carrera, estar\u00e1 formado en las siguientes competencias:<\/p>\n<ul>\n<li style=\"text-align: justify;\">Evaluar situaciones sociales, necesidades individuales y colectivas, sus causas y potencialidades de manera integral para la promoci\u00f3n de condiciones sociales de vida adecuadas mediante la recolecci\u00f3n de informaci\u00f3n, de acuerdo a m\u00e9todos y t\u00e9cnicas especializadas, de trabajo social, adaptadas a contextos espec\u00edficos.<\/li>\n<li style=\"text-align: justify;\">Ejecutar plan de intervenci\u00f3n social, para brindar asesoramiento y apoyo en la resoluci\u00f3n de problemas diversos.<\/li>\n<li style=\"text-align: justify;\">Ejecutar proyectos sociales para el desarrollo integral de personas, familias, grupos, comunidades y organizaciones de acuerdo con las relaciones de confianza establecidas y de colaboraci\u00f3n mutua.<\/li>\n<li style=\"text-align: justify;\">Gestionar los recursos y redes de apoyo disponibles para atender necesidades sociales especificas en un contexto de relaciones colaborativas con instituciones y organizaciones sociales.<\/li>\n<\/ul>\n[\/vc_column_text]<\/div><\/div><div class=\"toggle accent-color\"><h3><a href=\"#\"><i class=\"icon-plus-sign\"><\/i>CAMPO OCUPACIONAL<\/a><\/h3><div>[vc_column_text]\n<ul>\n<li>Municipalidades; Entidades gubernamentales<\/li>\n<li>Servicios p\u00fablicos<\/li>\n<li>Establecimientos educacionales<\/li>\n<li>Residencias (adulto mayor, NNA)<\/li>\n<li>Centros de Salud p\u00fablicos y privados<\/li>\n<li>Fundaciones<\/li>\n<li>Centros penitenciarios<\/li>\n<li>Centros de internaci\u00f3n provisoria y de r\u00e9gimen cerrado<\/li>\n<li>Emprendimientos del ejercicio libre de la disciplina<\/li>\n<\/ul>\n[\/vc_column_text]<\/div><\/div><\/div><div class=\"divider-wrap\"><div style=\"height: 25px;\" class=\"divider\"><\/div><\/div>[vc_column_text]<em style=\"font-size: 12px;\"> <strong>EL CFT ESTATAL TARAPAC\u00c1<\/strong><\/em><br \/>\n<em style=\"font-size: 11px; color: #898989;\">1. Podr\u00e1 reformular este plan de estudios, realizando los cambios necesarios para mantenerlos vigentes y actualizados.<\/em><br \/>\n<em style=\"font-size: 11px; color: #898989;\"> 2. Podr\u00e1 solicitar, seg\u00fan requerimientos de la carrera, requisitos especiales de ingreso.<\/em><br \/>\n<em style=\"font-size: 11px; color: #898989;\">3. Por raz\u00f3n de fuerza mayor o caso fortuito, podr\u00e1 no impartir una carrera.<\/em><br \/>\n<em style=\"font-size: 11px; color: #898989;\"> 4. La apertura de nuevas carreras quedar\u00e1 condicionada a que cubran los cupos m\u00ednimos<\/em>[\/vc_column_text][\/vc_column][\/vc_row][vc_row type=&#8221;full_width_background&#8221; full_screen_row_position=&#8221;middle&#8221; bg_image=&#8221;6734&#8243; bg_position=&#8221;center center&#8221; bg_repeat=&#8221;no-repeat&#8221; parallax_bg=&#8221;true&#8221; parallax_bg_speed=&#8221;slow&#8221; bg_color=&#8221;#3d99ba&#8221; scene_position=&#8221;center&#8221; text_color=&#8221;light&#8221; text_align=&#8221;center&#8221; color_overlay=&#8221;#54aaca&#8221; overlay_strength=&#8221;0.8&#8243; shape_divider_position=&#8221;bottom&#8221; shape_type=&#8221;&#8221;][vc_column column_padding=&#8221;padding-4-percent&#8221; column_padding_position=&#8221;all&#8221; background_color_opacity=&#8221;1&#8243; background_hover_color_opacity=&#8221;1&#8243; font_color=&#8221;#ffffff&#8221; column_shadow=&#8221;none&#8221; column_border_radius=&#8221;none&#8221; width=&#8221;1\/1&#8243; tablet_text_alignment=&#8221;default&#8221; phone_text_alignment=&#8221;default&#8221; column_border_width=&#8221;none&#8221; column_border_style=&#8221;solid&#8221;]<div class=\"divider-wrap\"><div style=\"height: 25px;\" class=\"divider\"><\/div><\/div>[vc_column_text css_animation=&#8221;fadeInUpBig&#8221; css=&#8221;.vc_custom_1756925008029{padding-top: 40px !important;padding-bottom: 40px !important;}&#8221;]\n<h1>Estamos adscritos a Gratuidad<\/h1>\n<h2>y a todos los Beneficios Estatales<\/h2>\n<h2><span style=\"color: #ebd38b;\">\u00a0<\/span><\/h2>\n<h3><strong>Convi\u00e9rtete en el t\u00e9cnico que la regi\u00f3n necesita<\/strong><\/h3>\n[\/vc_column_text][nectar_btn size=&#8221;large&#8221; open_new_tab=&#8221;true&#8221; button_style=&#8221;see-through&#8221; button_color_2=&#8221;Extra-Color-2&#8243; icon_family=&#8221;none&#8221; url=&#8221;https:\/\/www.cftestataltarapaca.cl\/admision\/gratuidad-beneficios\/&#8221; text=&#8221;M\u00e1s informaci\u00f3n&#8221;]<div class=\"divider-wrap\"><div style=\"height: 25px;\" class=\"divider\"><\/div><\/div><div class=\"divider-wrap\"><div style=\"height: 25px;\" class=\"divider\"><\/div><\/div>[\/vc_column][\/vc_row][vc_row type=&#8221;full_width_content&#8221; full_screen_row_position=&#8221;middle&#8221; bg_color=&#8221;#ffffff&#8221; scene_position=&#8221;center&#8221; text_color=&#8221;dark&#8221; text_align=&#8221;left&#8221; top_padding=&#8221;0%&#8221; bottom_padding=&#8221;0%&#8221; overlay_strength=&#8221;0.3&#8243; shape_divider_position=&#8221;bottom&#8221; shape_type=&#8221;&#8221;][vc_column enable_animation=&#8221;true&#8221; animation=&#8221;fade-in-from-bottom&#8221; column_padding=&#8221;padding-5-percent&#8221; column_padding_position=&#8221;all&#8221; background_color_opacity=&#8221;1&#8243; background_hover_color_opacity=&#8221;1&#8243; column_shadow=&#8221;none&#8221; column_border_radius=&#8221;none&#8221; width=&#8221;1\/2&#8243; tablet_text_alignment=&#8221;default&#8221; phone_text_alignment=&#8221;default&#8221; column_border_width=&#8221;none&#8221; column_border_style=&#8221;solid&#8221;]<div class=\"divider-wrap\"><div style=\"height: 25px;\" class=\"divider\"><\/div><\/div>[nectar_single_testimonial testimonial_style=&#8221;bold&#8221; color=&#8221;Default&#8221; quote=&#8221;Te acompa\u00f1amos durante toda tu carrera, tanto en lo Acad\u00e9mico como lo Psicosocial.&#8221; name=&#8221;Plan de Acompa\u00f1amiento&#8221; subtitle=&#8221;Acad\u00e9mico y Psicosocial&#8221;][nectar_btn size=&#8221;medium&#8221; open_new_tab=&#8221;true&#8221; button_style=&#8221;see-through&#8221; button_color_2=&#8221;Extra-Color-3&#8243; icon_family=&#8221;none&#8221; url=&#8221;https:\/\/www.cftestataltarapaca.cl\/admision\/apoyo\/&#8221; text=&#8221;Ingresa aqu\u00ed&#8221;][\/vc_column][vc_column enable_animation=&#8221;true&#8221; animation=&#8221;fade-in-from-right&#8221; column_padding=&#8221;no-extra-padding&#8221; column_padding_position=&#8221;all&#8221; background_color_opacity=&#8221;1&#8243; background_hover_color_opacity=&#8221;1&#8243; column_shadow=&#8221;none&#8221; column_border_radius=&#8221;none&#8221; width=&#8221;1\/2&#8243; tablet_text_alignment=&#8221;default&#8221; phone_text_alignment=&#8221;default&#8221; column_border_width=&#8221;none&#8221; column_border_style=&#8221;solid&#8221;]<div class=\"img-with-aniamtion-wrap \" data-max-width=\"100%\" data-border-radius=\"none\"><div class=\"inner\"><img loading=\"lazy\" decoding=\"async\" data-shadow=\"none\" data-shadow-direction=\"middle\" class=\"img-with-animation \" data-delay=\"0\" height=\"900\" width=\"1211\" data-animation=\"fade-in\" src=\"https:\/\/www.cftestataltarapaca.cl\/admision\/wp-content\/uploads\/2025\/09\/admision-2026-13.jpg\" srcset=\"https:\/\/www.cftestataltarapaca.cl\/admision\/wp-content\/uploads\/2025\/09\/admision-2026-13.jpg 1211w, https:\/\/www.cftestataltarapaca.cl\/admision\/wp-content\/uploads\/2025\/09\/admision-2026-13-300x223.jpg 300w, https:\/\/www.cftestataltarapaca.cl\/admision\/wp-content\/uploads\/2025\/09\/admision-2026-13-1024x761.jpg 1024w, https:\/\/www.cftestataltarapaca.cl\/admision\/wp-content\/uploads\/2025\/09\/admision-2026-13-768x571.jpg 768w\" sizes=\"auto, 100vw\" alt=\"Admisi\u00f3n 2026 CFT Estatal Tarapac\u00e1\" \/><\/div><\/div>[\/vc_column][\/vc_row]\n","protected":false},"excerpt":{"rendered":"<p>[vc_row type=&#8221;full_width_background&#8221; full_screen_row_position=&#8221;middle&#8221; equal_height=&#8221;yes&#8221; content_placement=&#8221;top&#8221; bg_color=&#8221;#2a72ac&#8221; scene_position=&#8221;center&#8221; text_color=&#8221;light&#8221; text_align=&#8221;left&#8221; top_padding=&#8221;30&#8243; bottom_padding=&#8221;30&#8243; overlay_strength=&#8221;0.3&#8243; shape_divider_position=&#8221;bottom&#8221; shape_type=&#8221;&#8221;][vc_column column_padding=&#8221;no-extra-padding&#8221; column_padding_position=&#8221;all&#8221; background_color_opacity=&#8221;1&#8243; background_hover_color_opacity=&#8221;1&#8243; column_shadow=&#8221;none&#8221; column_border_radius=&#8221;none&#8221; width=&#8221;1\/4&#8243; tablet_text_alignment=&#8221;default&#8221; phone_text_alignment=&#8221;default&#8221; column_border_width=&#8221;none&#8221; column_border_style=&#8221;solid&#8221;][vc_column_text]JORNADA: Diurna y Vespertina DURACI\u00d3N FORMAL:&#8230;<\/p>\n","protected":false},"author":1,"featured_media":0,"parent":0,"menu_order":0,"comment_status":"open","ping_status":"open","template":"","meta":{"footnotes":""},"class_list":["post-6160","page","type-page","status-publish","hentry"],"_links":{"self":[{"href":"https:\/\/www.cftestataltarapaca.cl\/admision\/wp-json\/wp\/v2\/pages\/6160","targetHints":{"allow":["GET"]}}],"collection":[{"href":"https:\/\/www.cftestataltarapaca.cl\/admision\/wp-json\/wp\/v2\/pages"}],"about":[{"href":"https:\/\/www.cftestataltarapaca.cl\/admision\/wp-json\/wp\/v2\/types\/page"}],"author":[{"embeddable":true,"href":"https:\/\/www.cftestataltarapaca.cl\/admision\/wp-json\/wp\/v2\/users\/1"}],"replies":[{"embeddable":true,"href":"https:\/\/www.cftestataltarapaca.cl\/admision\/wp-json\/wp\/v2\/comments?post=6160"}],"version-history":[{"count":21,"href":"https:\/\/www.cftestataltarapaca.cl\/admision\/wp-json\/wp\/v2\/pages\/6160\/revisions"}],"predecessor-version":[{"id":6770,"href":"https:\/\/www.cftestataltarapaca.cl\/admision\/wp-json\/wp\/v2\/pages\/6160\/revisions\/6770"}],"wp:attachment":[{"href":"https:\/\/www.cftestataltarapaca.cl\/admision\/wp-json\/wp\/v2\/media?parent=6160"}],"curies":[{"name":"wp","href":"https:\/\/api.w.org\/{rel}","templated":true}]}}