{"id":10447,"date":"2023-06-04T23:45:47","date_gmt":"2023-06-04T23:45:47","guid":{"rendered":"https:\/\/www.cftestataltarapaca.cl\/inicio\/?page_id=10447"},"modified":"2023-06-04T23:45:47","modified_gmt":"2023-06-04T23:45:47","slug":"supervigilancia-cned","status":"publish","type":"page","link":"https:\/\/www.cftestataltarapaca.cl\/inicio\/aseguramiento-calidad\/supervigilancia-cned\/","title":{"rendered":"Proceso de Supervigilancia"},"content":{"rendered":"[vc_row type=\u00bbfull_width_background\u00bb full_screen_row_position=\u00bbmiddle\u00bb bg_image=\u00bb9834&#8243; background_image_mobile_hidden=\u00bbtrue\u00bb bg_position=\u00bbleft top\u00bb bg_repeat=\u00bbno-repeat\u00bb bg_color=\u00bb#46b1d6&#8243; scene_position=\u00bbcenter\u00bb text_color=\u00bblight\u00bb text_align=\u00bbleft\u00bb overlay_strength=\u00bb0.3&#8243; shape_divider_position=\u00bbbottom\u00bb shape_type=\u00bb\u00bb][vc_column column_padding=\u00bbno-extra-padding\u00bb column_padding_position=\u00bball\u00bb background_color_opacity=\u00bb1&#8243; background_hover_color_opacity=\u00bb1&#8243; column_shadow=\u00bbnone\u00bb column_border_radius=\u00bbnone\u00bb top_margin=\u00bb20&#8243; bottom_margin=\u00bb20&#8243; width=\u00bb1\/1&#8243; tablet_text_alignment=\u00bbdefault\u00bb phone_text_alignment=\u00bbdefault\u00bb column_border_width=\u00bbnone\u00bb column_border_style=\u00bbsolid\u00bb][vc_column_text css=\u00bb.vc_custom_1685922215849{padding-top: 35px !important;}\u00bb]\n<h2 style=\"text-align: center;\"><strong>PROCESO SUPERVIGILANCIA <\/strong><\/h2>\n<p style=\"text-align: center;\">REALIZADO POR CONSEJO NACIONAL DE EDUCACI\u00d3N (CNED)<\/p>\n[\/vc_column_text][\/vc_column][\/vc_row][vc_row type=\u00bbin_container\u00bb full_screen_row_position=\u00bbmiddle\u00bb scene_position=\u00bbcenter\u00bb text_color=\u00bbdark\u00bb text_align=\u00bbleft\u00bb overlay_strength=\u00bb0.3&#8243; shape_divider_position=\u00bbbottom\u00bb][vc_column column_padding=\u00bbno-extra-padding\u00bb column_padding_position=\u00bball\u00bb background_color_opacity=\u00bb1&#8243; background_hover_color_opacity=\u00bb1&#8243; column_shadow=\u00bbnone\u00bb column_border_radius=\u00bbnone\u00bb width=\u00bb1\/1&#8243; tablet_text_alignment=\u00bbdefault\u00bb phone_text_alignment=\u00bbdefault\u00bb column_border_width=\u00bbnone\u00bb column_border_style=\u00bbsolid\u00bb]<div class=\"divider-wrap\"><div style=\"margin-top: 12px; height: 1px; margin-bottom: 12px;\" data-width=\"100%\" data-animate=\"\" data-animation-delay=\"\" data-color=\"default\" class=\"divider-border\"><\/div><\/div>[\/vc_column][\/vc_row][vc_row type=\u00bbin_container\u00bb full_screen_row_position=\u00bbmiddle\u00bb scene_position=\u00bbcenter\u00bb text_color=\u00bbdark\u00bb text_align=\u00bbleft\u00bb overlay_strength=\u00bb0.3&#8243; shape_divider_position=\u00bbbottom\u00bb][vc_column column_padding=\u00bbno-extra-padding\u00bb column_padding_position=\u00bball\u00bb background_color_opacity=\u00bb1&#8243; background_hover_color_opacity=\u00bb1&#8243; column_shadow=\u00bbnone\u00bb column_border_radius=\u00bbnone\u00bb width=\u00bb1\/1&#8243; tablet_text_alignment=\u00bbdefault\u00bb phone_text_alignment=\u00bbdefault\u00bb column_border_width=\u00bbnone\u00bb column_border_style=\u00bbsolid\u00bb][vc_column_text]\n<div style=\"font-size: 11px;\"><a href=\"https:\/\/www.cftestataltarapaca.cl\/inicio\/\">Inicio<\/a> \/ <a href=\"https:\/\/www.cftestataltarapaca.cl\/inicio\/aseguramiento-calidad\/\">Aseguramiento de la Calidad<\/a> \/ Proceso supervigilancia realizado por Consejo Nacional de Educaci\u00f3n (CNED)<\/div>\n[\/vc_column_text][\/vc_column][\/vc_row][vc_row type=\u00bbin_container\u00bb full_screen_row_position=\u00bbmiddle\u00bb scene_position=\u00bbcenter\u00bb text_color=\u00bbdark\u00bb text_align=\u00bbleft\u00bb overlay_strength=\u00bb0.3&#8243; shape_divider_position=\u00bbbottom\u00bb][vc_column column_padding=\u00bbno-extra-padding\u00bb column_padding_position=\u00bball\u00bb background_color_opacity=\u00bb1&#8243; background_hover_color_opacity=\u00bb1&#8243; column_shadow=\u00bbnone\u00bb column_border_radius=\u00bbnone\u00bb width=\u00bb1\/1&#8243; tablet_text_alignment=\u00bbdefault\u00bb phone_text_alignment=\u00bbdefault\u00bb column_border_width=\u00bbnone\u00bb column_border_style=\u00bbsolid\u00bb][vc_column_text]\n<p style=\"text-align: justify;\"><button id=\"bb1\" type=\"button\" value=\"Play\" class=\"responsivevoice-button\" title=\"ResponsiveVoice Tap to Start\/Stop Speech\"><span>&#128266; Escuchar<\/span><\/button>\n        <script>\n            bb1.onclick = function(){\n                if(responsiveVoice.isPlaying()){\n                    responsiveVoice.cancel();\n                }else{\n                    responsiveVoice.speak(\"Este proceso que es realizado por el Consejo nacional de educaci\u00f3n (CNED) consiste en la supervisi\u00f3n de la implementaci\u00f3n del proyecto de desarrollo institucional y la evaluaci\u00f3n de su avance y concreci\u00f3n a trav\u00e9s de un conjunto de variables significativas de desarrollo. Los criterios est\u00e1n divididos en tres \u00e1reas: en el \u00e1rea de \u201cgesti\u00f3n institucional\u201d, los criterios son \u201cplanificaci\u00f3n y desarrollo del proyecto institucional\u201d; \u201cadministraci\u00f3n institucional\u201d; \u201cservicios de apoyo\u201d y \u201cvinculaci\u00f3n con el medio\u201d. En el \u00e1rea \u201cproceso formativo\u201d los criterios son \u201ccarreras\u201d, \u201cprofesores\u201d y \u201cestudiantes\u201d. Por \u00faltimo, en el \u00e1rea de \u201cresultados\u201d, los criterios son \u201cegresados\u201d y \u201csustentabilidad\u201d. Es un proceso continuo de periodicidad anual y se mantiene hasta que el CFT decide presentarse a la acreditaci\u00f3n ante la Comisi\u00f3n Nacional de Acreditaci\u00f3n (CNA). El CNED emite informes anuales de retroalimentaci\u00f3n al CFT y al Ministerio de Educaci\u00f3n (MINEDUC) formulando las observaciones que estime pertinente. Si el CFT no subsana las observaciones oportunamente, el CNED puede suspender el ingreso de nuevos estudiantes El CFT Estatal de la Regi\u00f3n de Tarapac\u00e1 ha enfrentado dos procesos de supervigilancia: El primero fue en noviembre del a\u00f1o 2020 que tuvo como fin monitorear la implementaci\u00f3n del Proyecto de Desarrollo Institucional (PDI) mediante actividades participativas destinadas a contribuir al aprendizaje, el desarrollo de capacidades institucionales para la mejora continua y retroalimentar al equipo directivo sobre la implementaci\u00f3n. El segundo se realiz\u00f3 en mayo del a\u00f1o 2021 y tuvo como objetivo principal revisar con los actores institucionales los avances con respecto a las observaciones realizadas en la primera actividad de supervigilancia, revisar los principales avances que presenta el PDI, para recolectar informaci\u00f3n de car\u00e1cter experiencial o que requiere de informantes claves y retroalimentar sobre la marcha del desarrollo institucional. En el transcurso del mes de junio, se realizar\u00e1 la tercera actividad de supervigilancia por parte del CNED, lo cual brindar\u00e1 al CFT la oportunidad de mostrar mejoras y avances significativos en su gesti\u00f3n. Esta evaluaci\u00f3n ser\u00e1 un testimonio claro de que la instituci\u00f3n se encuentra en una etapa de mejora continua de sus procesos, impulsada por la consolidaci\u00f3n de una cultura de trabajo enfocada en la excelencia. Cabe destacar que esta evoluci\u00f3n ha sido favorecida por la valiosa retroalimentaci\u00f3n brindada por el CNED de manera constante.\", \"Spanish Latin American Female\");\n                }\n            };\n        <\/script>\n    \n<p style=\"text-align: justify;\">Este proceso que es realizado por el Consejo nacional de educaci\u00f3n (CNED) consiste en la supervisi\u00f3n de la implementaci\u00f3n del proyecto de desarrollo institucional y la evaluaci\u00f3n de su avance y concreci\u00f3n a trav\u00e9s de un conjunto de variables significativas de desarrollo. Los criterios est\u00e1n divididos en tres \u00e1reas: en el \u00e1rea de \u201cgesti\u00f3n institucional\u201d, los criterios son \u201cplanificaci\u00f3n y desarrollo del proyecto institucional\u201d; \u201cadministraci\u00f3n institucional\u201d; \u201cservicios de apoyo\u201d y \u201cvinculaci\u00f3n con el medio\u201d. En el \u00e1rea \u201cproceso formativo\u201d los criterios son \u201ccarreras\u201d, \u201cprofesores\u201d y \u201cestudiantes\u201d. Por \u00faltimo, en el \u00e1rea de \u201cresultados\u201d, los criterios son \u201cegresados\u201d y \u201csustentabilidad\u201d.<\/p>\n<p style=\"text-align: justify;\">Es un proceso continuo de periodicidad anual y se mantiene hasta que el CFT decide presentarse a la acreditaci\u00f3n ante la Comisi\u00f3n Nacional de Acreditaci\u00f3n (CNA).<\/p>\n<p style=\"text-align: justify;\">El CNED emite informes anuales de retroalimentaci\u00f3n al CFT y al Ministerio de Educaci\u00f3n (MINEDUC) formulando las observaciones que estime pertinente. Si el CFT no subsana las observaciones oportunamente, el CNED puede suspender el ingreso de nuevos estudiantes<\/p>\n<p style=\"text-align: justify;\"><strong>El CFT Estatal de la Regi\u00f3n de Tarapac\u00e1 ha enfrentado dos procesos de supervigilancia:<\/strong><\/p>\n<ul style=\"text-align: justify;\">\n<li>El primero fue en noviembre del a\u00f1o 2020 que tuvo como fin monitorear la implementaci\u00f3n del Proyecto de Desarrollo Institucional (PDI) mediante actividades participativas destinadas a contribuir al aprendizaje, el desarrollo de capacidades institucionales para la mejora continua y retroalimentar al equipo directivo sobre la implementaci\u00f3n.<\/li>\n<li>El segundo se realiz\u00f3 en mayo del a\u00f1o 2021 y tuvo como objetivo principal revisar con los actores institucionales los avances con respecto a las observaciones realizadas en la primera actividad de supervigilancia, revisar los principales avances que presenta el PDI, para recolectar informaci\u00f3n de car\u00e1cter experiencial o que requiere de informantes claves y retroalimentar sobre la marcha del desarrollo institucional.<\/li>\n<\/ul>\n<p style=\"text-align: justify;\">En el transcurso del mes de junio, se realizar\u00e1 la tercera actividad de supervigilancia por parte del CNED, lo cual brindar\u00e1 al CFT la oportunidad de mostrar mejoras y avances significativos en su gesti\u00f3n. Esta evaluaci\u00f3n ser\u00e1 un testimonio claro de que la instituci\u00f3n se encuentra en una etapa de mejora continua de sus procesos, impulsada por la consolidaci\u00f3n de una cultura de trabajo enfocada en la excelencia. Cabe destacar que esta evoluci\u00f3n ha sido favorecida por la valiosa retroalimentaci\u00f3n brindada por el CNED de manera constante.<\/p>\n<p style=\"text-align: justify;\">\n[\/vc_column_text][\/vc_column][\/vc_row]\n","protected":false},"excerpt":{"rendered":"<p>[vc_row type=\u00bbfull_width_background\u00bb full_screen_row_position=\u00bbmiddle\u00bb bg_image=\u00bb9834&#8243; background_image_mobile_hidden=\u00bbtrue\u00bb bg_position=\u00bbleft top\u00bb bg_repeat=\u00bbno-repeat\u00bb bg_color=\u00bb#46b1d6&#8243; scene_position=\u00bbcenter\u00bb text_color=\u00bblight\u00bb text_align=\u00bbleft\u00bb overlay_strength=\u00bb0.3&#8243; shape_divider_position=\u00bbbottom\u00bb shape_type=\u00bb\u00bb][vc_column column_padding=\u00bbno-extra-padding\u00bb column_padding_position=\u00bball\u00bb background_color_opacity=\u00bb1&#8243; background_hover_color_opacity=\u00bb1&#8243; column_shadow=\u00bbnone\u00bb column_border_radius=\u00bbnone\u00bb top_margin=\u00bb20&#8243; bottom_margin=\u00bb20&#8243; width=\u00bb1\/1&#8243; tablet_text_alignment=\u00bbdefault\u00bb phone_text_alignment=\u00bbdefault\u00bb column_border_width=\u00bbnone\u00bb column_border_style=\u00bbsolid\u00bb][vc_column_text css=\u00bb.vc_custom_1685922215849{padding-top: 35px&#8230;<\/p>\n","protected":false},"author":1,"featured_media":0,"parent":10412,"menu_order":0,"comment_status":"open","ping_status":"open","template":"","meta":{"_joinchat":[],"footnotes":""},"class_list":["post-10447","page","type-page","status-publish","hentry"],"yoast_head":"<!-- This site is optimized with the Yoast SEO plugin v27.3 - https:\/\/yoast.com\/product\/yoast-seo-wordpress\/ -->\n<title>Proceso de Supervigilancia - CFT Estatal Tarapac\u00e1<\/title>\n<meta name=\"robots\" content=\"index, follow, max-snippet:-1, max-image-preview:large, max-video-preview:-1\" \/>\n<link rel=\"canonical\" href=\"https:\/\/www.cftestataltarapaca.cl\/inicio\/aseguramiento-calidad\/supervigilancia-cned\/\" \/>\n<meta property=\"og:locale\" content=\"es_ES\" \/>\n<meta property=\"og:type\" content=\"article\" \/>\n<meta property=\"og:title\" content=\"Proceso de Supervigilancia - CFT Estatal Tarapac\u00e1\" \/>\n<meta property=\"og:description\" content=\"[vc_row type=\u00bbfull_width_background\u00bb full_screen_row_position=\u00bbmiddle\u00bb bg_image=\u00bb9834&#8243; background_image_mobile_hidden=\u00bbtrue\u00bb bg_position=\u00bbleft top\u00bb bg_repeat=\u00bbno-repeat\u00bb bg_color=\u00bb#46b1d6&#8243; scene_position=\u00bbcenter\u00bb text_color=\u00bblight\u00bb text_align=\u00bbleft\u00bb overlay_strength=\u00bb0.3&#8243; shape_divider_position=\u00bbbottom\u00bb shape_type=\u00bb\u00bb][vc_column column_padding=\u00bbno-extra-padding\u00bb column_padding_position=\u00bball\u00bb background_color_opacity=\u00bb1&#8243; background_hover_color_opacity=\u00bb1&#8243; column_shadow=\u00bbnone\u00bb column_border_radius=\u00bbnone\u00bb top_margin=\u00bb20&#8243; bottom_margin=\u00bb20&#8243; width=\u00bb1\/1&#8243; tablet_text_alignment=\u00bbdefault\u00bb phone_text_alignment=\u00bbdefault\u00bb column_border_width=\u00bbnone\u00bb column_border_style=\u00bbsolid\u00bb][vc_column_text css=\u00bb.vc_custom_1685922215849{padding-top: 35px...\" \/>\n<meta property=\"og:url\" content=\"https:\/\/www.cftestataltarapaca.cl\/inicio\/aseguramiento-calidad\/supervigilancia-cned\/\" \/>\n<meta property=\"og:site_name\" content=\"CFT Estatal Tarapac\u00e1\" \/>\n<meta property=\"article:publisher\" content=\"https:\/\/www.facebook.com\/CFTestataltarapaca\/\" \/>\n<meta name=\"twitter:card\" content=\"summary_large_image\" \/>\n<meta name=\"twitter:site\" content=\"@CFTesTarapaca\" \/>\n<meta name=\"twitter:label1\" content=\"Tiempo de lectura\" \/>\n\t<meta name=\"twitter:data1\" content=\"3 minutos\" \/>\n<script type=\"application\/ld+json\" class=\"yoast-schema-graph\">{\"@context\":\"https:\\\/\\\/schema.org\",\"@graph\":[{\"@type\":\"WebPage\",\"@id\":\"https:\\\/\\\/www.cftestataltarapaca.cl\\\/inicio\\\/aseguramiento-calidad\\\/supervigilancia-cned\\\/\",\"url\":\"https:\\\/\\\/www.cftestataltarapaca.cl\\\/inicio\\\/aseguramiento-calidad\\\/supervigilancia-cned\\\/\",\"name\":\"Proceso de Supervigilancia - CFT Estatal Tarapac\u00e1\",\"isPartOf\":{\"@id\":\"https:\\\/\\\/www.cftestataltarapaca.cl\\\/inicio\\\/#website\"},\"datePublished\":\"2023-06-04T23:45:47+00:00\",\"breadcrumb\":{\"@id\":\"https:\\\/\\\/www.cftestataltarapaca.cl\\\/inicio\\\/aseguramiento-calidad\\\/supervigilancia-cned\\\/#breadcrumb\"},\"inLanguage\":\"es\",\"potentialAction\":[{\"@type\":\"ReadAction\",\"target\":[\"https:\\\/\\\/www.cftestataltarapaca.cl\\\/inicio\\\/aseguramiento-calidad\\\/supervigilancia-cned\\\/\"]}]},{\"@type\":\"BreadcrumbList\",\"@id\":\"https:\\\/\\\/www.cftestataltarapaca.cl\\\/inicio\\\/aseguramiento-calidad\\\/supervigilancia-cned\\\/#breadcrumb\",\"itemListElement\":[{\"@type\":\"ListItem\",\"position\":1,\"name\":\"Portada\",\"item\":\"https:\\\/\\\/www.cftestataltarapaca.cl\\\/inicio\\\/\"},{\"@type\":\"ListItem\",\"position\":2,\"name\":\"Aseguramiento de la Calidad\",\"item\":\"https:\\\/\\\/www.cftestataltarapaca.cl\\\/inicio\\\/aseguramiento-calidad\\\/\"},{\"@type\":\"ListItem\",\"position\":3,\"name\":\"Proceso de Supervigilancia\"}]},{\"@type\":\"WebSite\",\"@id\":\"https:\\\/\\\/www.cftestataltarapaca.cl\\\/inicio\\\/#website\",\"url\":\"https:\\\/\\\/www.cftestataltarapaca.cl\\\/inicio\\\/\",\"name\":\"CFT Estatal Tarapac\u00e1\",\"description\":\"Admisi\u00f3n 2025\",\"publisher\":{\"@id\":\"https:\\\/\\\/www.cftestataltarapaca.cl\\\/inicio\\\/#organization\"},\"potentialAction\":[{\"@type\":\"SearchAction\",\"target\":{\"@type\":\"EntryPoint\",\"urlTemplate\":\"https:\\\/\\\/www.cftestataltarapaca.cl\\\/inicio\\\/?s={search_term_string}\"},\"query-input\":{\"@type\":\"PropertyValueSpecification\",\"valueRequired\":true,\"valueName\":\"search_term_string\"}}],\"inLanguage\":\"es\"},{\"@type\":\"Organization\",\"@id\":\"https:\\\/\\\/www.cftestataltarapaca.cl\\\/inicio\\\/#organization\",\"name\":\"CFT Estatal Tarapac\u00e1\",\"url\":\"https:\\\/\\\/www.cftestataltarapaca.cl\\\/inicio\\\/\",\"logo\":{\"@type\":\"ImageObject\",\"inLanguage\":\"es\",\"@id\":\"https:\\\/\\\/www.cftestataltarapaca.cl\\\/inicio\\\/#\\\/schema\\\/logo\\\/image\\\/\",\"url\":\"https:\\\/\\\/www.cftestataltarapaca.cl\\\/inicio\\\/wp-content\\\/uploads\\\/2019\\\/03\\\/logo-retina-1.png\",\"contentUrl\":\"https:\\\/\\\/www.cftestataltarapaca.cl\\\/inicio\\\/wp-content\\\/uploads\\\/2019\\\/03\\\/logo-retina-1.png\",\"width\":401,\"height\":150,\"caption\":\"CFT Estatal Tarapac\u00e1\"},\"image\":{\"@id\":\"https:\\\/\\\/www.cftestataltarapaca.cl\\\/inicio\\\/#\\\/schema\\\/logo\\\/image\\\/\"},\"sameAs\":[\"https:\\\/\\\/www.facebook.com\\\/CFTestataltarapaca\\\/\",\"https:\\\/\\\/x.com\\\/CFTesTarapaca\",\"https:\\\/\\\/www.instagram.com\\\/CFTestataltarapaca\\\/\"]}]}<\/script>\n<!-- \/ Yoast SEO plugin. -->","yoast_head_json":{"title":"Proceso de Supervigilancia - CFT Estatal Tarapac\u00e1","robots":{"index":"index","follow":"follow","max-snippet":"max-snippet:-1","max-image-preview":"max-image-preview:large","max-video-preview":"max-video-preview:-1"},"canonical":"https:\/\/www.cftestataltarapaca.cl\/inicio\/aseguramiento-calidad\/supervigilancia-cned\/","og_locale":"es_ES","og_type":"article","og_title":"Proceso de Supervigilancia - CFT Estatal Tarapac\u00e1","og_description":"[vc_row type=\u00bbfull_width_background\u00bb full_screen_row_position=\u00bbmiddle\u00bb bg_image=\u00bb9834&#8243; background_image_mobile_hidden=\u00bbtrue\u00bb bg_position=\u00bbleft top\u00bb bg_repeat=\u00bbno-repeat\u00bb bg_color=\u00bb#46b1d6&#8243; scene_position=\u00bbcenter\u00bb text_color=\u00bblight\u00bb text_align=\u00bbleft\u00bb overlay_strength=\u00bb0.3&#8243; shape_divider_position=\u00bbbottom\u00bb shape_type=\u00bb\u00bb][vc_column column_padding=\u00bbno-extra-padding\u00bb column_padding_position=\u00bball\u00bb background_color_opacity=\u00bb1&#8243; background_hover_color_opacity=\u00bb1&#8243; column_shadow=\u00bbnone\u00bb column_border_radius=\u00bbnone\u00bb top_margin=\u00bb20&#8243; bottom_margin=\u00bb20&#8243; width=\u00bb1\/1&#8243; tablet_text_alignment=\u00bbdefault\u00bb phone_text_alignment=\u00bbdefault\u00bb column_border_width=\u00bbnone\u00bb column_border_style=\u00bbsolid\u00bb][vc_column_text css=\u00bb.vc_custom_1685922215849{padding-top: 35px...","og_url":"https:\/\/www.cftestataltarapaca.cl\/inicio\/aseguramiento-calidad\/supervigilancia-cned\/","og_site_name":"CFT Estatal Tarapac\u00e1","article_publisher":"https:\/\/www.facebook.com\/CFTestataltarapaca\/","twitter_card":"summary_large_image","twitter_site":"@CFTesTarapaca","twitter_misc":{"Tiempo de lectura":"3 minutos"},"schema":{"@context":"https:\/\/schema.org","@graph":[{"@type":"WebPage","@id":"https:\/\/www.cftestataltarapaca.cl\/inicio\/aseguramiento-calidad\/supervigilancia-cned\/","url":"https:\/\/www.cftestataltarapaca.cl\/inicio\/aseguramiento-calidad\/supervigilancia-cned\/","name":"Proceso de Supervigilancia - CFT Estatal Tarapac\u00e1","isPartOf":{"@id":"https:\/\/www.cftestataltarapaca.cl\/inicio\/#website"},"datePublished":"2023-06-04T23:45:47+00:00","breadcrumb":{"@id":"https:\/\/www.cftestataltarapaca.cl\/inicio\/aseguramiento-calidad\/supervigilancia-cned\/#breadcrumb"},"inLanguage":"es","potentialAction":[{"@type":"ReadAction","target":["https:\/\/www.cftestataltarapaca.cl\/inicio\/aseguramiento-calidad\/supervigilancia-cned\/"]}]},{"@type":"BreadcrumbList","@id":"https:\/\/www.cftestataltarapaca.cl\/inicio\/aseguramiento-calidad\/supervigilancia-cned\/#breadcrumb","itemListElement":[{"@type":"ListItem","position":1,"name":"Portada","item":"https:\/\/www.cftestataltarapaca.cl\/inicio\/"},{"@type":"ListItem","position":2,"name":"Aseguramiento de la Calidad","item":"https:\/\/www.cftestataltarapaca.cl\/inicio\/aseguramiento-calidad\/"},{"@type":"ListItem","position":3,"name":"Proceso de Supervigilancia"}]},{"@type":"WebSite","@id":"https:\/\/www.cftestataltarapaca.cl\/inicio\/#website","url":"https:\/\/www.cftestataltarapaca.cl\/inicio\/","name":"CFT Estatal Tarapac\u00e1","description":"Admisi\u00f3n 2025","publisher":{"@id":"https:\/\/www.cftestataltarapaca.cl\/inicio\/#organization"},"potentialAction":[{"@type":"SearchAction","target":{"@type":"EntryPoint","urlTemplate":"https:\/\/www.cftestataltarapaca.cl\/inicio\/?s={search_term_string}"},"query-input":{"@type":"PropertyValueSpecification","valueRequired":true,"valueName":"search_term_string"}}],"inLanguage":"es"},{"@type":"Organization","@id":"https:\/\/www.cftestataltarapaca.cl\/inicio\/#organization","name":"CFT Estatal Tarapac\u00e1","url":"https:\/\/www.cftestataltarapaca.cl\/inicio\/","logo":{"@type":"ImageObject","inLanguage":"es","@id":"https:\/\/www.cftestataltarapaca.cl\/inicio\/#\/schema\/logo\/image\/","url":"https:\/\/www.cftestataltarapaca.cl\/inicio\/wp-content\/uploads\/2019\/03\/logo-retina-1.png","contentUrl":"https:\/\/www.cftestataltarapaca.cl\/inicio\/wp-content\/uploads\/2019\/03\/logo-retina-1.png","width":401,"height":150,"caption":"CFT Estatal Tarapac\u00e1"},"image":{"@id":"https:\/\/www.cftestataltarapaca.cl\/inicio\/#\/schema\/logo\/image\/"},"sameAs":["https:\/\/www.facebook.com\/CFTestataltarapaca\/","https:\/\/x.com\/CFTesTarapaca","https:\/\/www.instagram.com\/CFTestataltarapaca\/"]}]}},"publishpress_future_workflow_manual_trigger":{"enabledWorkflows":[]},"_links":{"self":[{"href":"https:\/\/www.cftestataltarapaca.cl\/inicio\/wp-json\/wp\/v2\/pages\/10447","targetHints":{"allow":["GET"]}}],"collection":[{"href":"https:\/\/www.cftestataltarapaca.cl\/inicio\/wp-json\/wp\/v2\/pages"}],"about":[{"href":"https:\/\/www.cftestataltarapaca.cl\/inicio\/wp-json\/wp\/v2\/types\/page"}],"author":[{"embeddable":true,"href":"https:\/\/www.cftestataltarapaca.cl\/inicio\/wp-json\/wp\/v2\/users\/1"}],"replies":[{"embeddable":true,"href":"https:\/\/www.cftestataltarapaca.cl\/inicio\/wp-json\/wp\/v2\/comments?post=10447"}],"version-history":[{"count":2,"href":"https:\/\/www.cftestataltarapaca.cl\/inicio\/wp-json\/wp\/v2\/pages\/10447\/revisions"}],"predecessor-version":[{"id":10449,"href":"https:\/\/www.cftestataltarapaca.cl\/inicio\/wp-json\/wp\/v2\/pages\/10447\/revisions\/10449"}],"up":[{"embeddable":true,"href":"https:\/\/www.cftestataltarapaca.cl\/inicio\/wp-json\/wp\/v2\/pages\/10412"}],"wp:attachment":[{"href":"https:\/\/www.cftestataltarapaca.cl\/inicio\/wp-json\/wp\/v2\/media?parent=10447"}],"curies":[{"name":"wp","href":"https:\/\/api.w.org\/{rel}","templated":true}]}}