{"id":1516,"date":"2019-04-09T20:38:08","date_gmt":"2019-04-09T20:38:08","guid":{"rendered":"http:\/\/www.cftestataltarapaca.cl\/inicio\/?page_id=1516"},"modified":"2024-10-30T15:08:14","modified_gmt":"2024-10-30T18:08:14","slug":"guia-telefonica","status":"publish","type":"page","link":"https:\/\/www.cftestataltarapaca.cl\/inicio\/guia-telefonica\/","title":{"rendered":"Gu\u00eda Telef\u00f3nica"},"content":{"rendered":"[vc_row type=\u00bbin_container\u00bb full_screen_row_position=\u00bbmiddle\u00bb scene_position=\u00bbcenter\u00bb text_color=\u00bbdark\u00bb text_align=\u00bbleft\u00bb overlay_strength=\u00bb0.3&#8243; shape_divider_position=\u00bbbottom\u00bb][vc_column column_padding=\u00bbno-extra-padding\u00bb column_padding_position=\u00bball\u00bb background_color_opacity=\u00bb1&#8243; background_hover_color_opacity=\u00bb1&#8243; column_shadow=\u00bbnone\u00bb column_border_radius=\u00bbnone\u00bb width=\u00bb1\/1&#8243; tablet_text_alignment=\u00bbdefault\u00bb phone_text_alignment=\u00bbdefault\u00bb column_border_width=\u00bbnone\u00bb column_border_style=\u00bbsolid\u00bb]<div class=\"divider-wrap\"><div style=\"margin-top: 12px; height: 1px; margin-bottom: 12px;\" data-width=\"100%\" data-animate=\"\" data-animation-delay=\"\" data-color=\"default\" class=\"divider-border\"><\/div><\/div>[\/vc_column][\/vc_row][vc_row type=\u00bbin_container\u00bb full_screen_row_position=\u00bbmiddle\u00bb scene_position=\u00bbcenter\u00bb text_color=\u00bbdark\u00bb text_align=\u00bbleft\u00bb bottom_padding=\u00bb40&#8243; overlay_strength=\u00bb0.3&#8243; shape_divider_position=\u00bbbottom\u00bb shape_type=\u00bb\u00bb][vc_column column_padding=\u00bbno-extra-padding\u00bb column_padding_position=\u00bball\u00bb background_color_opacity=\u00bb1&#8243; background_hover_color_opacity=\u00bb1&#8243; column_shadow=\u00bbnone\u00bb column_border_radius=\u00bbnone\u00bb width=\u00bb1\/2&#8243; tablet_text_alignment=\u00bbdefault\u00bb phone_text_alignment=\u00bbdefault\u00bb column_border_width=\u00bbnone\u00bb column_border_style=\u00bbsolid\u00bb]<div class=\"img-with-aniamtion-wrap \" data-max-width=\"100%\" data-border-radius=\"none\"><div class=\"inner\"><img loading=\"lazy\" decoding=\"async\" data-shadow=\"none\" data-shadow-direction=\"middle\" class=\"img-with-animation \" data-delay=\"0\" height=\"804\" width=\"1280\" data-animation=\"fade-in\" src=\"https:\/\/www.cftestataltarapaca.cl\/inicio\/wp-content\/uploads\/2021\/08\/76354.jpg\" srcset=\"https:\/\/www.cftestataltarapaca.cl\/inicio\/wp-content\/uploads\/2021\/08\/76354.jpg 1280w, https:\/\/www.cftestataltarapaca.cl\/inicio\/wp-content\/uploads\/2021\/08\/76354-300x188.jpg 300w, https:\/\/www.cftestataltarapaca.cl\/inicio\/wp-content\/uploads\/2021\/08\/76354-1024x643.jpg 1024w, https:\/\/www.cftestataltarapaca.cl\/inicio\/wp-content\/uploads\/2021\/08\/76354-768x482.jpg 768w\" sizes=\"auto, 100vw\" alt=\"\" \/><\/div><\/div>[\/vc_column][vc_column column_padding=\u00bbno-extra-padding\u00bb column_padding_position=\u00bball\u00bb background_color_opacity=\u00bb1&#8243; background_hover_color_opacity=\u00bb1&#8243; column_shadow=\u00bbnone\u00bb column_border_radius=\u00bbnone\u00bb width=\u00bb1\/2&#8243; tablet_text_alignment=\u00bbdefault\u00bb phone_text_alignment=\u00bbdefault\u00bb column_border_width=\u00bbnone\u00bb column_border_style=\u00bbsolid\u00bb][vc_column_text]\n<h2>Unidades \/ Oficinas<\/h2>\n<p>&nbsp;<\/p>\n<table width=\"100%\">\n<tbody>\n<tr>\n<td width=\"50%\"><strong>UNIDAD<\/strong><\/td>\n<td><strong>TEL\u00c9FONO<\/strong><\/td>\n<\/tr>\n<tr>\n<td>Equipo de Admisi\u00f3n<\/td>\n<td><a href=\"tel:572-267570\">572-267570<\/a> | <a href=\"tel:572267574\">572-267574<\/a><\/td>\n<\/tr>\n<tr>\n<td>Equipo de Bienestar Estudiantil<\/td>\n<td><a href=\"tel:572267571\">572-267571<\/a> | <a href=\"tel:572267572\">572-267572<\/a><\/td>\n<\/tr>\n<tr>\n<td>Programaci\u00f3n y Registro Acad\u00e9mico<\/td>\n<td><a href=\"tel:572267577\">572-267577<\/a> | <a href=\"tel:572267579\">572-267579<\/a><\/td>\n<\/tr>\n<tr>\n<td>Vinculaci\u00f3n y Relaciones Institucionales<\/td>\n<td><em><a href=\"tel:572267791\">572-267791<\/a><\/em><\/td>\n<\/tr>\n<tr>\n<td>Pr\u00e1cticas Laborales y Empleabilidad<\/td>\n<td><a href=\"tel:572267577\">572-267577<\/a><\/td>\n<\/tr>\n<\/tbody>\n<\/table>\n[\/vc_column_text][\/vc_column][\/vc_row][vc_row type=\u00bbin_container\u00bb full_screen_row_position=\u00bbmiddle\u00bb scene_position=\u00bbcenter\u00bb text_color=\u00bbdark\u00bb text_align=\u00bbleft\u00bb overlay_strength=\u00bb0.3&#8243; shape_divider_position=\u00bbbottom\u00bb][vc_column column_padding=\u00bbno-extra-padding\u00bb column_padding_position=\u00bball\u00bb background_color_opacity=\u00bb1&#8243; background_hover_color_opacity=\u00bb1&#8243; column_shadow=\u00bbnone\u00bb column_border_radius=\u00bbnone\u00bb width=\u00bb1\/1&#8243; tablet_text_alignment=\u00bbdefault\u00bb phone_text_alignment=\u00bbdefault\u00bb column_border_width=\u00bbnone\u00bb column_border_style=\u00bbsolid\u00bb]<div class=\"divider-wrap\"><div style=\"margin-top: 12px; height: 1px; margin-bottom: 12px;\" data-width=\"100%\" data-animate=\"\" data-animation-delay=\"\" data-color=\"default\" class=\"divider-border\"><\/div><\/div>[\/vc_column][\/vc_row][vc_row type=\u00bbin_container\u00bb full_screen_row_position=\u00bbmiddle\u00bb scene_position=\u00bbcenter\u00bb text_color=\u00bbdark\u00bb text_align=\u00bbleft\u00bb top_padding=\u00bb40&#8243; id=\u00bbasistentes-academicos\u00bb overlay_strength=\u00bb0.3&#8243; shape_divider_position=\u00bbbottom\u00bb shape_type=\u00bb\u00bb][vc_column column_padding=\u00bbno-extra-padding\u00bb column_padding_position=\u00bball\u00bb background_color_opacity=\u00bb1&#8243; background_hover_color_opacity=\u00bb1&#8243; column_shadow=\u00bbnone\u00bb column_border_radius=\u00bbnone\u00bb width=\u00bb1\/1&#8243; tablet_text_alignment=\u00bbdefault\u00bb phone_text_alignment=\u00bbdefault\u00bb column_border_width=\u00bbnone\u00bb column_border_style=\u00bbsolid\u00bb][vc_column_text]\n<h2>Asistentes Acad\u00e9micos<\/h2>\n<h3>Jornada Diurna<\/h3>\n<table border=\"1\" width=\"100%\">\n<tbody>\n<tr>\n<td><strong>CARRERAS<\/strong><\/td>\n<td><strong>NOMBRE<\/strong><\/td>\n<td><strong>CORREO<\/strong><\/td>\n<td><strong>TEL\u00c9FONO<\/strong><\/td>\n<\/tr>\n<tr>\n<td>&#8211; TNS en Administraci\u00f3n Publica<br \/>\n&#8211; TNS en Asistente de la Educaci\u00f3n<br \/>\n&#8211; TNS en Educaci\u00f3n Parvularia<br \/>\n&#8211; TNS en Enfermer\u00eda<br \/>\n&#8211; TNS El\u00e9ctrico en Energ\u00edas Renovables<br \/>\n&#8211; TNS en Log\u00edstica<br \/>\n&#8211; TNS Mec\u00e1nico en Mantenimiento Predictivo<\/td>\n<td>Jefferson Avenda\u00f1o Garc\u00eda<\/td>\n<td><a href=\"mailto:javendano@cftestataltarapaca.cl\">javendano@cftestataltarapaca.cl<\/a><\/td>\n<td><a href=\"tel:57 2 267579\">57 2 267579<\/a><\/td>\n<\/tr>\n<tr>\n<td>&#8211; TNS en Administraci\u00f3n de Empresas<br \/>\n&#8211; TNS en Administraci\u00f3n Publica<br \/>\n&#8211; TNS en Asistente de la Educaci\u00f3n<br \/>\n&#8211; TNS en Educaci\u00f3n Parvularia<br \/>\n&#8211; TNS en Enfermer\u00eda<br \/>\n&#8211; TNS El\u00e9ctrico en Energ\u00edas Renovables<br \/>\n&#8211; TNS en Log\u00edstica<br \/>\n&#8211; TNS Mec\u00e1nico en Mantenimiento Predictivo<\/td>\n<td>Miriam Rojas Herrera<\/td>\n<td><a href=\"mailto:mrojas07@cftestataltarapaca.cl\">mrojas07@cftestataltarapaca.cl<\/a><\/td>\n<td><a href=\"tel:57 2 267577\">57 2 267577<\/a><\/td>\n<\/tr>\n<\/tbody>\n<\/table>\n<h3>Jornada Vespertina<\/h3>\n<table border=\"1\" width=\"100%\">\n<tbody>\n<tr>\n<td valign=\"top\"><strong>CARRERAS<\/strong><\/td>\n<td valign=\"top\"><strong>NOMBRE<\/strong><\/td>\n<td valign=\"top\"><strong>CORREOS<\/strong><\/td>\n<td valign=\"top\"><strong>TEL\u00c9FONO<\/strong><\/td>\n<\/tr>\n<tr>\n<td rowspan=\"3\" valign=\"top\">&#8211; TNS en Administraci\u00f3n de Empresas<br \/>\n&#8211; TNS en Administraci\u00f3n Publica<br \/>\n&#8211; TNS en Asistente de la Educaci\u00f3n<br \/>\n&#8211; TNS en Educaci\u00f3n Parvularia<br \/>\n&#8211; TNS en Enfermer\u00eda<br \/>\n&#8211; TNS El\u00e9ctrico en Energ\u00edas Renovables<br \/>\n&#8211; TNS en Log\u00edstica<br \/>\n&#8211; TNS Mec\u00e1nico en Mantenimiento Predictivo<\/td>\n<td>Iv\u00e1n Riveros Salas<\/td>\n<td><a href=\"mailto:iriveros@cftestataltarapaca.cl\">iriveros@cftestataltarapaca.cl<\/a><\/td>\n<td><a href=\"tel:57 2 267577\">57 2 267577<\/a><\/td>\n<\/tr>\n<tr>\n<td>Ricardo Guajardo Barrientos<\/td>\n<td><a href=\"mailto:rguajardo@cftestataltarapaca.cl\">rguajardo@cftestataltarapaca.cl<\/a><\/td>\n<td><a href=\"tel:57 2 267579\">57 2 267579<\/a><\/td>\n<\/tr>\n<\/tbody>\n<\/table>\n[\/vc_column_text]<div class=\"divider-wrap\"><div style=\"height: 25px;\" class=\"divider\"><\/div><\/div><div class=\"divider-wrap\"><div style=\"margin-top: 12px; height: 1px; margin-bottom: 12px;\" data-width=\"100%\" data-animate=\"\" data-animation-delay=\"\" data-color=\"default\" class=\"divider-border\"><\/div><\/div><div class=\"divider-wrap\"><div style=\"height: 25px;\" class=\"divider\"><\/div><\/div>[vc_column_text]\n<h2>Asistentes de Pr\u00e1cticas Laborales<\/h2>\n<table border=\"1\" width=\"100%\">\n<tbody>\n<tr>\n<td><strong>NOMBRE<\/strong><\/td>\n<td><strong>CORREO<\/strong><\/td>\n<td><strong>TEL\u00c9FONO<\/strong><\/td>\n<\/tr>\n<tr>\n<td>Mar\u00eda Fernanda Pizarro<\/td>\n<td><a href=\"mailto:mpizarro@cftestataltarapaca.cl\">mpizarro@cftestataltarapaca.cl<\/a><\/td>\n<td><a href=\"tel:57 2 267796\">57 2 267796<\/a><\/td>\n<\/tr>\n<\/tbody>\n<\/table>\n[\/vc_column_text]<div class=\"divider-wrap\"><div style=\"height: 25px;\" class=\"divider\"><\/div><\/div><div class=\"divider-wrap\"><div style=\"margin-top: 12px; height: 1px; margin-bottom: 12px;\" data-width=\"100%\" data-animate=\"\" data-animation-delay=\"\" data-color=\"default\" class=\"divider-border\"><\/div><\/div><div class=\"divider-wrap\"><div style=\"height: 25px;\" class=\"divider\"><\/div><\/div>[vc_column_text]\n<h2>Emergencia<\/h2>\n<table width=\"100%\">\n<tbody>\n<tr>\n<td width=\"50%\"><strong>INSTITUCIONES<\/strong><\/td>\n<td><strong>TEL\u00c9FONOS<\/strong><\/td>\n<\/tr>\n<tr>\n<td><em>Bomberos<\/em><\/td>\n<td><a href=\"tel:57 2499390\">57 2499390<\/a><\/td>\n<\/tr>\n<tr>\n<td><em>Carabineros<\/em><\/td>\n<td><a href=\"tel:57 2557156\">57 2557156<\/a><\/td>\n<\/tr>\n<tr>\n<td><em>Carabineros (Plan Cuadrante)<\/em><\/td>\n<td><a href=\"tel:+569 84288864\">+569 84288864<\/a><\/td>\n<\/tr>\n<tr>\n<td><em>Hospital<\/em><\/td>\n<td><a href=\"tel:57 2495700\">57 2495700<\/a><\/td>\n<\/tr>\n<tr>\n<td><em>Defensor\u00eda Asistencia P\u00fablica<\/em><\/td>\n<td><a href=\"tel:57 2495038\">57 2495038<\/a><\/td>\n<\/tr>\n<tr>\n<td><em>Instituto de Seguridad Laboral<\/em><\/td>\n<td><a href=\"tel:+569 62390458\">+569 62390458<\/a><\/td>\n<\/tr>\n<\/tbody>\n<\/table>\n[\/vc_column_text][\/vc_column][\/vc_row]\n","protected":false},"excerpt":{"rendered":"<p>[vc_row type=\u00bbin_container\u00bb full_screen_row_position=\u00bbmiddle\u00bb scene_position=\u00bbcenter\u00bb text_color=\u00bbdark\u00bb text_align=\u00bbleft\u00bb overlay_strength=\u00bb0.3&#8243; shape_divider_position=\u00bbbottom\u00bb][vc_column column_padding=\u00bbno-extra-padding\u00bb column_padding_position=\u00bball\u00bb background_color_opacity=\u00bb1&#8243; background_hover_color_opacity=\u00bb1&#8243; column_shadow=\u00bbnone\u00bb column_border_radius=\u00bbnone\u00bb width=\u00bb1\/1&#8243; tablet_text_alignment=\u00bbdefault\u00bb phone_text_alignment=\u00bbdefault\u00bb column_border_width=\u00bbnone\u00bb column_border_style=\u00bbsolid\u00bb][\/vc_column][\/vc_row][vc_row type=\u00bbin_container\u00bb full_screen_row_position=\u00bbmiddle\u00bb scene_position=\u00bbcenter\u00bb text_color=\u00bbdark\u00bb text_align=\u00bbleft\u00bb bottom_padding=\u00bb40&#8243; overlay_strength=\u00bb0.3&#8243; shape_divider_position=\u00bbbottom\u00bb shape_type=\u00bb\u00bb][vc_column column_padding=\u00bbno-extra-padding\u00bb column_padding_position=\u00bball\u00bb&#8230;<\/p>\n","protected":false},"author":1,"featured_media":0,"parent":0,"menu_order":0,"comment_status":"open","ping_status":"open","template":"","meta":{"_joinchat":[],"footnotes":""},"class_list":["post-1516","page","type-page","status-publish","hentry"],"yoast_head":"<!-- This site is optimized with the Yoast SEO plugin v27.4 - https:\/\/yoast.com\/product\/yoast-seo-wordpress\/ -->\n<title>Gu\u00eda Telef\u00f3nica - CFT Estatal Tarapac\u00e1<\/title>\n<meta name=\"description\" content=\"Ac\u00e1 podr\u00e1n encontrar los n\u00fameros telef\u00f3nicos del Centro de Formaci\u00f3n T\u00e9cnica Estatal de Tarapac\u00e1. #T\u00e9cnicosparaTarapac\u00e1\" \/>\n<meta name=\"robots\" content=\"index, follow, max-snippet:-1, max-image-preview:large, max-video-preview:-1\" \/>\n<link rel=\"canonical\" href=\"https:\/\/www.cftestataltarapaca.cl\/inicio\/guia-telefonica\/\" \/>\n<meta property=\"og:locale\" content=\"es_ES\" \/>\n<meta property=\"og:type\" content=\"article\" \/>\n<meta property=\"og:title\" content=\"Gu\u00eda Telef\u00f3nica - CFT Estatal Tarapac\u00e1\" \/>\n<meta property=\"og:description\" content=\"Ac\u00e1 podr\u00e1n encontrar los n\u00fameros telef\u00f3nicos del Centro de Formaci\u00f3n T\u00e9cnica Estatal de Tarapac\u00e1. #T\u00e9cnicosparaTarapac\u00e1\" \/>\n<meta property=\"og:url\" content=\"https:\/\/www.cftestataltarapaca.cl\/inicio\/guia-telefonica\/\" \/>\n<meta property=\"og:site_name\" content=\"CFT Estatal Tarapac\u00e1\" \/>\n<meta property=\"article:publisher\" content=\"https:\/\/www.facebook.com\/CFTestataltarapaca\/\" \/>\n<meta property=\"article:modified_time\" content=\"2024-10-30T18:08:14+00:00\" \/>\n<meta name=\"twitter:card\" content=\"summary_large_image\" \/>\n<meta name=\"twitter:site\" content=\"@CFTesTarapaca\" \/>\n<meta name=\"twitter:label1\" content=\"Tiempo de lectura\" \/>\n\t<meta name=\"twitter:data1\" content=\"2 minutos\" \/>\n<script type=\"application\/ld+json\" class=\"yoast-schema-graph\">{\"@context\":\"https:\\\/\\\/schema.org\",\"@graph\":[{\"@type\":\"WebPage\",\"@id\":\"https:\\\/\\\/www.cftestataltarapaca.cl\\\/inicio\\\/guia-telefonica\\\/\",\"url\":\"https:\\\/\\\/www.cftestataltarapaca.cl\\\/inicio\\\/guia-telefonica\\\/\",\"name\":\"Gu\u00eda Telef\u00f3nica - CFT Estatal Tarapac\u00e1\",\"isPartOf\":{\"@id\":\"https:\\\/\\\/www.cftestataltarapaca.cl\\\/inicio\\\/#website\"},\"datePublished\":\"2019-04-09T20:38:08+00:00\",\"dateModified\":\"2024-10-30T18:08:14+00:00\",\"description\":\"Ac\u00e1 podr\u00e1n encontrar los n\u00fameros telef\u00f3nicos del Centro de Formaci\u00f3n T\u00e9cnica Estatal de Tarapac\u00e1. #T\u00e9cnicosparaTarapac\u00e1\",\"breadcrumb\":{\"@id\":\"https:\\\/\\\/www.cftestataltarapaca.cl\\\/inicio\\\/guia-telefonica\\\/#breadcrumb\"},\"inLanguage\":\"es\",\"potentialAction\":[{\"@type\":\"ReadAction\",\"target\":[\"https:\\\/\\\/www.cftestataltarapaca.cl\\\/inicio\\\/guia-telefonica\\\/\"]}]},{\"@type\":\"BreadcrumbList\",\"@id\":\"https:\\\/\\\/www.cftestataltarapaca.cl\\\/inicio\\\/guia-telefonica\\\/#breadcrumb\",\"itemListElement\":[{\"@type\":\"ListItem\",\"position\":1,\"name\":\"Portada\",\"item\":\"https:\\\/\\\/www.cftestataltarapaca.cl\\\/inicio\\\/\"},{\"@type\":\"ListItem\",\"position\":2,\"name\":\"Gu\u00eda Telef\u00f3nica\"}]},{\"@type\":\"WebSite\",\"@id\":\"https:\\\/\\\/www.cftestataltarapaca.cl\\\/inicio\\\/#website\",\"url\":\"https:\\\/\\\/www.cftestataltarapaca.cl\\\/inicio\\\/\",\"name\":\"CFT Estatal Tarapac\u00e1\",\"description\":\"Admisi\u00f3n 2025\",\"publisher\":{\"@id\":\"https:\\\/\\\/www.cftestataltarapaca.cl\\\/inicio\\\/#organization\"},\"potentialAction\":[{\"@type\":\"SearchAction\",\"target\":{\"@type\":\"EntryPoint\",\"urlTemplate\":\"https:\\\/\\\/www.cftestataltarapaca.cl\\\/inicio\\\/?s={search_term_string}\"},\"query-input\":{\"@type\":\"PropertyValueSpecification\",\"valueRequired\":true,\"valueName\":\"search_term_string\"}}],\"inLanguage\":\"es\"},{\"@type\":\"Organization\",\"@id\":\"https:\\\/\\\/www.cftestataltarapaca.cl\\\/inicio\\\/#organization\",\"name\":\"CFT Estatal Tarapac\u00e1\",\"url\":\"https:\\\/\\\/www.cftestataltarapaca.cl\\\/inicio\\\/\",\"logo\":{\"@type\":\"ImageObject\",\"inLanguage\":\"es\",\"@id\":\"https:\\\/\\\/www.cftestataltarapaca.cl\\\/inicio\\\/#\\\/schema\\\/logo\\\/image\\\/\",\"url\":\"https:\\\/\\\/www.cftestataltarapaca.cl\\\/inicio\\\/wp-content\\\/uploads\\\/2019\\\/03\\\/logo-retina-1.png\",\"contentUrl\":\"https:\\\/\\\/www.cftestataltarapaca.cl\\\/inicio\\\/wp-content\\\/uploads\\\/2019\\\/03\\\/logo-retina-1.png\",\"width\":401,\"height\":150,\"caption\":\"CFT Estatal Tarapac\u00e1\"},\"image\":{\"@id\":\"https:\\\/\\\/www.cftestataltarapaca.cl\\\/inicio\\\/#\\\/schema\\\/logo\\\/image\\\/\"},\"sameAs\":[\"https:\\\/\\\/www.facebook.com\\\/CFTestataltarapaca\\\/\",\"https:\\\/\\\/x.com\\\/CFTesTarapaca\",\"https:\\\/\\\/www.instagram.com\\\/CFTestataltarapaca\\\/\"]}]}<\/script>\n<!-- \/ Yoast SEO plugin. -->","yoast_head_json":{"title":"Gu\u00eda Telef\u00f3nica - CFT Estatal Tarapac\u00e1","description":"Ac\u00e1 podr\u00e1n encontrar los n\u00fameros telef\u00f3nicos del Centro de Formaci\u00f3n T\u00e9cnica Estatal de Tarapac\u00e1. #T\u00e9cnicosparaTarapac\u00e1","robots":{"index":"index","follow":"follow","max-snippet":"max-snippet:-1","max-image-preview":"max-image-preview:large","max-video-preview":"max-video-preview:-1"},"canonical":"https:\/\/www.cftestataltarapaca.cl\/inicio\/guia-telefonica\/","og_locale":"es_ES","og_type":"article","og_title":"Gu\u00eda Telef\u00f3nica - CFT Estatal Tarapac\u00e1","og_description":"Ac\u00e1 podr\u00e1n encontrar los n\u00fameros telef\u00f3nicos del Centro de Formaci\u00f3n T\u00e9cnica Estatal de Tarapac\u00e1. #T\u00e9cnicosparaTarapac\u00e1","og_url":"https:\/\/www.cftestataltarapaca.cl\/inicio\/guia-telefonica\/","og_site_name":"CFT Estatal Tarapac\u00e1","article_publisher":"https:\/\/www.facebook.com\/CFTestataltarapaca\/","article_modified_time":"2024-10-30T18:08:14+00:00","twitter_card":"summary_large_image","twitter_site":"@CFTesTarapaca","twitter_misc":{"Tiempo de lectura":"2 minutos"},"schema":{"@context":"https:\/\/schema.org","@graph":[{"@type":"WebPage","@id":"https:\/\/www.cftestataltarapaca.cl\/inicio\/guia-telefonica\/","url":"https:\/\/www.cftestataltarapaca.cl\/inicio\/guia-telefonica\/","name":"Gu\u00eda Telef\u00f3nica - CFT Estatal Tarapac\u00e1","isPartOf":{"@id":"https:\/\/www.cftestataltarapaca.cl\/inicio\/#website"},"datePublished":"2019-04-09T20:38:08+00:00","dateModified":"2024-10-30T18:08:14+00:00","description":"Ac\u00e1 podr\u00e1n encontrar los n\u00fameros telef\u00f3nicos del Centro de Formaci\u00f3n T\u00e9cnica Estatal de Tarapac\u00e1. #T\u00e9cnicosparaTarapac\u00e1","breadcrumb":{"@id":"https:\/\/www.cftestataltarapaca.cl\/inicio\/guia-telefonica\/#breadcrumb"},"inLanguage":"es","potentialAction":[{"@type":"ReadAction","target":["https:\/\/www.cftestataltarapaca.cl\/inicio\/guia-telefonica\/"]}]},{"@type":"BreadcrumbList","@id":"https:\/\/www.cftestataltarapaca.cl\/inicio\/guia-telefonica\/#breadcrumb","itemListElement":[{"@type":"ListItem","position":1,"name":"Portada","item":"https:\/\/www.cftestataltarapaca.cl\/inicio\/"},{"@type":"ListItem","position":2,"name":"Gu\u00eda Telef\u00f3nica"}]},{"@type":"WebSite","@id":"https:\/\/www.cftestataltarapaca.cl\/inicio\/#website","url":"https:\/\/www.cftestataltarapaca.cl\/inicio\/","name":"CFT Estatal Tarapac\u00e1","description":"Admisi\u00f3n 2025","publisher":{"@id":"https:\/\/www.cftestataltarapaca.cl\/inicio\/#organization"},"potentialAction":[{"@type":"SearchAction","target":{"@type":"EntryPoint","urlTemplate":"https:\/\/www.cftestataltarapaca.cl\/inicio\/?s={search_term_string}"},"query-input":{"@type":"PropertyValueSpecification","valueRequired":true,"valueName":"search_term_string"}}],"inLanguage":"es"},{"@type":"Organization","@id":"https:\/\/www.cftestataltarapaca.cl\/inicio\/#organization","name":"CFT Estatal Tarapac\u00e1","url":"https:\/\/www.cftestataltarapaca.cl\/inicio\/","logo":{"@type":"ImageObject","inLanguage":"es","@id":"https:\/\/www.cftestataltarapaca.cl\/inicio\/#\/schema\/logo\/image\/","url":"https:\/\/www.cftestataltarapaca.cl\/inicio\/wp-content\/uploads\/2019\/03\/logo-retina-1.png","contentUrl":"https:\/\/www.cftestataltarapaca.cl\/inicio\/wp-content\/uploads\/2019\/03\/logo-retina-1.png","width":401,"height":150,"caption":"CFT Estatal Tarapac\u00e1"},"image":{"@id":"https:\/\/www.cftestataltarapaca.cl\/inicio\/#\/schema\/logo\/image\/"},"sameAs":["https:\/\/www.facebook.com\/CFTestataltarapaca\/","https:\/\/x.com\/CFTesTarapaca","https:\/\/www.instagram.com\/CFTestataltarapaca\/"]}]}},"publishpress_future_workflow_manual_trigger":{"enabledWorkflows":[]},"_links":{"self":[{"href":"https:\/\/www.cftestataltarapaca.cl\/inicio\/wp-json\/wp\/v2\/pages\/1516","targetHints":{"allow":["GET"]}}],"collection":[{"href":"https:\/\/www.cftestataltarapaca.cl\/inicio\/wp-json\/wp\/v2\/pages"}],"about":[{"href":"https:\/\/www.cftestataltarapaca.cl\/inicio\/wp-json\/wp\/v2\/types\/page"}],"author":[{"embeddable":true,"href":"https:\/\/www.cftestataltarapaca.cl\/inicio\/wp-json\/wp\/v2\/users\/1"}],"replies":[{"embeddable":true,"href":"https:\/\/www.cftestataltarapaca.cl\/inicio\/wp-json\/wp\/v2\/comments?post=1516"}],"version-history":[{"count":55,"href":"https:\/\/www.cftestataltarapaca.cl\/inicio\/wp-json\/wp\/v2\/pages\/1516\/revisions"}],"predecessor-version":[{"id":12898,"href":"https:\/\/www.cftestataltarapaca.cl\/inicio\/wp-json\/wp\/v2\/pages\/1516\/revisions\/12898"}],"wp:attachment":[{"href":"https:\/\/www.cftestataltarapaca.cl\/inicio\/wp-json\/wp\/v2\/media?parent=1516"}],"curies":[{"name":"wp","href":"https:\/\/api.w.org\/{rel}","templated":true}]}}