{"id":7918,"date":"2021-06-02T15:18:20","date_gmt":"2021-06-02T15:18:20","guid":{"rendered":"https:\/\/www.cftestataltarapaca.cl\/inicio\/?page_id=7918"},"modified":"2021-06-08T18:12:45","modified_gmt":"2021-06-08T18:12:45","slug":"regimen-normal","status":"publish","type":"page","link":"https:\/\/www.cftestataltarapaca.cl\/inicio\/practicas\/regimen-normal\/","title":{"rendered":"Instructivo Regimen Normal"},"content":{"rendered":"[vc_row type=\u00bbin_container\u00bb full_screen_row_position=\u00bbmiddle\u00bb scene_position=\u00bbcenter\u00bb text_color=\u00bbdark\u00bb text_align=\u00bbleft\u00bb overlay_strength=\u00bb0.3&#8243; shape_divider_position=\u00bbbottom\u00bb][vc_column column_padding=\u00bbno-extra-padding\u00bb column_padding_position=\u00bball\u00bb background_color_opacity=\u00bb1&#8243; background_hover_color_opacity=\u00bb1&#8243; column_shadow=\u00bbnone\u00bb column_border_radius=\u00bbnone\u00bb width=\u00bb1\/1&#8243; tablet_text_alignment=\u00bbdefault\u00bb phone_text_alignment=\u00bbdefault\u00bb column_border_width=\u00bbnone\u00bb column_border_style=\u00bbsolid\u00bb][vc_column_text css=\u00bb.vc_custom_1623175114998{padding-top: 20px !important;}\u00bb]\n<h6><a href=\"https:\/\/www.cftestataltarapaca.cl\/inicio\/\">Inicio<\/a> \/ <a href=\"https:\/\/www.cftestataltarapaca.cl\/inicio\/practicas\/\">Pr\u00e1cticas<\/a> \/ Instructivo R\u00e9gimen Normal<\/h6>\n[\/vc_column_text]<div class=\"divider-wrap\"><div style=\"margin-top: 12px; height: 1px; margin-bottom: 12px;\" data-width=\"100%\" data-animate=\"\" data-animation-delay=\"\" data-color=\"default\" class=\"divider-border\"><\/div><\/div>[\/vc_column][\/vc_row][vc_row type=\u00bbin_container\u00bb full_screen_row_position=\u00bbmiddle\u00bb scene_position=\u00bbcenter\u00bb text_color=\u00bbdark\u00bb text_align=\u00bbleft\u00bb overlay_strength=\u00bb0.3&#8243; shape_divider_position=\u00bbbottom\u00bb][vc_column column_padding=\u00bbno-extra-padding\u00bb column_padding_position=\u00bball\u00bb background_color_opacity=\u00bb1&#8243; background_hover_color_opacity=\u00bb1&#8243; column_shadow=\u00bbnone\u00bb column_border_radius=\u00bbnone\u00bb width=\u00bb1\/1&#8243; tablet_text_alignment=\u00bbdefault\u00bb phone_text_alignment=\u00bbdefault\u00bb column_border_width=\u00bbnone\u00bb column_border_style=\u00bbsolid\u00bb][tabbed_section style=\u00bbdefault\u00bb alignment=\u00bbleft\u00bb spacing=\u00bbdefault\u00bb tab_color=\u00bbAccent-Color\u00bb][tab icon_family=\u00bbfontawesome\u00bb title=\u00bbPASO 1&#8243; id=\u00bb1622647525-1-45&#8243; tab_id=\u00bb1622649683204-0&#8243; icon_fontawesome=\u00bbfa fa-sign-out\u00bb][vc_column_text css=\u00bb.vc_custom_1622735120982{padding-top: 30px !important;}\u00bb]\n<h2 style=\"color: #00ade2;\">Inicio del proceso de PL en modalidad normal<\/h2>\n<h3>\u00bfEn qu\u00e9 consiste?<\/h3>\n<p style=\"text-align: justify;\">El estudiante inicia el proceso expresando su intenci\u00f3n de realizar su PL. Se le entrega reglamento, instructivo, cartas para confirmaci\u00f3n del CP, formulario para inscripci\u00f3n de PL y pauta para elaboraci\u00f3n de Informe Final.<\/p>\n<h3>\u00bfC\u00f3mo hacerlo de manera presencial?<\/h3>\n<p>Acudiendo a la Oficina del Encargado del PPL<\/p>\n<h3>\u00bfC\u00f3mo hacerlo de manera virtual?<\/h3>\n<p style=\"text-align: justify;\">Manifestando intenci\u00f3n de iniciar el proceso de PL v\u00eda correo a fdavalos@cftestataltarapaca.cl, indicado carrera, nombre y rut.<\/p>\n<h3>Tiempo estimado (d\u00edas h\u00e1biles)<\/h3>\n<p>1 d\u00eda<\/p>\n<h3>Documentos asociados<\/h3>\n<p>1. Reglamento de Pr\u00e1cticas<br \/>\n2. Instructivo[\/vc_column_text][\/tab][tab icon_family=\u00bbfontawesome\u00bb title=\u00bbPASO 2&#8243; id=\u00bb1622649773703-0-6&#8243; tab_id=\u00bb1622649773708-1&#8243; icon_fontawesome=\u00bbfa fa-sign-out\u00bb][vc_column_text css=\u00bb.vc_custom_1622735149911{padding-top: 30px !important;}\u00bb]\n<h2 style=\"color: #00ade2;\">Confirmaci\u00f3n de Centro de Pr\u00e1ctica<\/h2>\n<h3>\u00bfEn qu\u00e9 consiste?<\/h3>\n<p style=\"text-align: justify;\">El estudiante deber\u00e1 enviar carta de presentaci\u00f3n firmada y timbrada al CP al cual postula, junto a formato de carta de aceptaci\u00f3n que deber\u00e1 completar el funcionario responsable del CP, en caso de que acepte al estudiante.<\/p>\n<h3>\u00bfC\u00f3mo hacerlo de manera presencial?<\/h3>\n<p>Entregando carta de presentaci\u00f3n al funcioanrio responsable del CP, junto a formato de carta de aceptaci\u00f3n.<\/p>\n<h3>\u00bfC\u00f3mo hacerlo de manera virtual?<\/h3>\n<p style=\"text-align: justify;\">Enviando carta de presentaci\u00f3n por correo al funcionario responsable en el CP, junto a formato de carta de aceptaci\u00f3n.<\/p>\n<h3>Tiempo estimado (d\u00edas h\u00e1biles)<\/h3>\n<p>1 d\u00eda<\/p>\n<h3>Documentos asociados<\/h3>\n<p>1. Carta de presentaci\u00f3n<br \/>\n2. Formato Carta de Aceptaci\u00f3n[\/vc_column_text][\/tab][tab icon_family=\u00bbfontawesome\u00bb title=\u00bbPASO 3&#8243; id=\u00bb1622649910323-0-6&#8243; tab_id=\u00bb1622649910328-1&#8243; icon_fontawesome=\u00bbfa fa-sign-out\u00bb][vc_column_text css=\u00bb.vc_custom_1622738758596{padding-top: 30px !important;}\u00bb]\n<h2 style=\"color: #00ade2;\">Autorizaci\u00f3n de PL<\/h2>\n<h3>\u00bfEn qu\u00e9 consiste?<\/h3>\n<p style=\"text-align: justify;\">El funcionario responsable del CP enviar\u00e1 carta de aceptaci\u00f3n al estudiante. Luego, el estudiante la debe dirigir a su JC para que autorice su CP y las funciones que desempe\u00f1ar\u00e1 en \u00e9ste. Si lo autoriza, el JC debe firmar la Carta de Aceptaci\u00f3n<\/p>\n<h3>\u00bfC\u00f3mo hacerlo de manera presencial?<\/h3>\n<p>Recepcionando o yendo a buscar carta de aceptaci\u00f3n al CP y llev\u00e1ndolo a su JC.<\/p>\n<h3>\u00bfC\u00f3mo hacerlo de manera virtual?<\/h3>\n<p style=\"text-align: justify;\">Reenviando carta de aceptaci\u00f3n del CP a su JC.<\/p>\n<h3>Tiempo estimado (d\u00edas h\u00e1biles)<\/h3>\n<p>2 d\u00edas<br \/>\n(Seg\u00fan disponibilidad del CP)<\/p>\n<h3>Documentos asociados<\/h3>\n<p>1. Carta de Aceptaci\u00f3n[\/vc_column_text][\/tab][tab icon_family=\u00bbfontawesome\u00bb title=\u00bbPASO 4&#8243; id=\u00bb1622733754199-0-7&#8243; tab_id=\u00bb1622733754204-1&#8243; icon_fontawesome=\u00bbfa fa-sign-out\u00bb][vc_column_text css=\u00bb.vc_custom_1622747901046{padding-top: 30px !important;}\u00bb]\n<h2 style=\"color: #00ade2;\">Inscripci\u00f3n de PL<\/h2>\n<h3>\u00bfEn qu\u00e9 consiste?<\/h3>\n<p style=\"text-align: justify;\">El estudiante deber\u00e1 inscribir su PL en la UPRA mediante formulario de solicitud inscripci\u00f3n y adjuntando carta de aceptaci\u00f3n. El estudiante ser\u00e1 notificado de la inscripci\u00f3n de su pr\u00e1ctica v\u00eda correo electr\u00f3nico.<\/p>\n<h3>\u00bfC\u00f3mo hacerlo de manera presencial?<\/h3>\n<p>Completando el formulario de solicitud de inscripci\u00f3n de PL (adjuntando carta de aceptaci\u00f3n) y entreg\u00e1ndolo en UPRA.<\/p>\n<h3>\u00bfC\u00f3mo hacerlo de manera virtual?<\/h3>\n<p style=\"text-align: justify;\">Completando el formulario de solicitud de inscripci\u00f3n de PL (adjuntando de carta de aceptaci\u00f3n) y envi\u00e1ndolo por correo a emunoz@cftestataltarapaca.cl con copia a fdavalos@cftestataltarapaca.cl<\/p>\n<h3>Tiempo estimado (d\u00edas h\u00e1biles)<\/h3>\n<p>3 d\u00edas<\/p>\n<h3>Documentos asociados<\/h3>\n<p>1. Formulario Solicitud de Inscripci\u00f3n PL[\/vc_column_text][\/tab][tab icon_family=\u00bbfontawesome\u00bb title=\u00bbPASO 5&#8243; id=\u00bb1622733785272-0-8&#8243; tab_id=\u00bb1622733785280-9&#8243; icon_fontawesome=\u00bbfa fa-sign-out\u00bb][vc_column_text css=\u00bb.vc_custom_1622747887244{padding-top: 30px !important;}\u00bb]\n<h2 style=\"color: #00ade2;\">Realizaci\u00f3n de PL<\/h2>\n<h3>\u00bfEn qu\u00e9 consiste?<\/h3>\n<p style=\"text-align: justify;\">El estudiante deber\u00e1 desarrollar su PL en el CP, la cual tendr\u00e1 una duraci\u00f3n de 320 horas, equivalente a 36 d\u00edas h\u00e1biles en jornada de 9 horas diarias. Durante el transcurso de su pr\u00e1ctica CFT puede realizar visitas de acompa\u00f1amiento al CP. Adem\u00e1s, se encuestar\u00e1 al estudiante y a su supervisor para resguardar el normal desarrollo de la PL.<\/p>\n<h3>\u00bfC\u00f3mo hacerlo de manera presencial?<\/h3>\n<p>Acudiendo a las instalaciones del Centro de Pr\u00e1ctica, seg\u00fan el horario convenido, respetando sus normas internas y portando los elemento de seguridad exigidos, demostrando las competencias adquiridas durante el desarrollo del plan de estudios.<\/p>\n<h3>\u00bfC\u00f3mo hacerlo de manera virtual?<\/h3>\n<p style=\"text-align: justify;\">Mientras se mantengan las medidas de confinamiento debido a la pandemia del COVID, se podr\u00e1 realizar la pr\u00e1ctica laboral en forma remota, siempre que el Centro de Pr\u00e1ctica as\u00ed lo disponga y sea autorizado por el Jefe de Carrera<\/p>\n<h3>Tiempo estimado (d\u00edas h\u00e1biles)<\/h3>\n<p>36 d\u00edas<\/p>\n<h3>Documentos asociados<\/h3>\n<p>1. Formulario de acompa\u00f1amiento[\/vc_column_text][\/tab][tab icon_family=\u00bbfontawesome\u00bb title=\u00bbPASO 6&#8243; id=\u00bb1622734154291-0-1&#8243; tab_id=\u00bb1622734154294-10&#8243; icon_fontawesome=\u00bbfa fa-sign-out\u00bb][vc_column_text css=\u00bb.vc_custom_1622748704092{padding-top: 30px !important;}\u00bb]\n<h2 style=\"color: #00ade2;\">Elaboraci\u00f3n de Informe Final<\/h2>\n<h3>\u00bfEn qu\u00e9 consiste?<\/h3>\n<p style=\"text-align: justify;\">Una vez finalizada la PL, el estudiante deber\u00e1 realizar un Informe Final, usando como referencia la pauta entregada en el paso N\u00b01. En este informe, se deben detallar todas actividades realizadas durante la PL. El estudiante tendr\u00e1 un m\u00e1ximo de 20 d\u00edas h\u00e1biles para elaborarlo y exponer ante una comisi\u00f3n evaluadora.<\/p>\n<h3>\u00bfC\u00f3mo hacerlo de manera presencial?<\/h3>\n<p>Redactando el informe de acuerdo a la pauta entregada en el paso N\u00b01. Una vez finalizado, se debe imprimir dos copias y adem\u00e1s enviarlo al correo informespracticas@cftestataltarapaca.cl<\/p>\n<h3>\u00bfC\u00f3mo hacerlo de manera virtual?<\/h3>\n<p style=\"text-align: justify;\">Redactando el informe de acuerdo a la pauta entregada en el paso N\u00b01. Una vez finalizado, debe ser enviado al correo informespracticas@cftestataltarapaca.cl. Se deber\u00e1n imprimir 2 copias del informe las que ser\u00e1n solicitadas a posterior.<\/p>\n<h3>Tiempo estimado (d\u00edas h\u00e1biles)<\/h3>\n<p>10 d\u00edas<br \/>\n(Plazo m\u00e1ximo 20 d\u00edas)<\/p>\n<h3>Documentos asociados<\/h3>\n<p>1. Pauta Informe de Pr\u00e1ctica TNS[\/vc_column_text][\/tab][tab icon_family=\u00bbfontawesome\u00bb title=\u00bbPASO 7&#8243; id=\u00bb1622734175969-0-0&#8243; tab_id=\u00bb1622734175975-0&#8243; icon_fontawesome=\u00bbfa fa-sign-out\u00bb][vc_column_text css=\u00bb.vc_custom_1622748814315{padding-top: 30px !important;}\u00bb]\n<h2 style=\"color: #00ade2;\">Exposici\u00f3n de Informe Final<\/h2>\n<h3>\u00bfEn qu\u00e9 consiste?<\/h3>\n<p style=\"text-align: justify;\">La \u00faltima actividad corresponde a la exposici\u00f3n del Informe Final de PL ante una comisi\u00f3n compuesta por el Director Acad\u00e9mico, Jefe de Carrera y un Docente de la especialidad, en donde el estudiante deber\u00e1 utilizar un lenguaje t\u00e9cnico y disciplinar.<\/p>\n<h3>\u00bfC\u00f3mo hacerlo de manera presencial?<\/h3>\n<p>En fecha asignada durante el transcurso del paso N\u00b06, el estudiante deber\u00e1 presentarse en dependencias de CFT con tenida formal y apoyo audiovisual.<\/p>\n<h3>\u00bfC\u00f3mo hacerlo de manera virtual?<\/h3>\n<p style=\"text-align: justify;\">En fecha asignada durante el transcurso del paso N\u00b06, el estudiante deber\u00e1 presentarse mediante videoconferencia con tenida formal y apoyo audiovisual.<\/p>\n<h3>Tiempo estimado (d\u00edas h\u00e1biles)<\/h3>\n<p>5 d\u00edas<\/p>\n<h3>Documentos asociados<\/h3>\n<p>1. Pauta de evaluaci\u00f3n[\/vc_column_text][\/tab][\/tabbed_section][\/vc_column][\/vc_row]\n","protected":false},"excerpt":{"rendered":"<p>[vc_row type=\u00bbin_container\u00bb full_screen_row_position=\u00bbmiddle\u00bb scene_position=\u00bbcenter\u00bb text_color=\u00bbdark\u00bb text_align=\u00bbleft\u00bb overlay_strength=\u00bb0.3&#8243; shape_divider_position=\u00bbbottom\u00bb][vc_column column_padding=\u00bbno-extra-padding\u00bb column_padding_position=\u00bball\u00bb background_color_opacity=\u00bb1&#8243; background_hover_color_opacity=\u00bb1&#8243; column_shadow=\u00bbnone\u00bb column_border_radius=\u00bbnone\u00bb width=\u00bb1\/1&#8243; tablet_text_alignment=\u00bbdefault\u00bb phone_text_alignment=\u00bbdefault\u00bb column_border_width=\u00bbnone\u00bb column_border_style=\u00bbsolid\u00bb][vc_column_text css=\u00bb.vc_custom_1623175114998{padding-top: 20px !important;}\u00bb] Inicio \/ Pr\u00e1cticas \/ Instructivo R\u00e9gimen Normal [\/vc_column_text][\/vc_column][\/vc_row][vc_row&#8230;<\/p>\n","protected":false},"author":1,"featured_media":0,"parent":7668,"menu_order":0,"comment_status":"open","ping_status":"open","template":"","meta":{"_joinchat":[],"footnotes":""},"class_list":["post-7918","page","type-page","status-publish","hentry"],"yoast_head":"<!-- This site is optimized with the Yoast SEO plugin v27.3 - https:\/\/yoast.com\/product\/yoast-seo-wordpress\/ -->\n<title>Instructivo Regimen Normal - CFT Estatal Tarapac\u00e1<\/title>\n<meta name=\"description\" content=\"Bienvenidos al sitio de las Pr\u00e1cticas Laborales del CFT Estatal de Tarapac\u00e1. Aprende como hacer un Curriculum Vitae\" \/>\n<meta name=\"robots\" content=\"index, follow, max-snippet:-1, max-image-preview:large, max-video-preview:-1\" \/>\n<link rel=\"canonical\" href=\"https:\/\/www.cftestataltarapaca.cl\/inicio\/practicas\/regimen-normal\/\" \/>\n<meta property=\"og:locale\" content=\"es_ES\" \/>\n<meta property=\"og:type\" content=\"article\" \/>\n<meta property=\"og:title\" content=\"Pr\u00e1cticas Laborales\" \/>\n<meta property=\"og:description\" content=\"Bienvenidos al sitio de las Pr\u00e1cticas Laborales del CFT Estatal de Tarapac\u00e1. Ac\u00e1 encontrar\u00e1s toda la informaci\u00f3n para iniciar tu proceso.\" \/>\n<meta property=\"og:url\" content=\"https:\/\/www.cftestataltarapaca.cl\/inicio\/practicas\/regimen-normal\/\" \/>\n<meta property=\"og:site_name\" content=\"CFT Estatal Tarapac\u00e1\" \/>\n<meta property=\"article:publisher\" content=\"https:\/\/www.facebook.com\/CFTestataltarapaca\/\" \/>\n<meta property=\"article:modified_time\" content=\"2021-06-08T18:12:45+00:00\" \/>\n<meta name=\"twitter:card\" content=\"summary_large_image\" \/>\n<meta name=\"twitter:site\" content=\"@CFTesTarapaca\" \/>\n<meta name=\"twitter:label1\" content=\"Tiempo de lectura\" \/>\n\t<meta name=\"twitter:data1\" content=\"5 minutos\" \/>\n<script type=\"application\/ld+json\" class=\"yoast-schema-graph\">{\"@context\":\"https:\\\/\\\/schema.org\",\"@graph\":[{\"@type\":\"WebPage\",\"@id\":\"https:\\\/\\\/www.cftestataltarapaca.cl\\\/inicio\\\/practicas\\\/regimen-normal\\\/\",\"url\":\"https:\\\/\\\/www.cftestataltarapaca.cl\\\/inicio\\\/practicas\\\/regimen-normal\\\/\",\"name\":\"Instructivo Regimen Normal - CFT Estatal Tarapac\u00e1\",\"isPartOf\":{\"@id\":\"https:\\\/\\\/www.cftestataltarapaca.cl\\\/inicio\\\/#website\"},\"datePublished\":\"2021-06-02T15:18:20+00:00\",\"dateModified\":\"2021-06-08T18:12:45+00:00\",\"description\":\"Bienvenidos al sitio de las Pr\u00e1cticas Laborales del CFT Estatal de Tarapac\u00e1. Aprende como hacer un Curriculum Vitae\",\"breadcrumb\":{\"@id\":\"https:\\\/\\\/www.cftestataltarapaca.cl\\\/inicio\\\/practicas\\\/regimen-normal\\\/#breadcrumb\"},\"inLanguage\":\"es\",\"potentialAction\":[{\"@type\":\"ReadAction\",\"target\":[\"https:\\\/\\\/www.cftestataltarapaca.cl\\\/inicio\\\/practicas\\\/regimen-normal\\\/\"]}]},{\"@type\":\"BreadcrumbList\",\"@id\":\"https:\\\/\\\/www.cftestataltarapaca.cl\\\/inicio\\\/practicas\\\/regimen-normal\\\/#breadcrumb\",\"itemListElement\":[{\"@type\":\"ListItem\",\"position\":1,\"name\":\"Portada\",\"item\":\"https:\\\/\\\/www.cftestataltarapaca.cl\\\/inicio\\\/\"},{\"@type\":\"ListItem\",\"position\":2,\"name\":\"Pr\u00e1cticas\",\"item\":\"https:\\\/\\\/www.cftestataltarapaca.cl\\\/inicio\\\/practicas\\\/\"},{\"@type\":\"ListItem\",\"position\":3,\"name\":\"Instructivo Regimen Normal\"}]},{\"@type\":\"WebSite\",\"@id\":\"https:\\\/\\\/www.cftestataltarapaca.cl\\\/inicio\\\/#website\",\"url\":\"https:\\\/\\\/www.cftestataltarapaca.cl\\\/inicio\\\/\",\"name\":\"CFT Estatal Tarapac\u00e1\",\"description\":\"Admisi\u00f3n 2025\",\"publisher\":{\"@id\":\"https:\\\/\\\/www.cftestataltarapaca.cl\\\/inicio\\\/#organization\"},\"potentialAction\":[{\"@type\":\"SearchAction\",\"target\":{\"@type\":\"EntryPoint\",\"urlTemplate\":\"https:\\\/\\\/www.cftestataltarapaca.cl\\\/inicio\\\/?s={search_term_string}\"},\"query-input\":{\"@type\":\"PropertyValueSpecification\",\"valueRequired\":true,\"valueName\":\"search_term_string\"}}],\"inLanguage\":\"es\"},{\"@type\":\"Organization\",\"@id\":\"https:\\\/\\\/www.cftestataltarapaca.cl\\\/inicio\\\/#organization\",\"name\":\"CFT Estatal Tarapac\u00e1\",\"url\":\"https:\\\/\\\/www.cftestataltarapaca.cl\\\/inicio\\\/\",\"logo\":{\"@type\":\"ImageObject\",\"inLanguage\":\"es\",\"@id\":\"https:\\\/\\\/www.cftestataltarapaca.cl\\\/inicio\\\/#\\\/schema\\\/logo\\\/image\\\/\",\"url\":\"https:\\\/\\\/www.cftestataltarapaca.cl\\\/inicio\\\/wp-content\\\/uploads\\\/2019\\\/03\\\/logo-retina-1.png\",\"contentUrl\":\"https:\\\/\\\/www.cftestataltarapaca.cl\\\/inicio\\\/wp-content\\\/uploads\\\/2019\\\/03\\\/logo-retina-1.png\",\"width\":401,\"height\":150,\"caption\":\"CFT Estatal Tarapac\u00e1\"},\"image\":{\"@id\":\"https:\\\/\\\/www.cftestataltarapaca.cl\\\/inicio\\\/#\\\/schema\\\/logo\\\/image\\\/\"},\"sameAs\":[\"https:\\\/\\\/www.facebook.com\\\/CFTestataltarapaca\\\/\",\"https:\\\/\\\/x.com\\\/CFTesTarapaca\",\"https:\\\/\\\/www.instagram.com\\\/CFTestataltarapaca\\\/\"]}]}<\/script>\n<!-- \/ Yoast SEO plugin. -->","yoast_head_json":{"title":"Instructivo Regimen Normal - CFT Estatal Tarapac\u00e1","description":"Bienvenidos al sitio de las Pr\u00e1cticas Laborales del CFT Estatal de Tarapac\u00e1. Aprende como hacer un Curriculum Vitae","robots":{"index":"index","follow":"follow","max-snippet":"max-snippet:-1","max-image-preview":"max-image-preview:large","max-video-preview":"max-video-preview:-1"},"canonical":"https:\/\/www.cftestataltarapaca.cl\/inicio\/practicas\/regimen-normal\/","og_locale":"es_ES","og_type":"article","og_title":"Pr\u00e1cticas Laborales","og_description":"Bienvenidos al sitio de las Pr\u00e1cticas Laborales del CFT Estatal de Tarapac\u00e1. Ac\u00e1 encontrar\u00e1s toda la informaci\u00f3n para iniciar tu proceso.","og_url":"https:\/\/www.cftestataltarapaca.cl\/inicio\/practicas\/regimen-normal\/","og_site_name":"CFT Estatal Tarapac\u00e1","article_publisher":"https:\/\/www.facebook.com\/CFTestataltarapaca\/","article_modified_time":"2021-06-08T18:12:45+00:00","twitter_card":"summary_large_image","twitter_site":"@CFTesTarapaca","twitter_misc":{"Tiempo de lectura":"5 minutos"},"schema":{"@context":"https:\/\/schema.org","@graph":[{"@type":"WebPage","@id":"https:\/\/www.cftestataltarapaca.cl\/inicio\/practicas\/regimen-normal\/","url":"https:\/\/www.cftestataltarapaca.cl\/inicio\/practicas\/regimen-normal\/","name":"Instructivo Regimen Normal - CFT Estatal Tarapac\u00e1","isPartOf":{"@id":"https:\/\/www.cftestataltarapaca.cl\/inicio\/#website"},"datePublished":"2021-06-02T15:18:20+00:00","dateModified":"2021-06-08T18:12:45+00:00","description":"Bienvenidos al sitio de las Pr\u00e1cticas Laborales del CFT Estatal de Tarapac\u00e1. Aprende como hacer un Curriculum Vitae","breadcrumb":{"@id":"https:\/\/www.cftestataltarapaca.cl\/inicio\/practicas\/regimen-normal\/#breadcrumb"},"inLanguage":"es","potentialAction":[{"@type":"ReadAction","target":["https:\/\/www.cftestataltarapaca.cl\/inicio\/practicas\/regimen-normal\/"]}]},{"@type":"BreadcrumbList","@id":"https:\/\/www.cftestataltarapaca.cl\/inicio\/practicas\/regimen-normal\/#breadcrumb","itemListElement":[{"@type":"ListItem","position":1,"name":"Portada","item":"https:\/\/www.cftestataltarapaca.cl\/inicio\/"},{"@type":"ListItem","position":2,"name":"Pr\u00e1cticas","item":"https:\/\/www.cftestataltarapaca.cl\/inicio\/practicas\/"},{"@type":"ListItem","position":3,"name":"Instructivo Regimen Normal"}]},{"@type":"WebSite","@id":"https:\/\/www.cftestataltarapaca.cl\/inicio\/#website","url":"https:\/\/www.cftestataltarapaca.cl\/inicio\/","name":"CFT Estatal Tarapac\u00e1","description":"Admisi\u00f3n 2025","publisher":{"@id":"https:\/\/www.cftestataltarapaca.cl\/inicio\/#organization"},"potentialAction":[{"@type":"SearchAction","target":{"@type":"EntryPoint","urlTemplate":"https:\/\/www.cftestataltarapaca.cl\/inicio\/?s={search_term_string}"},"query-input":{"@type":"PropertyValueSpecification","valueRequired":true,"valueName":"search_term_string"}}],"inLanguage":"es"},{"@type":"Organization","@id":"https:\/\/www.cftestataltarapaca.cl\/inicio\/#organization","name":"CFT Estatal Tarapac\u00e1","url":"https:\/\/www.cftestataltarapaca.cl\/inicio\/","logo":{"@type":"ImageObject","inLanguage":"es","@id":"https:\/\/www.cftestataltarapaca.cl\/inicio\/#\/schema\/logo\/image\/","url":"https:\/\/www.cftestataltarapaca.cl\/inicio\/wp-content\/uploads\/2019\/03\/logo-retina-1.png","contentUrl":"https:\/\/www.cftestataltarapaca.cl\/inicio\/wp-content\/uploads\/2019\/03\/logo-retina-1.png","width":401,"height":150,"caption":"CFT Estatal Tarapac\u00e1"},"image":{"@id":"https:\/\/www.cftestataltarapaca.cl\/inicio\/#\/schema\/logo\/image\/"},"sameAs":["https:\/\/www.facebook.com\/CFTestataltarapaca\/","https:\/\/x.com\/CFTesTarapaca","https:\/\/www.instagram.com\/CFTestataltarapaca\/"]}]}},"publishpress_future_workflow_manual_trigger":{"enabledWorkflows":[]},"_links":{"self":[{"href":"https:\/\/www.cftestataltarapaca.cl\/inicio\/wp-json\/wp\/v2\/pages\/7918","targetHints":{"allow":["GET"]}}],"collection":[{"href":"https:\/\/www.cftestataltarapaca.cl\/inicio\/wp-json\/wp\/v2\/pages"}],"about":[{"href":"https:\/\/www.cftestataltarapaca.cl\/inicio\/wp-json\/wp\/v2\/types\/page"}],"author":[{"embeddable":true,"href":"https:\/\/www.cftestataltarapaca.cl\/inicio\/wp-json\/wp\/v2\/users\/1"}],"replies":[{"embeddable":true,"href":"https:\/\/www.cftestataltarapaca.cl\/inicio\/wp-json\/wp\/v2\/comments?post=7918"}],"version-history":[{"count":30,"href":"https:\/\/www.cftestataltarapaca.cl\/inicio\/wp-json\/wp\/v2\/pages\/7918\/revisions"}],"predecessor-version":[{"id":8011,"href":"https:\/\/www.cftestataltarapaca.cl\/inicio\/wp-json\/wp\/v2\/pages\/7918\/revisions\/8011"}],"up":[{"embeddable":true,"href":"https:\/\/www.cftestataltarapaca.cl\/inicio\/wp-json\/wp\/v2\/pages\/7668"}],"wp:attachment":[{"href":"https:\/\/www.cftestataltarapaca.cl\/inicio\/wp-json\/wp\/v2\/media?parent=7918"}],"curies":[{"name":"wp","href":"https:\/\/api.w.org\/{rel}","templated":true}]}}