{"id":8088,"date":"2021-07-01T16:45:58","date_gmt":"2021-07-01T16:45:58","guid":{"rendered":"https:\/\/www.cftestataltarapaca.cl\/inicio\/?page_id=8088"},"modified":"2021-07-03T02:04:59","modified_gmt":"2021-07-03T02:04:59","slug":"servicios","status":"publish","type":"page","link":"https:\/\/www.cftestataltarapaca.cl\/inicio\/unidad-de-personal\/servicios\/","title":{"rendered":"Servicios"},"content":{"rendered":"[vc_row type=\u00bbfull_width_background\u00bb full_screen_row_position=\u00bbmiddle\u00bb bg_image=\u00bb8073&#8243; bg_position=\u00bbleft top\u00bb bg_repeat=\u00bbno-repeat\u00bb parallax_bg=\u00bbtrue\u00bb parallax_bg_speed=\u00bbslow\u00bb scene_position=\u00bbcenter\u00bb text_color=\u00bblight\u00bb text_align=\u00bbcenter\u00bb top_padding=\u00bb5%\u00bb bottom_padding=\u00bb5%\u00bb color_overlay=\u00bb#2682d3&#8243; overlay_strength=\u00bb0.3&#8243; shape_divider_position=\u00bbbottom\u00bb shape_type=\u00bb\u00bb][vc_column column_padding=\u00bbno-extra-padding\u00bb column_padding_position=\u00bball\u00bb background_color_opacity=\u00bb1&#8243; background_hover_color_opacity=\u00bb1&#8243; column_shadow=\u00bbnone\u00bb column_border_radius=\u00bbnone\u00bb width=\u00bb1\/1&#8243; tablet_text_alignment=\u00bbdefault\u00bb phone_text_alignment=\u00bbdefault\u00bb column_border_width=\u00bbnone\u00bb column_border_style=\u00bbsolid\u00bb][vc_column_text css=\u00bb.vc_custom_1625159949490{padding-top: 10px !important;}\u00bb]\n<h2 style=\"text-align: center;\">SERVICIOS<\/h2>\n<h4 style=\"text-align: center;\">Unidad de Personal del CFT Estatal Tarapac\u00e1<\/h4>\n[\/vc_column_text][\/vc_column][\/vc_row][vc_row type=\u00bbin_container\u00bb full_screen_row_position=\u00bbmiddle\u00bb scene_position=\u00bbcenter\u00bb text_color=\u00bbdark\u00bb text_align=\u00bbleft\u00bb overlay_strength=\u00bb0.3&#8243; shape_divider_position=\u00bbbottom\u00bb][vc_column column_padding=\u00bbno-extra-padding\u00bb column_padding_position=\u00bball\u00bb background_color_opacity=\u00bb1&#8243; background_hover_color_opacity=\u00bb1&#8243; column_shadow=\u00bbnone\u00bb column_border_radius=\u00bbnone\u00bb width=\u00bb1\/1&#8243; tablet_text_alignment=\u00bbdefault\u00bb phone_text_alignment=\u00bbdefault\u00bb column_border_width=\u00bbnone\u00bb column_border_style=\u00bbsolid\u00bb][vc_column_text css=\u00bb.vc_custom_1625159899988{padding-top: 4px !important;}\u00bb]\n<h6><a href=\"https:\/\/www.cftestataltarapaca.cl\/inicio\/\">Inicio<\/a> \/ <a href=\"https:\/\/www.cftestataltarapaca.cl\/inicio\/unidad-de-personal\/\">Unidad de Personal<\/a> \/ Servicios<\/h6>\n[\/vc_column_text]<div class=\"divider-wrap\"><div style=\"margin-top: 12px; height: 1px; margin-bottom: 12px;\" data-width=\"100%\" data-animate=\"\" data-animation-delay=\"\" data-color=\"default\" class=\"divider-border\"><\/div><\/div>[\/vc_column][\/vc_row][vc_row type=\u00bbin_container\u00bb full_screen_row_position=\u00bbmiddle\u00bb scene_position=\u00bbcenter\u00bb text_color=\u00bbdark\u00bb text_align=\u00bbleft\u00bb overlay_strength=\u00bb0.3&#8243; shape_divider_position=\u00bbbottom\u00bb][vc_column column_padding=\u00bbno-extra-padding\u00bb column_padding_position=\u00bball\u00bb background_color_opacity=\u00bb1&#8243; background_hover_color_opacity=\u00bb1&#8243; column_shadow=\u00bbnone\u00bb column_border_radius=\u00bbnone\u00bb width=\u00bb1\/1&#8243; tablet_text_alignment=\u00bbdefault\u00bb phone_text_alignment=\u00bbdefault\u00bb column_border_width=\u00bbnone\u00bb column_border_style=\u00bbsolid\u00bb][vc_column_text css=\u00bb.vc_custom_1625163731973{padding-top: 0px !important;padding-bottom: 0px !important;}\u00bb]\n<h2 style=\"text-align: center;\"><strong>Formularios para la gesti\u00f3n de Personal<\/strong><\/h2>\n<h6 style=\"text-align: center;\"><em>*Para acceder a la documentaci\u00f3n debes hacerlo con tu correo institucional<\/em><\/h6>\n[\/vc_column_text][\/vc_column][\/vc_row][vc_row type=\u00bbin_container\u00bb full_screen_row_position=\u00bbmiddle\u00bb scene_position=\u00bbcenter\u00bb text_color=\u00bbdark\u00bb text_align=\u00bbleft\u00bb overlay_strength=\u00bb0.3&#8243; shape_divider_position=\u00bbbottom\u00bb shape_type=\u00bb\u00bb][vc_column centered_text=\u00bbtrue\u00bb column_padding=\u00bbpadding-3-percent\u00bb column_padding_position=\u00bball\u00bb background_color_opacity=\u00bb1&#8243; background_hover_color_opacity=\u00bb1&#8243; column_shadow=\u00bbnone\u00bb column_border_radius=\u00bbnone\u00bb width=\u00bb1\/4&#8243; tablet_text_alignment=\u00bbdefault\u00bb phone_text_alignment=\u00bbdefault\u00bb column_border_width=\u00bbnone\u00bb column_border_style=\u00bbsolid\u00bb column_link=\u00bbhttps:\/\/forms.gle\/g2wrnEVwyu37rLMz7&#8243;]<div class=\"img-with-aniamtion-wrap center\" data-max-width=\"100%\" data-border-radius=\"none\"><div class=\"inner\"><img loading=\"lazy\" decoding=\"async\" data-shadow=\"none\" data-shadow-direction=\"middle\" class=\"img-with-animation \" data-delay=\"0\" height=\"512\" width=\"512\" data-animation=\"grow-in\" src=\"https:\/\/www.cftestataltarapaca.cl\/inicio\/wp-content\/uploads\/2021\/07\/icono-personal.png\" srcset=\"https:\/\/www.cftestataltarapaca.cl\/inicio\/wp-content\/uploads\/2021\/07\/icono-personal.png 512w, https:\/\/www.cftestataltarapaca.cl\/inicio\/wp-content\/uploads\/2021\/07\/icono-personal-300x300.png 300w, https:\/\/www.cftestataltarapaca.cl\/inicio\/wp-content\/uploads\/2021\/07\/icono-personal-150x150.png 150w, https:\/\/www.cftestataltarapaca.cl\/inicio\/wp-content\/uploads\/2021\/07\/icono-personal-100x100.png 100w, https:\/\/www.cftestataltarapaca.cl\/inicio\/wp-content\/uploads\/2021\/07\/icono-personal-140x140.png 140w, https:\/\/www.cftestataltarapaca.cl\/inicio\/wp-content\/uploads\/2021\/07\/icono-personal-500x500.png 500w, https:\/\/www.cftestataltarapaca.cl\/inicio\/wp-content\/uploads\/2021\/07\/icono-personal-350x350.png 350w\" sizes=\"auto, 100vw\" alt=\"\" \/><\/div><\/div>[vc_column_text css=\u00bb.vc_custom_1625192945878{padding-top: 8px !important;}\u00bb]\n<p style=\"text-align: center;\"><strong><b>Ingreso Boletas de Honorarios<\/b><\/strong><\/p>\n[\/vc_column_text][\/vc_column][vc_column column_padding=\u00bbpadding-3-percent\u00bb column_padding_position=\u00bball\u00bb background_color_opacity=\u00bb1&#8243; background_hover_color_opacity=\u00bb1&#8243; column_shadow=\u00bbnone\u00bb column_border_radius=\u00bbnone\u00bb width=\u00bb1\/4&#8243; tablet_text_alignment=\u00bbdefault\u00bb phone_text_alignment=\u00bbdefault\u00bb column_border_width=\u00bbnone\u00bb column_border_style=\u00bbsolid\u00bb column_link=\u00bbhttps:\/\/forms.gle\/jMFKR4vxD4LhsP8y5&#8243;]<div class=\"img-with-aniamtion-wrap center\" data-max-width=\"100%\" data-border-radius=\"none\"><div class=\"inner\"><img loading=\"lazy\" decoding=\"async\" data-shadow=\"none\" data-shadow-direction=\"middle\" class=\"img-with-animation \" data-delay=\"0\" height=\"512\" width=\"512\" data-animation=\"grow-in\" src=\"https:\/\/www.cftestataltarapaca.cl\/inicio\/wp-content\/uploads\/2021\/07\/icono-personal.png\" srcset=\"https:\/\/www.cftestataltarapaca.cl\/inicio\/wp-content\/uploads\/2021\/07\/icono-personal.png 512w, https:\/\/www.cftestataltarapaca.cl\/inicio\/wp-content\/uploads\/2021\/07\/icono-personal-300x300.png 300w, https:\/\/www.cftestataltarapaca.cl\/inicio\/wp-content\/uploads\/2021\/07\/icono-personal-150x150.png 150w, https:\/\/www.cftestataltarapaca.cl\/inicio\/wp-content\/uploads\/2021\/07\/icono-personal-100x100.png 100w, https:\/\/www.cftestataltarapaca.cl\/inicio\/wp-content\/uploads\/2021\/07\/icono-personal-140x140.png 140w, https:\/\/www.cftestataltarapaca.cl\/inicio\/wp-content\/uploads\/2021\/07\/icono-personal-500x500.png 500w, https:\/\/www.cftestataltarapaca.cl\/inicio\/wp-content\/uploads\/2021\/07\/icono-personal-350x350.png 350w\" sizes=\"auto, 100vw\" alt=\"\" \/><\/div><\/div>[vc_column_text css=\u00bb.vc_custom_1625159490935{padding-top: 8px !important;}\u00bb]\n<p style=\"text-align: center;\"><strong>Actualizaci\u00f3n de Datos<\/strong><\/p>\n[\/vc_column_text][\/vc_column][vc_column centered_text=\u00bbtrue\u00bb column_padding=\u00bbpadding-3-percent\u00bb column_padding_position=\u00bball\u00bb background_color_opacity=\u00bb1&#8243; background_hover_color_opacity=\u00bb1&#8243; column_shadow=\u00bbnone\u00bb column_border_radius=\u00bbnone\u00bb width=\u00bb1\/4&#8243; tablet_text_alignment=\u00bbdefault\u00bb phone_text_alignment=\u00bbdefault\u00bb column_border_width=\u00bbnone\u00bb column_border_style=\u00bbsolid\u00bb column_link=\u00bbhttps:\/\/forms.gle\/7ghbp7wFEvUXR3Rv8&#8243;]<div class=\"img-with-aniamtion-wrap center\" data-max-width=\"100%\" data-border-radius=\"none\"><div class=\"inner\"><img loading=\"lazy\" decoding=\"async\" data-shadow=\"none\" data-shadow-direction=\"middle\" class=\"img-with-animation \" data-delay=\"0\" height=\"512\" width=\"512\" data-animation=\"grow-in\" src=\"https:\/\/www.cftestataltarapaca.cl\/inicio\/wp-content\/uploads\/2021\/07\/icono-personal.png\" srcset=\"https:\/\/www.cftestataltarapaca.cl\/inicio\/wp-content\/uploads\/2021\/07\/icono-personal.png 512w, https:\/\/www.cftestataltarapaca.cl\/inicio\/wp-content\/uploads\/2021\/07\/icono-personal-300x300.png 300w, https:\/\/www.cftestataltarapaca.cl\/inicio\/wp-content\/uploads\/2021\/07\/icono-personal-150x150.png 150w, https:\/\/www.cftestataltarapaca.cl\/inicio\/wp-content\/uploads\/2021\/07\/icono-personal-100x100.png 100w, https:\/\/www.cftestataltarapaca.cl\/inicio\/wp-content\/uploads\/2021\/07\/icono-personal-140x140.png 140w, https:\/\/www.cftestataltarapaca.cl\/inicio\/wp-content\/uploads\/2021\/07\/icono-personal-500x500.png 500w, https:\/\/www.cftestataltarapaca.cl\/inicio\/wp-content\/uploads\/2021\/07\/icono-personal-350x350.png 350w\" sizes=\"auto, 100vw\" alt=\"\" \/><\/div><\/div>[vc_column_text css=\u00bb.vc_custom_1625159498274{padding-top: 8px !important;}\u00bb]\n<p style=\"text-align: center;\"><strong>Gesti\u00f3n de Contratos<br \/>\n<\/strong><\/p>\n[\/vc_column_text][\/vc_column][vc_column column_padding=\u00bbpadding-3-percent\u00bb column_padding_position=\u00bball\u00bb background_color_opacity=\u00bb1&#8243; background_hover_color_opacity=\u00bb1&#8243; column_shadow=\u00bbnone\u00bb column_border_radius=\u00bbnone\u00bb width=\u00bb1\/4&#8243; tablet_text_alignment=\u00bbdefault\u00bb phone_text_alignment=\u00bbdefault\u00bb column_border_width=\u00bbnone\u00bb column_border_style=\u00bbsolid\u00bb column_link=\u00bbhttps:\/\/forms.gle\/6DFUQLZaXCJECFt47&#8243;]<div class=\"img-with-aniamtion-wrap center\" data-max-width=\"100%\" data-border-radius=\"none\"><div class=\"inner\"><img loading=\"lazy\" decoding=\"async\" data-shadow=\"none\" data-shadow-direction=\"middle\" class=\"img-with-animation \" data-delay=\"0\" height=\"512\" width=\"512\" data-animation=\"grow-in\" src=\"https:\/\/www.cftestataltarapaca.cl\/inicio\/wp-content\/uploads\/2021\/07\/icono-personal.png\" srcset=\"https:\/\/www.cftestataltarapaca.cl\/inicio\/wp-content\/uploads\/2021\/07\/icono-personal.png 512w, https:\/\/www.cftestataltarapaca.cl\/inicio\/wp-content\/uploads\/2021\/07\/icono-personal-300x300.png 300w, https:\/\/www.cftestataltarapaca.cl\/inicio\/wp-content\/uploads\/2021\/07\/icono-personal-150x150.png 150w, https:\/\/www.cftestataltarapaca.cl\/inicio\/wp-content\/uploads\/2021\/07\/icono-personal-100x100.png 100w, https:\/\/www.cftestataltarapaca.cl\/inicio\/wp-content\/uploads\/2021\/07\/icono-personal-140x140.png 140w, https:\/\/www.cftestataltarapaca.cl\/inicio\/wp-content\/uploads\/2021\/07\/icono-personal-500x500.png 500w, https:\/\/www.cftestataltarapaca.cl\/inicio\/wp-content\/uploads\/2021\/07\/icono-personal-350x350.png 350w\" sizes=\"auto, 100vw\" alt=\"\" \/><\/div><\/div>[vc_column_text css=\u00bb.vc_custom_1625159545845{padding-top: 8px !important;}\u00bb]\n<p style=\"text-align: center;\"><strong>ODIS-DAS Obligaci\u00f3n de Informar<br \/>\n<\/strong><\/p>\n[\/vc_column_text][\/vc_column][\/vc_row][vc_row type=\u00bbin_container\u00bb full_screen_row_position=\u00bbmiddle\u00bb scene_position=\u00bbcenter\u00bb text_color=\u00bbdark\u00bb text_align=\u00bbleft\u00bb overlay_strength=\u00bb0.3&#8243; shape_divider_position=\u00bbbottom\u00bb][vc_column column_padding=\u00bbpadding-3-percent\u00bb column_padding_position=\u00bball\u00bb background_color_opacity=\u00bb1&#8243; background_hover_color_opacity=\u00bb1&#8243; column_shadow=\u00bbnone\u00bb column_border_radius=\u00bbnone\u00bb width=\u00bb1\/4&#8243; tablet_text_alignment=\u00bbdefault\u00bb phone_text_alignment=\u00bbdefault\u00bb column_border_width=\u00bbnone\u00bb column_border_style=\u00bbsolid\u00bb column_link=\u00bbhttps:\/\/forms.gle\/rhTUMatS2YpsidPq7&#8243;]<div class=\"img-with-aniamtion-wrap center\" data-max-width=\"100%\" data-border-radius=\"none\"><div class=\"inner\"><img loading=\"lazy\" decoding=\"async\" data-shadow=\"none\" data-shadow-direction=\"middle\" class=\"img-with-animation \" data-delay=\"0\" height=\"512\" width=\"512\" data-animation=\"grow-in\" src=\"https:\/\/www.cftestataltarapaca.cl\/inicio\/wp-content\/uploads\/2021\/07\/icono-personal.png\" srcset=\"https:\/\/www.cftestataltarapaca.cl\/inicio\/wp-content\/uploads\/2021\/07\/icono-personal.png 512w, https:\/\/www.cftestataltarapaca.cl\/inicio\/wp-content\/uploads\/2021\/07\/icono-personal-300x300.png 300w, https:\/\/www.cftestataltarapaca.cl\/inicio\/wp-content\/uploads\/2021\/07\/icono-personal-150x150.png 150w, https:\/\/www.cftestataltarapaca.cl\/inicio\/wp-content\/uploads\/2021\/07\/icono-personal-100x100.png 100w, https:\/\/www.cftestataltarapaca.cl\/inicio\/wp-content\/uploads\/2021\/07\/icono-personal-140x140.png 140w, https:\/\/www.cftestataltarapaca.cl\/inicio\/wp-content\/uploads\/2021\/07\/icono-personal-500x500.png 500w, https:\/\/www.cftestataltarapaca.cl\/inicio\/wp-content\/uploads\/2021\/07\/icono-personal-350x350.png 350w\" sizes=\"auto, 100vw\" alt=\"\" \/><\/div><\/div>[vc_column_text css=\u00bb.vc_custom_1625277881090{padding-top: 8px !important;}\u00bb]\n<p style=\"text-align: center;\"><strong><b>Gesti\u00f3n de Permisos y Vacaciones<\/b><\/strong><\/p>\n[\/vc_column_text][\/vc_column][vc_column column_padding=\u00bbno-extra-padding\u00bb column_padding_position=\u00bball\u00bb background_color_opacity=\u00bb1&#8243; background_hover_color_opacity=\u00bb1&#8243; column_shadow=\u00bbnone\u00bb column_border_radius=\u00bbnone\u00bb width=\u00bb1\/4&#8243; tablet_text_alignment=\u00bbdefault\u00bb phone_text_alignment=\u00bbdefault\u00bb column_border_width=\u00bbnone\u00bb column_border_style=\u00bbsolid\u00bb][\/vc_column][vc_column column_padding=\u00bbno-extra-padding\u00bb column_padding_position=\u00bball\u00bb background_color_opacity=\u00bb1&#8243; background_hover_color_opacity=\u00bb1&#8243; column_shadow=\u00bbnone\u00bb column_border_radius=\u00bbnone\u00bb width=\u00bb1\/4&#8243; tablet_text_alignment=\u00bbdefault\u00bb phone_text_alignment=\u00bbdefault\u00bb column_border_width=\u00bbnone\u00bb column_border_style=\u00bbsolid\u00bb][\/vc_column][vc_column column_padding=\u00bbno-extra-padding\u00bb column_padding_position=\u00bball\u00bb background_color_opacity=\u00bb1&#8243; background_hover_color_opacity=\u00bb1&#8243; column_shadow=\u00bbnone\u00bb column_border_radius=\u00bbnone\u00bb width=\u00bb1\/4&#8243; tablet_text_alignment=\u00bbdefault\u00bb phone_text_alignment=\u00bbdefault\u00bb column_border_width=\u00bbnone\u00bb column_border_style=\u00bbsolid\u00bb][\/vc_column][\/vc_row]\n","protected":false},"excerpt":{"rendered":"<p>[vc_row type=\u00bbfull_width_background\u00bb full_screen_row_position=\u00bbmiddle\u00bb bg_image=\u00bb8073&#8243; bg_position=\u00bbleft top\u00bb bg_repeat=\u00bbno-repeat\u00bb parallax_bg=\u00bbtrue\u00bb parallax_bg_speed=\u00bbslow\u00bb scene_position=\u00bbcenter\u00bb text_color=\u00bblight\u00bb text_align=\u00bbcenter\u00bb top_padding=\u00bb5%\u00bb bottom_padding=\u00bb5%\u00bb color_overlay=\u00bb#2682d3&#8243; overlay_strength=\u00bb0.3&#8243; shape_divider_position=\u00bbbottom\u00bb shape_type=\u00bb\u00bb][vc_column column_padding=\u00bbno-extra-padding\u00bb column_padding_position=\u00bball\u00bb background_color_opacity=\u00bb1&#8243; background_hover_color_opacity=\u00bb1&#8243; column_shadow=\u00bbnone\u00bb column_border_radius=\u00bbnone\u00bb width=\u00bb1\/1&#8243; tablet_text_alignment=\u00bbdefault\u00bb phone_text_alignment=\u00bbdefault\u00bb column_border_width=\u00bbnone\u00bb column_border_style=\u00bbsolid\u00bb][vc_column_text css=\u00bb.vc_custom_1625159949490{padding-top:&#8230;<\/p>\n","protected":false},"author":1,"featured_media":0,"parent":8059,"menu_order":0,"comment_status":"open","ping_status":"open","template":"","meta":{"_joinchat":[],"footnotes":""},"class_list":["post-8088","page","type-page","status-publish","hentry"],"yoast_head":"<!-- This site is optimized with the Yoast SEO plugin v27.4 - https:\/\/yoast.com\/product\/yoast-seo-wordpress\/ -->\n<title>Servicios - CFT Estatal Tarapac\u00e1<\/title>\n<meta name=\"description\" content=\"Bienvenidos al sitio de la Unidad de Personal del CFT Estatal de Tarapac\u00e1. Ac\u00e1 encontrar\u00e1s toda la informaci\u00f3n para los funcionarios.\" \/>\n<meta name=\"robots\" content=\"index, follow, max-snippet:-1, max-image-preview:large, max-video-preview:-1\" \/>\n<link rel=\"canonical\" href=\"https:\/\/www.cftestataltarapaca.cl\/inicio\/unidad-de-personal\/servicios\/\" \/>\n<meta property=\"og:locale\" content=\"es_ES\" \/>\n<meta property=\"og:type\" content=\"article\" \/>\n<meta property=\"og:title\" content=\"Pr\u00e1cticas Laborales\" \/>\n<meta property=\"og:description\" content=\"Bienvenidos al sitio de las Pr\u00e1cticas Laborales del CFT Estatal de Tarapac\u00e1. Ac\u00e1 encontrar\u00e1s toda la informaci\u00f3n para iniciar tu proceso.\" \/>\n<meta property=\"og:url\" content=\"https:\/\/www.cftestataltarapaca.cl\/inicio\/unidad-de-personal\/servicios\/\" \/>\n<meta property=\"og:site_name\" content=\"CFT Estatal Tarapac\u00e1\" \/>\n<meta property=\"article:publisher\" content=\"https:\/\/www.facebook.com\/CFTestataltarapaca\/\" \/>\n<meta property=\"article:modified_time\" content=\"2021-07-03T02:04:59+00:00\" \/>\n<meta name=\"twitter:card\" content=\"summary_large_image\" \/>\n<meta name=\"twitter:site\" content=\"@CFTesTarapaca\" \/>\n<meta name=\"twitter:label1\" content=\"Tiempo de lectura\" \/>\n\t<meta name=\"twitter:data1\" content=\"2 minutos\" \/>\n<script type=\"application\/ld+json\" class=\"yoast-schema-graph\">{\"@context\":\"https:\\\/\\\/schema.org\",\"@graph\":[{\"@type\":\"WebPage\",\"@id\":\"https:\\\/\\\/www.cftestataltarapaca.cl\\\/inicio\\\/unidad-de-personal\\\/servicios\\\/\",\"url\":\"https:\\\/\\\/www.cftestataltarapaca.cl\\\/inicio\\\/unidad-de-personal\\\/servicios\\\/\",\"name\":\"Servicios - CFT Estatal Tarapac\u00e1\",\"isPartOf\":{\"@id\":\"https:\\\/\\\/www.cftestataltarapaca.cl\\\/inicio\\\/#website\"},\"datePublished\":\"2021-07-01T16:45:58+00:00\",\"dateModified\":\"2021-07-03T02:04:59+00:00\",\"description\":\"Bienvenidos al sitio de la Unidad de Personal del CFT Estatal de Tarapac\u00e1. Ac\u00e1 encontrar\u00e1s toda la informaci\u00f3n para los funcionarios.\",\"breadcrumb\":{\"@id\":\"https:\\\/\\\/www.cftestataltarapaca.cl\\\/inicio\\\/unidad-de-personal\\\/servicios\\\/#breadcrumb\"},\"inLanguage\":\"es\",\"potentialAction\":[{\"@type\":\"ReadAction\",\"target\":[\"https:\\\/\\\/www.cftestataltarapaca.cl\\\/inicio\\\/unidad-de-personal\\\/servicios\\\/\"]}]},{\"@type\":\"BreadcrumbList\",\"@id\":\"https:\\\/\\\/www.cftestataltarapaca.cl\\\/inicio\\\/unidad-de-personal\\\/servicios\\\/#breadcrumb\",\"itemListElement\":[{\"@type\":\"ListItem\",\"position\":1,\"name\":\"Portada\",\"item\":\"https:\\\/\\\/www.cftestataltarapaca.cl\\\/inicio\\\/\"},{\"@type\":\"ListItem\",\"position\":2,\"name\":\"Unidad de Personal\",\"item\":\"https:\\\/\\\/www.cftestataltarapaca.cl\\\/inicio\\\/unidad-de-personal\\\/\"},{\"@type\":\"ListItem\",\"position\":3,\"name\":\"Servicios\"}]},{\"@type\":\"WebSite\",\"@id\":\"https:\\\/\\\/www.cftestataltarapaca.cl\\\/inicio\\\/#website\",\"url\":\"https:\\\/\\\/www.cftestataltarapaca.cl\\\/inicio\\\/\",\"name\":\"CFT Estatal Tarapac\u00e1\",\"description\":\"Admisi\u00f3n 2025\",\"publisher\":{\"@id\":\"https:\\\/\\\/www.cftestataltarapaca.cl\\\/inicio\\\/#organization\"},\"potentialAction\":[{\"@type\":\"SearchAction\",\"target\":{\"@type\":\"EntryPoint\",\"urlTemplate\":\"https:\\\/\\\/www.cftestataltarapaca.cl\\\/inicio\\\/?s={search_term_string}\"},\"query-input\":{\"@type\":\"PropertyValueSpecification\",\"valueRequired\":true,\"valueName\":\"search_term_string\"}}],\"inLanguage\":\"es\"},{\"@type\":\"Organization\",\"@id\":\"https:\\\/\\\/www.cftestataltarapaca.cl\\\/inicio\\\/#organization\",\"name\":\"CFT Estatal Tarapac\u00e1\",\"url\":\"https:\\\/\\\/www.cftestataltarapaca.cl\\\/inicio\\\/\",\"logo\":{\"@type\":\"ImageObject\",\"inLanguage\":\"es\",\"@id\":\"https:\\\/\\\/www.cftestataltarapaca.cl\\\/inicio\\\/#\\\/schema\\\/logo\\\/image\\\/\",\"url\":\"https:\\\/\\\/www.cftestataltarapaca.cl\\\/inicio\\\/wp-content\\\/uploads\\\/2019\\\/03\\\/logo-retina-1.png\",\"contentUrl\":\"https:\\\/\\\/www.cftestataltarapaca.cl\\\/inicio\\\/wp-content\\\/uploads\\\/2019\\\/03\\\/logo-retina-1.png\",\"width\":401,\"height\":150,\"caption\":\"CFT Estatal Tarapac\u00e1\"},\"image\":{\"@id\":\"https:\\\/\\\/www.cftestataltarapaca.cl\\\/inicio\\\/#\\\/schema\\\/logo\\\/image\\\/\"},\"sameAs\":[\"https:\\\/\\\/www.facebook.com\\\/CFTestataltarapaca\\\/\",\"https:\\\/\\\/x.com\\\/CFTesTarapaca\",\"https:\\\/\\\/www.instagram.com\\\/CFTestataltarapaca\\\/\"]}]}<\/script>\n<!-- \/ Yoast SEO plugin. -->","yoast_head_json":{"title":"Servicios - CFT Estatal Tarapac\u00e1","description":"Bienvenidos al sitio de la Unidad de Personal del CFT Estatal de Tarapac\u00e1. Ac\u00e1 encontrar\u00e1s toda la informaci\u00f3n para los funcionarios.","robots":{"index":"index","follow":"follow","max-snippet":"max-snippet:-1","max-image-preview":"max-image-preview:large","max-video-preview":"max-video-preview:-1"},"canonical":"https:\/\/www.cftestataltarapaca.cl\/inicio\/unidad-de-personal\/servicios\/","og_locale":"es_ES","og_type":"article","og_title":"Pr\u00e1cticas Laborales","og_description":"Bienvenidos al sitio de las Pr\u00e1cticas Laborales del CFT Estatal de Tarapac\u00e1. Ac\u00e1 encontrar\u00e1s toda la informaci\u00f3n para iniciar tu proceso.","og_url":"https:\/\/www.cftestataltarapaca.cl\/inicio\/unidad-de-personal\/servicios\/","og_site_name":"CFT Estatal Tarapac\u00e1","article_publisher":"https:\/\/www.facebook.com\/CFTestataltarapaca\/","article_modified_time":"2021-07-03T02:04:59+00:00","twitter_card":"summary_large_image","twitter_site":"@CFTesTarapaca","twitter_misc":{"Tiempo de lectura":"2 minutos"},"schema":{"@context":"https:\/\/schema.org","@graph":[{"@type":"WebPage","@id":"https:\/\/www.cftestataltarapaca.cl\/inicio\/unidad-de-personal\/servicios\/","url":"https:\/\/www.cftestataltarapaca.cl\/inicio\/unidad-de-personal\/servicios\/","name":"Servicios - CFT Estatal Tarapac\u00e1","isPartOf":{"@id":"https:\/\/www.cftestataltarapaca.cl\/inicio\/#website"},"datePublished":"2021-07-01T16:45:58+00:00","dateModified":"2021-07-03T02:04:59+00:00","description":"Bienvenidos al sitio de la Unidad de Personal del CFT Estatal de Tarapac\u00e1. Ac\u00e1 encontrar\u00e1s toda la informaci\u00f3n para los funcionarios.","breadcrumb":{"@id":"https:\/\/www.cftestataltarapaca.cl\/inicio\/unidad-de-personal\/servicios\/#breadcrumb"},"inLanguage":"es","potentialAction":[{"@type":"ReadAction","target":["https:\/\/www.cftestataltarapaca.cl\/inicio\/unidad-de-personal\/servicios\/"]}]},{"@type":"BreadcrumbList","@id":"https:\/\/www.cftestataltarapaca.cl\/inicio\/unidad-de-personal\/servicios\/#breadcrumb","itemListElement":[{"@type":"ListItem","position":1,"name":"Portada","item":"https:\/\/www.cftestataltarapaca.cl\/inicio\/"},{"@type":"ListItem","position":2,"name":"Unidad de Personal","item":"https:\/\/www.cftestataltarapaca.cl\/inicio\/unidad-de-personal\/"},{"@type":"ListItem","position":3,"name":"Servicios"}]},{"@type":"WebSite","@id":"https:\/\/www.cftestataltarapaca.cl\/inicio\/#website","url":"https:\/\/www.cftestataltarapaca.cl\/inicio\/","name":"CFT Estatal Tarapac\u00e1","description":"Admisi\u00f3n 2025","publisher":{"@id":"https:\/\/www.cftestataltarapaca.cl\/inicio\/#organization"},"potentialAction":[{"@type":"SearchAction","target":{"@type":"EntryPoint","urlTemplate":"https:\/\/www.cftestataltarapaca.cl\/inicio\/?s={search_term_string}"},"query-input":{"@type":"PropertyValueSpecification","valueRequired":true,"valueName":"search_term_string"}}],"inLanguage":"es"},{"@type":"Organization","@id":"https:\/\/www.cftestataltarapaca.cl\/inicio\/#organization","name":"CFT Estatal Tarapac\u00e1","url":"https:\/\/www.cftestataltarapaca.cl\/inicio\/","logo":{"@type":"ImageObject","inLanguage":"es","@id":"https:\/\/www.cftestataltarapaca.cl\/inicio\/#\/schema\/logo\/image\/","url":"https:\/\/www.cftestataltarapaca.cl\/inicio\/wp-content\/uploads\/2019\/03\/logo-retina-1.png","contentUrl":"https:\/\/www.cftestataltarapaca.cl\/inicio\/wp-content\/uploads\/2019\/03\/logo-retina-1.png","width":401,"height":150,"caption":"CFT Estatal Tarapac\u00e1"},"image":{"@id":"https:\/\/www.cftestataltarapaca.cl\/inicio\/#\/schema\/logo\/image\/"},"sameAs":["https:\/\/www.facebook.com\/CFTestataltarapaca\/","https:\/\/x.com\/CFTesTarapaca","https:\/\/www.instagram.com\/CFTestataltarapaca\/"]}]}},"publishpress_future_workflow_manual_trigger":{"enabledWorkflows":[]},"_links":{"self":[{"href":"https:\/\/www.cftestataltarapaca.cl\/inicio\/wp-json\/wp\/v2\/pages\/8088","targetHints":{"allow":["GET"]}}],"collection":[{"href":"https:\/\/www.cftestataltarapaca.cl\/inicio\/wp-json\/wp\/v2\/pages"}],"about":[{"href":"https:\/\/www.cftestataltarapaca.cl\/inicio\/wp-json\/wp\/v2\/types\/page"}],"author":[{"embeddable":true,"href":"https:\/\/www.cftestataltarapaca.cl\/inicio\/wp-json\/wp\/v2\/users\/1"}],"replies":[{"embeddable":true,"href":"https:\/\/www.cftestataltarapaca.cl\/inicio\/wp-json\/wp\/v2\/comments?post=8088"}],"version-history":[{"count":25,"href":"https:\/\/www.cftestataltarapaca.cl\/inicio\/wp-json\/wp\/v2\/pages\/8088\/revisions"}],"predecessor-version":[{"id":8150,"href":"https:\/\/www.cftestataltarapaca.cl\/inicio\/wp-json\/wp\/v2\/pages\/8088\/revisions\/8150"}],"up":[{"embeddable":true,"href":"https:\/\/www.cftestataltarapaca.cl\/inicio\/wp-json\/wp\/v2\/pages\/8059"}],"wp:attachment":[{"href":"https:\/\/www.cftestataltarapaca.cl\/inicio\/wp-json\/wp\/v2\/media?parent=8088"}],"curies":[{"name":"wp","href":"https:\/\/api.w.org\/{rel}","templated":true}]}}