{"id":9041,"date":"2022-05-23T20:01:43","date_gmt":"2022-05-23T20:01:43","guid":{"rendered":"https:\/\/www.cftestataltarapaca.cl\/inicio\/?page_id=9041"},"modified":"2023-09-26T12:52:30","modified_gmt":"2023-09-26T12:52:30","slug":"faq","status":"publish","type":"page","link":"https:\/\/www.cftestataltarapaca.cl\/inicio\/acreditacion-institucional\/faq\/","title":{"rendered":"Preguntas Frecuentes"},"content":{"rendered":"[vc_row type=\u00bbfull_width_background\u00bb full_screen_row_position=\u00bbmiddle\u00bb bg_image=\u00bb10426&#8243; bg_position=\u00bbleft top\u00bb bg_repeat=\u00bbno-repeat\u00bb scene_position=\u00bbcenter\u00bb text_color=\u00bblight\u00bb text_align=\u00bbleft\u00bb overlay_strength=\u00bb0.3&#8243; shape_divider_position=\u00bbbottom\u00bb shape_type=\u00bb\u00bb][vc_column column_padding=\u00bbno-extra-padding\u00bb column_padding_position=\u00bball\u00bb background_color_opacity=\u00bb1&#8243; background_hover_color_opacity=\u00bb1&#8243; column_shadow=\u00bbnone\u00bb column_border_radius=\u00bbnone\u00bb top_margin=\u00bb20&#8243; bottom_margin=\u00bb20&#8243; width=\u00bb1\/3&#8243; tablet_text_alignment=\u00bbdefault\u00bb phone_text_alignment=\u00bbdefault\u00bb column_border_width=\u00bbnone\u00bb column_border_style=\u00bbsolid\u00bb][\/vc_column][vc_column column_padding=\u00bbpadding-3-percent\u00bb column_padding_position=\u00bbtop\u00bb background_color_opacity=\u00bb1&#8243; background_hover_color_opacity=\u00bb1&#8243; column_shadow=\u00bbnone\u00bb column_border_radius=\u00bbnone\u00bb width=\u00bb1\/3&#8243; tablet_text_alignment=\u00bbdefault\u00bb phone_text_alignment=\u00bbdefault\u00bb column_border_width=\u00bbnone\u00bb column_border_style=\u00bbsolid\u00bb]<div class=\"img-with-aniamtion-wrap center\" data-max-width=\"100%\" data-border-radius=\"none\"><div class=\"inner\"><img loading=\"lazy\" decoding=\"async\" data-shadow=\"none\" data-shadow-direction=\"middle\" class=\"img-with-animation \" data-delay=\"200\" height=\"539\" width=\"1122\" data-animation=\"fade-in-from-bottom\" src=\"https:\/\/www.cftestataltarapaca.cl\/inicio\/wp-content\/uploads\/2023\/09\/logo-pagina-acreditacion.png\" srcset=\"https:\/\/www.cftestataltarapaca.cl\/inicio\/wp-content\/uploads\/2023\/09\/logo-pagina-acreditacion.png 1122w, https:\/\/www.cftestataltarapaca.cl\/inicio\/wp-content\/uploads\/2023\/09\/logo-pagina-acreditacion-300x144.png 300w, https:\/\/www.cftestataltarapaca.cl\/inicio\/wp-content\/uploads\/2023\/09\/logo-pagina-acreditacion-1024x492.png 1024w, https:\/\/www.cftestataltarapaca.cl\/inicio\/wp-content\/uploads\/2023\/09\/logo-pagina-acreditacion-768x369.png 768w\" sizes=\"auto, 100vw\" alt=\"\" \/><\/div><\/div>[\/vc_column][vc_column column_padding=\u00bbno-extra-padding\u00bb column_padding_position=\u00bball\u00bb background_color_opacity=\u00bb1&#8243; background_hover_color_opacity=\u00bb1&#8243; column_shadow=\u00bbnone\u00bb column_border_radius=\u00bbnone\u00bb width=\u00bb1\/3&#8243; tablet_text_alignment=\u00bbdefault\u00bb phone_text_alignment=\u00bbdefault\u00bb column_border_width=\u00bbnone\u00bb column_border_style=\u00bbsolid\u00bb][\/vc_column][\/vc_row][vc_row type=\u00bbin_container\u00bb full_screen_row_position=\u00bbmiddle\u00bb scene_position=\u00bbcenter\u00bb text_color=\u00bbdark\u00bb text_align=\u00bbleft\u00bb overlay_strength=\u00bb0.3&#8243; shape_divider_position=\u00bbbottom\u00bb][vc_column column_padding=\u00bbno-extra-padding\u00bb column_padding_position=\u00bball\u00bb background_color_opacity=\u00bb1&#8243; background_hover_color_opacity=\u00bb1&#8243; column_shadow=\u00bbnone\u00bb column_border_radius=\u00bbnone\u00bb width=\u00bb1\/1&#8243; tablet_text_alignment=\u00bbdefault\u00bb phone_text_alignment=\u00bbdefault\u00bb column_border_width=\u00bbnone\u00bb column_border_style=\u00bbsolid\u00bb]<div class=\"divider-wrap\"><div style=\"margin-top: 12px; height: 1px; margin-bottom: 12px;\" data-width=\"100%\" data-animate=\"\" data-animation-delay=\"\" data-color=\"default\" class=\"divider-border\"><\/div><\/div>[\/vc_column][\/vc_row][vc_row type=\u00bbin_container\u00bb full_screen_row_position=\u00bbmiddle\u00bb scene_position=\u00bbcenter\u00bb text_color=\u00bbdark\u00bb text_align=\u00bbleft\u00bb overlay_strength=\u00bb0.3&#8243; shape_divider_position=\u00bbbottom\u00bb][vc_column column_padding=\u00bbno-extra-padding\u00bb column_padding_position=\u00bball\u00bb background_color_opacity=\u00bb1&#8243; background_hover_color_opacity=\u00bb1&#8243; column_shadow=\u00bbnone\u00bb column_border_radius=\u00bbnone\u00bb width=\u00bb1\/1&#8243; tablet_text_alignment=\u00bbdefault\u00bb phone_text_alignment=\u00bbdefault\u00bb column_border_width=\u00bbnone\u00bb column_border_style=\u00bbsolid\u00bb][vc_column_text]\n<div style=\"font-size: 11px;\"><a href=\"https:\/\/www.cftestataltarapaca.cl\/inicio\/\">Inicio<\/a> \/ <a href=\"https:\/\/www.cftestataltarapaca.cl\/inicio\/acreditacion-institucional\/\">Acreditaci\u00f3n<\/a> \/ <span style=\"color: #6ac1af;\">Preguntas Frecuentes<br \/>\n<\/span><\/div>\n[\/vc_column_text][\/vc_column][\/vc_row][vc_row type=\u00bbin_container\u00bb full_screen_row_position=\u00bbmiddle\u00bb scene_position=\u00bbcenter\u00bb text_color=\u00bbdark\u00bb text_align=\u00bbleft\u00bb overlay_strength=\u00bb0.3&#8243; shape_divider_position=\u00bbbottom\u00bb][vc_column column_padding=\u00bbno-extra-padding\u00bb column_padding_position=\u00bball\u00bb background_color_opacity=\u00bb1&#8243; background_hover_color_opacity=\u00bb1&#8243; column_shadow=\u00bbnone\u00bb column_border_radius=\u00bbnone\u00bb width=\u00bb1\/3&#8243; tablet_text_alignment=\u00bbdefault\u00bb phone_text_alignment=\u00bbdefault\u00bb column_border_width=\u00bbnone\u00bb column_border_style=\u00bbsolid\u00bb]<div class=\"img-with-aniamtion-wrap \" data-max-width=\"100%\" data-border-radius=\"none\"><div class=\"inner\"><img loading=\"lazy\" decoding=\"async\" data-shadow=\"none\" data-shadow-direction=\"middle\" class=\"img-with-animation \" data-delay=\"0\" height=\"792\" width=\"1069\" data-animation=\"fade-in\" src=\"https:\/\/www.cftestataltarapaca.cl\/inicio\/wp-content\/uploads\/2022\/05\/PREGUNTAS.png\" srcset=\"https:\/\/www.cftestataltarapaca.cl\/inicio\/wp-content\/uploads\/2022\/05\/PREGUNTAS.png 1069w, https:\/\/www.cftestataltarapaca.cl\/inicio\/wp-content\/uploads\/2022\/05\/PREGUNTAS-300x222.png 300w, https:\/\/www.cftestataltarapaca.cl\/inicio\/wp-content\/uploads\/2022\/05\/PREGUNTAS-1024x759.png 1024w, https:\/\/www.cftestataltarapaca.cl\/inicio\/wp-content\/uploads\/2022\/05\/PREGUNTAS-768x569.png 768w\" sizes=\"auto, 100vw\" alt=\"\" \/><\/div><\/div>[\/vc_column][vc_column column_padding=\u00bbno-extra-padding\u00bb column_padding_position=\u00bball\u00bb background_color_opacity=\u00bb1&#8243; background_hover_color_opacity=\u00bb1&#8243; column_shadow=\u00bbnone\u00bb column_border_radius=\u00bbnone\u00bb width=\u00bb2\/3&#8243; tablet_text_alignment=\u00bbdefault\u00bb phone_text_alignment=\u00bbdefault\u00bb column_border_width=\u00bbnone\u00bb column_border_style=\u00bbsolid\u00bb]<div class=\"toggles \" data-style=\"default\"><div class=\"toggle accent-color\"><h3><a href=\"#\"><i class=\"icon-plus-sign\"><\/i>1. \u00bfQu\u00e9 es la acreditaci\u00f3n institucional?<\/a><\/h3><div>[vc_column_text]\n<p style=\"text-align: justify;\">La acreditaci\u00f3n institucional es un proceso de evaluaci\u00f3n externa al que deben someterse obligatoriamente las instituciones de educaci\u00f3n superior aut\u00f3nomas del pa\u00eds. Consiste en la evaluaci\u00f3n y verificaci\u00f3n del cumplimiento de criterios y est\u00e1ndares de calidad, los que se referir\u00e1n a recursos, procesos y resultados; as\u00ed como tambi\u00e9n, el an\u00e1lisis de mecanismos internos para el aseguramiento de la calidad, considerando tanto su existencia como su aplicaci\u00f3n sistem\u00e1tica y resultados, y su concordancia con la misi\u00f3n y prop\u00f3sito de las instituciones de educaci\u00f3n superior.<\/p>\n[\/vc_column_text]<\/div><\/div><div class=\"toggle accent-color\"><h3><a href=\"#\"><i class=\"icon-plus-sign\"><\/i>2. \u00bfLa acreditaci\u00f3n es obligatoria?<\/a><\/h3><div>[vc_column_text]\n<p style=\"text-align: justify;\">Si, la acreditaci\u00f3n institucional es obligatoria, pero solo pueden participar instituciones aut\u00f3nomas, sean p\u00fablicas o privadas.<\/p>\n[\/vc_column_text]<\/div><\/div><div class=\"toggle accent-color\"><h3><a href=\"#\"><i class=\"icon-plus-sign\"><\/i>3. \u00bfCu\u00e1l es la diferencia entre autonom\u00eda y acreditaci\u00f3n?<\/a><\/h3><div>[vc_column_text]\n<p style=\"text-align: justify;\">Ambos son procesos completamente distintos. La autonom\u00eda es producto del proceso de Licenciamiento, mecanismo de regulaci\u00f3n de nuevas instituciones privadas, administrado por el Consejo Nacional de Educaci\u00f3n (CNED). Este aprueba la creaci\u00f3n de una nueva instituci\u00f3n por medio de la aprobaci\u00f3n de su Proyecto Institucional, fija un marco de supervisi\u00f3n desde el inicio de sus actividades acad\u00e9micas y, finalizando esta fase, el CNED est\u00e1 facultado para otorgar la plena autonom\u00eda de la instituci\u00f3n.<\/p>\n<p style=\"text-align: justify;\">La acreditaci\u00f3n, por otra parte, es el paso siguiente al que aspiran las instituciones aut\u00f3nomas (p\u00fablicas o privadas) para garantizar la calidad de los servicios ofrecidos. Una diferencia importante entre ambos es que la autonom\u00eda es una condici\u00f3n vitalicia, a diferencia de la acreditaci\u00f3n que supone un per\u00edodo de vigencia determinado.<\/p>\n[\/vc_column_text]<\/div><\/div><div class=\"toggle accent-color\"><h3><a href=\"#\"><i class=\"icon-plus-sign\"><\/i>4. \u00bfPara qu\u00e9 sirve la acreditaci\u00f3n?<\/a><\/h3><div>[vc_column_text]\n<p style=\"text-align: justify;\">La acreditaci\u00f3n es un mecanismo que favorece la autorregulaci\u00f3n y el mejoramiento continuo de las instituciones de educaci\u00f3n superior, carreras y programas, permiti\u00e9ndoles analizar cr\u00edticamente su propio desempe\u00f1o en funci\u00f3n de criterios definidos por la CNA. Esta evaluaci\u00f3n permite identificar no solo fortalezas y debilidades, sino tambi\u00e9n formular planes de mejoramiento que atiendan dichas falencias.<\/p>\n[\/vc_column_text]<\/div><\/div><div class=\"toggle accent-color\"><h3><a href=\"#\"><i class=\"icon-plus-sign\"><\/i>5. \u00bfEn qu\u00e9 consiste la acreditaci\u00f3n y cu\u00e1l es su proceso? <\/a><\/h3><div>[vc_column_text]\n<p style=\"text-align: justify;\">La acreditaci\u00f3n consta de tres partes fundamentales:<\/p>\n<ul>\n<li style=\"text-align: justify;\"><strong>Autoevaluaci\u00f3n:<\/strong> proceso donde la Instituci\u00f3n realiza un an\u00e1lisis de sus pol\u00edticas y mecanismos de aseguramiento de la calidad, evaluando los resultados de la aplicaci\u00f3n de dichas pol\u00edticas. Las conclusiones de este an\u00e1lisis son expuestas en un Informe de Evaluaci\u00f3n Interna, en donde se identifican las principales fortalezas y debilidades de la Instituci\u00f3n, elaborando un Plan de Mejora tendiente a la superaci\u00f3n de dichas debilidades.<\/li>\n<li style=\"text-align: justify;\"><strong>Evaluaci\u00f3n externa:<\/strong> evaluaci\u00f3n realizada por un grupo de evaluadores externos, quienes visitan la Instituci\u00f3n a fin de verificar el contenido del Informe de Evaluaci\u00f3n Interna. En la visita se re\u00fanen con un conjunto de actores de la Instituci\u00f3n, en base a una agenda previamente definida por la CNA. De esta visita surge el Informe de Evaluaci\u00f3n Externa, el cual puede ser respondido por la Instituci\u00f3n.<\/li>\n<li style=\"text-align: justify;\"><strong>Decisi\u00f3n:<\/strong> en base a toda la informaci\u00f3n surgida del proceso, vale decir: Informe de Evaluaci\u00f3n Interna, Informe de Evaluaci\u00f3n Externa y Observaciones, el Pleno de la CNA adopta una decisi\u00f3n la cual consiste en Acreditar o no Acreditar a la Instituci\u00f3n, y en caso de hacerlo, determina una cantidad de a\u00f1os de acreditaci\u00f3n.<\/li>\n<\/ul>\n[\/vc_column_text]<\/div><\/div><div class=\"toggle accent-color\"><h3><a href=\"#\"><i class=\"icon-plus-sign\"><\/i>6. \u00bfCu\u00e1les son los beneficios de la Acreditaci\u00f3n?<\/a><\/h3><div>[vc_column_text]\n<p style=\"text-align: justify;\">Es la certificaci\u00f3n que otorga la Comisi\u00f3n Nacional de Acreditaci\u00f3n (CNA) que asegura al estudiante de la instituci\u00f3n de educaci\u00f3n superior una formaci\u00f3n de calidad, como tambi\u00e9n, certifica la calidad en los distintos procesos de la instituci\u00f3n. Adem\u00e1s, de que los estudiantes puedan acceder al financiamiento estatal de la carrera.<\/p>\n[\/vc_column_text]<\/div><\/div><div class=\"toggle accent-color\"><h3><a href=\"#\"><i class=\"icon-plus-sign\"><\/i>7. \u00bfPor cu\u00e1nto tiempo se extiende la vigencia de la Acreditaci\u00f3n?<\/a><\/h3><div>[vc_column_text]\n<p style=\"text-align: justify;\">La cantidad de a\u00f1os se otorga en conformidad con el nivel de cumplimiento de los criterios de evaluaci\u00f3n y los prop\u00f3sitos de las instituciones o programas. Al cabo del plazo otorgado, las instituciones podr\u00e1n repetir el proceso, con el fin de optar a un nuevo per\u00edodo de acreditaci\u00f3n.<\/p>\n<p style=\"text-align: justify;\">Los resultados posibles, seg\u00fan nivel de acreditaci\u00f3n institucional, son los siguientes:<\/p>\n<p style=\"text-align: justify;\">Nivel B\u00e1sico: \u00a0\u00a0\u00a0\u00a0\u00a0\u00a0\u00a0\u00a0\u00a0\u00a0\u00a0\u00a0\u00a0\u00a0 Acreditaci\u00f3n por 3 a\u00f1os<\/p>\n<p style=\"text-align: justify;\">Nivel Avanzado: \u00a0\u00a0\u00a0\u00a0\u00a0\u00a0\u00a0\u00a0\u00a0\u00a0 Acreditaci\u00f3n por 4 o 5 a\u00f1os<\/p>\n<p style=\"text-align: justify;\">Nivel Excelencia: \u00a0\u00a0\u00a0\u00a0\u00a0\u00a0\u00a0\u00a0 Acreditaci\u00f3n por 6 o 7 a\u00f1os.<\/p>\n[\/vc_column_text]<\/div><\/div><div class=\"toggle accent-color\"><h3><a href=\"#\"><i class=\"icon-plus-sign\"><\/i>8. \u00bfQu\u00e9 es la CNA?<\/a><\/h3><div>[vc_column_text]\n<p style=\"text-align: justify;\">Es una instituci\u00f3n responsable de verificar y promover la calidad de las instituciones de educaci\u00f3n superior aut\u00f3nomas, y de las carreras o programas de pregrado y postgrado ofrecidos por \u00e9stas.<\/p>\n[\/vc_column_text]<\/div><\/div><div class=\"toggle accent-color\"><h3><a href=\"#\"><i class=\"icon-plus-sign\"><\/i>9. \u00bfQu\u00e9 pasa si mi instituci\u00f3n no tiene acreditaci\u00f3n?<\/a><\/h3><div>[vc_column_text]La instituci\u00f3n no puede acceder a las Becas y Cr\u00e9ditos que ofrece el Estado.[\/vc_column_text]<\/div><\/div><div class=\"toggle accent-color\"><h3><a href=\"#\"><i class=\"icon-plus-sign\"><\/i>10. \u00bfQu\u00e9 asegura la acreditaci\u00f3n a los estudiantes?<\/a><\/h3><div>[vc_column_text]\n<p style=\"text-align: justify;\">Que la instituci\u00f3n ha sido evaluada bajo ciertos par\u00e1metros por una entidad especializada del Estado, que ha concluido con un juicio favorable respecto a su sustentabilidad, pertinencia de su oferta y resultados como retenci\u00f3n, titulaci\u00f3n oportuna y\u00a0empleabilidad.<\/p>\n[\/vc_column_text]<\/div><\/div><div class=\"toggle accent-color\"><h3><a href=\"#\"><i class=\"icon-plus-sign\"><\/i>11. \u00bfTengo alguna participaci\u00f3n en el proceso de acreditaci\u00f3n como estudiante?<\/a><\/h3><div>[vc_column_text]\n<p style=\"text-align: justify;\">S\u00ed una participaci\u00f3n muy relevante, pues durante el proceso de autoevaluaci\u00f3n, base para la acreditaci\u00f3n, la opini\u00f3n de los actores relevantes, a saber: estudiantes, docentes, egresados y empleadores, debe ser consultada. Tu opini\u00f3n objetiva como estudiante respecto del real grado de cumplimiento que da la instituci\u00f3n o carrera a los criterios de evaluaci\u00f3n definidos previamente es un cap\u00edtulo esencial del informe que ser\u00e1 presentado a los pares evaluadores externos. Posteriormente, y durante la visita que deber\u00e1n realizar, los pares evaluadores externos podr\u00e1n realizar entrevistas a algunos estudiantes u otros actores relevantes con el fin de corroborar lo recopilado en el informe antes mencionado.<\/p>\n[\/vc_column_text]<\/div><\/div><\/div>[\/vc_column][\/vc_row]\n","protected":false},"excerpt":{"rendered":"<p>[vc_row type=\u00bbfull_width_background\u00bb full_screen_row_position=\u00bbmiddle\u00bb bg_image=\u00bb10426&#8243; bg_position=\u00bbleft top\u00bb bg_repeat=\u00bbno-repeat\u00bb scene_position=\u00bbcenter\u00bb text_color=\u00bblight\u00bb text_align=\u00bbleft\u00bb overlay_strength=\u00bb0.3&#8243; shape_divider_position=\u00bbbottom\u00bb shape_type=\u00bb\u00bb][vc_column column_padding=\u00bbno-extra-padding\u00bb column_padding_position=\u00bball\u00bb background_color_opacity=\u00bb1&#8243; background_hover_color_opacity=\u00bb1&#8243; column_shadow=\u00bbnone\u00bb column_border_radius=\u00bbnone\u00bb top_margin=\u00bb20&#8243; bottom_margin=\u00bb20&#8243; width=\u00bb1\/3&#8243; tablet_text_alignment=\u00bbdefault\u00bb phone_text_alignment=\u00bbdefault\u00bb column_border_width=\u00bbnone\u00bb column_border_style=\u00bbsolid\u00bb][\/vc_column][vc_column column_padding=\u00bbpadding-3-percent\u00bb column_padding_position=\u00bbtop\u00bb background_color_opacity=\u00bb1&#8243; background_hover_color_opacity=\u00bb1&#8243;&#8230;<\/p>\n","protected":false},"author":1,"featured_media":0,"parent":8370,"menu_order":0,"comment_status":"open","ping_status":"open","template":"","meta":{"_joinchat":[],"footnotes":""},"class_list":["post-9041","page","type-page","status-publish","hentry"],"yoast_head":"<!-- This site is optimized with the Yoast SEO plugin v27.3 - https:\/\/yoast.com\/product\/yoast-seo-wordpress\/ -->\n<title>Preguntas Frecuentes - CFT Estatal Tarapac\u00e1<\/title>\n<meta name=\"description\" content=\"A continuaci\u00f3n pueden conocer a los acad\u00e9micos del Centro de Formaci\u00f3n T\u00e9cnica Estatal de Tarapac\u00e1. #T\u00e9cnicosparaTarapac\u00e1\" \/>\n<meta name=\"robots\" content=\"index, follow, max-snippet:-1, max-image-preview:large, max-video-preview:-1\" \/>\n<link rel=\"canonical\" href=\"https:\/\/www.cftestataltarapaca.cl\/inicio\/acreditacion-institucional\/faq\/\" \/>\n<meta property=\"og:locale\" content=\"es_ES\" \/>\n<meta property=\"og:type\" content=\"article\" \/>\n<meta property=\"og:title\" content=\"Preguntas Frecuentes - CFT Estatal Tarapac\u00e1\" \/>\n<meta property=\"og:description\" content=\"A continuaci\u00f3n pueden conocer a los acad\u00e9micos del Centro de Formaci\u00f3n T\u00e9cnica Estatal de Tarapac\u00e1. #T\u00e9cnicosparaTarapac\u00e1\" \/>\n<meta property=\"og:url\" content=\"https:\/\/www.cftestataltarapaca.cl\/inicio\/acreditacion-institucional\/faq\/\" \/>\n<meta property=\"og:site_name\" content=\"CFT Estatal Tarapac\u00e1\" \/>\n<meta property=\"article:publisher\" content=\"https:\/\/www.facebook.com\/CFTestataltarapaca\/\" \/>\n<meta property=\"article:modified_time\" content=\"2023-09-26T12:52:30+00:00\" \/>\n<meta name=\"twitter:card\" content=\"summary_large_image\" \/>\n<meta name=\"twitter:site\" content=\"@CFTesTarapaca\" \/>\n<meta name=\"twitter:label1\" content=\"Tiempo de lectura\" \/>\n\t<meta name=\"twitter:data1\" content=\"5 minutos\" \/>\n<script type=\"application\/ld+json\" class=\"yoast-schema-graph\">{\"@context\":\"https:\\\/\\\/schema.org\",\"@graph\":[{\"@type\":\"WebPage\",\"@id\":\"https:\\\/\\\/www.cftestataltarapaca.cl\\\/inicio\\\/acreditacion-institucional\\\/faq\\\/\",\"url\":\"https:\\\/\\\/www.cftestataltarapaca.cl\\\/inicio\\\/acreditacion-institucional\\\/faq\\\/\",\"name\":\"Preguntas Frecuentes - CFT Estatal Tarapac\u00e1\",\"isPartOf\":{\"@id\":\"https:\\\/\\\/www.cftestataltarapaca.cl\\\/inicio\\\/#website\"},\"datePublished\":\"2022-05-23T20:01:43+00:00\",\"dateModified\":\"2023-09-26T12:52:30+00:00\",\"description\":\"A continuaci\u00f3n pueden conocer a los acad\u00e9micos del Centro de Formaci\u00f3n T\u00e9cnica Estatal de Tarapac\u00e1. #T\u00e9cnicosparaTarapac\u00e1\",\"breadcrumb\":{\"@id\":\"https:\\\/\\\/www.cftestataltarapaca.cl\\\/inicio\\\/acreditacion-institucional\\\/faq\\\/#breadcrumb\"},\"inLanguage\":\"es\",\"potentialAction\":[{\"@type\":\"ReadAction\",\"target\":[\"https:\\\/\\\/www.cftestataltarapaca.cl\\\/inicio\\\/acreditacion-institucional\\\/faq\\\/\"]}]},{\"@type\":\"BreadcrumbList\",\"@id\":\"https:\\\/\\\/www.cftestataltarapaca.cl\\\/inicio\\\/acreditacion-institucional\\\/faq\\\/#breadcrumb\",\"itemListElement\":[{\"@type\":\"ListItem\",\"position\":1,\"name\":\"Portada\",\"item\":\"https:\\\/\\\/www.cftestataltarapaca.cl\\\/inicio\\\/\"},{\"@type\":\"ListItem\",\"position\":2,\"name\":\"Acreditaci\u00f3n Institucional\",\"item\":\"https:\\\/\\\/www.cftestataltarapaca.cl\\\/inicio\\\/acreditacion-institucional\\\/\"},{\"@type\":\"ListItem\",\"position\":3,\"name\":\"Preguntas Frecuentes\"}]},{\"@type\":\"WebSite\",\"@id\":\"https:\\\/\\\/www.cftestataltarapaca.cl\\\/inicio\\\/#website\",\"url\":\"https:\\\/\\\/www.cftestataltarapaca.cl\\\/inicio\\\/\",\"name\":\"CFT Estatal Tarapac\u00e1\",\"description\":\"Admisi\u00f3n 2025\",\"publisher\":{\"@id\":\"https:\\\/\\\/www.cftestataltarapaca.cl\\\/inicio\\\/#organization\"},\"potentialAction\":[{\"@type\":\"SearchAction\",\"target\":{\"@type\":\"EntryPoint\",\"urlTemplate\":\"https:\\\/\\\/www.cftestataltarapaca.cl\\\/inicio\\\/?s={search_term_string}\"},\"query-input\":{\"@type\":\"PropertyValueSpecification\",\"valueRequired\":true,\"valueName\":\"search_term_string\"}}],\"inLanguage\":\"es\"},{\"@type\":\"Organization\",\"@id\":\"https:\\\/\\\/www.cftestataltarapaca.cl\\\/inicio\\\/#organization\",\"name\":\"CFT Estatal Tarapac\u00e1\",\"url\":\"https:\\\/\\\/www.cftestataltarapaca.cl\\\/inicio\\\/\",\"logo\":{\"@type\":\"ImageObject\",\"inLanguage\":\"es\",\"@id\":\"https:\\\/\\\/www.cftestataltarapaca.cl\\\/inicio\\\/#\\\/schema\\\/logo\\\/image\\\/\",\"url\":\"https:\\\/\\\/www.cftestataltarapaca.cl\\\/inicio\\\/wp-content\\\/uploads\\\/2019\\\/03\\\/logo-retina-1.png\",\"contentUrl\":\"https:\\\/\\\/www.cftestataltarapaca.cl\\\/inicio\\\/wp-content\\\/uploads\\\/2019\\\/03\\\/logo-retina-1.png\",\"width\":401,\"height\":150,\"caption\":\"CFT Estatal Tarapac\u00e1\"},\"image\":{\"@id\":\"https:\\\/\\\/www.cftestataltarapaca.cl\\\/inicio\\\/#\\\/schema\\\/logo\\\/image\\\/\"},\"sameAs\":[\"https:\\\/\\\/www.facebook.com\\\/CFTestataltarapaca\\\/\",\"https:\\\/\\\/x.com\\\/CFTesTarapaca\",\"https:\\\/\\\/www.instagram.com\\\/CFTestataltarapaca\\\/\"]}]}<\/script>\n<!-- \/ Yoast SEO plugin. -->","yoast_head_json":{"title":"Preguntas Frecuentes - CFT Estatal Tarapac\u00e1","description":"A continuaci\u00f3n pueden conocer a los acad\u00e9micos del Centro de Formaci\u00f3n T\u00e9cnica Estatal de Tarapac\u00e1. #T\u00e9cnicosparaTarapac\u00e1","robots":{"index":"index","follow":"follow","max-snippet":"max-snippet:-1","max-image-preview":"max-image-preview:large","max-video-preview":"max-video-preview:-1"},"canonical":"https:\/\/www.cftestataltarapaca.cl\/inicio\/acreditacion-institucional\/faq\/","og_locale":"es_ES","og_type":"article","og_title":"Preguntas Frecuentes - CFT Estatal Tarapac\u00e1","og_description":"A continuaci\u00f3n pueden conocer a los acad\u00e9micos del Centro de Formaci\u00f3n T\u00e9cnica Estatal de Tarapac\u00e1. #T\u00e9cnicosparaTarapac\u00e1","og_url":"https:\/\/www.cftestataltarapaca.cl\/inicio\/acreditacion-institucional\/faq\/","og_site_name":"CFT Estatal Tarapac\u00e1","article_publisher":"https:\/\/www.facebook.com\/CFTestataltarapaca\/","article_modified_time":"2023-09-26T12:52:30+00:00","twitter_card":"summary_large_image","twitter_site":"@CFTesTarapaca","twitter_misc":{"Tiempo de lectura":"5 minutos"},"schema":{"@context":"https:\/\/schema.org","@graph":[{"@type":"WebPage","@id":"https:\/\/www.cftestataltarapaca.cl\/inicio\/acreditacion-institucional\/faq\/","url":"https:\/\/www.cftestataltarapaca.cl\/inicio\/acreditacion-institucional\/faq\/","name":"Preguntas Frecuentes - CFT Estatal Tarapac\u00e1","isPartOf":{"@id":"https:\/\/www.cftestataltarapaca.cl\/inicio\/#website"},"datePublished":"2022-05-23T20:01:43+00:00","dateModified":"2023-09-26T12:52:30+00:00","description":"A continuaci\u00f3n pueden conocer a los acad\u00e9micos del Centro de Formaci\u00f3n T\u00e9cnica Estatal de Tarapac\u00e1. #T\u00e9cnicosparaTarapac\u00e1","breadcrumb":{"@id":"https:\/\/www.cftestataltarapaca.cl\/inicio\/acreditacion-institucional\/faq\/#breadcrumb"},"inLanguage":"es","potentialAction":[{"@type":"ReadAction","target":["https:\/\/www.cftestataltarapaca.cl\/inicio\/acreditacion-institucional\/faq\/"]}]},{"@type":"BreadcrumbList","@id":"https:\/\/www.cftestataltarapaca.cl\/inicio\/acreditacion-institucional\/faq\/#breadcrumb","itemListElement":[{"@type":"ListItem","position":1,"name":"Portada","item":"https:\/\/www.cftestataltarapaca.cl\/inicio\/"},{"@type":"ListItem","position":2,"name":"Acreditaci\u00f3n Institucional","item":"https:\/\/www.cftestataltarapaca.cl\/inicio\/acreditacion-institucional\/"},{"@type":"ListItem","position":3,"name":"Preguntas Frecuentes"}]},{"@type":"WebSite","@id":"https:\/\/www.cftestataltarapaca.cl\/inicio\/#website","url":"https:\/\/www.cftestataltarapaca.cl\/inicio\/","name":"CFT Estatal Tarapac\u00e1","description":"Admisi\u00f3n 2025","publisher":{"@id":"https:\/\/www.cftestataltarapaca.cl\/inicio\/#organization"},"potentialAction":[{"@type":"SearchAction","target":{"@type":"EntryPoint","urlTemplate":"https:\/\/www.cftestataltarapaca.cl\/inicio\/?s={search_term_string}"},"query-input":{"@type":"PropertyValueSpecification","valueRequired":true,"valueName":"search_term_string"}}],"inLanguage":"es"},{"@type":"Organization","@id":"https:\/\/www.cftestataltarapaca.cl\/inicio\/#organization","name":"CFT Estatal Tarapac\u00e1","url":"https:\/\/www.cftestataltarapaca.cl\/inicio\/","logo":{"@type":"ImageObject","inLanguage":"es","@id":"https:\/\/www.cftestataltarapaca.cl\/inicio\/#\/schema\/logo\/image\/","url":"https:\/\/www.cftestataltarapaca.cl\/inicio\/wp-content\/uploads\/2019\/03\/logo-retina-1.png","contentUrl":"https:\/\/www.cftestataltarapaca.cl\/inicio\/wp-content\/uploads\/2019\/03\/logo-retina-1.png","width":401,"height":150,"caption":"CFT Estatal Tarapac\u00e1"},"image":{"@id":"https:\/\/www.cftestataltarapaca.cl\/inicio\/#\/schema\/logo\/image\/"},"sameAs":["https:\/\/www.facebook.com\/CFTestataltarapaca\/","https:\/\/x.com\/CFTesTarapaca","https:\/\/www.instagram.com\/CFTestataltarapaca\/"]}]}},"publishpress_future_workflow_manual_trigger":{"enabledWorkflows":[]},"_links":{"self":[{"href":"https:\/\/www.cftestataltarapaca.cl\/inicio\/wp-json\/wp\/v2\/pages\/9041","targetHints":{"allow":["GET"]}}],"collection":[{"href":"https:\/\/www.cftestataltarapaca.cl\/inicio\/wp-json\/wp\/v2\/pages"}],"about":[{"href":"https:\/\/www.cftestataltarapaca.cl\/inicio\/wp-json\/wp\/v2\/types\/page"}],"author":[{"embeddable":true,"href":"https:\/\/www.cftestataltarapaca.cl\/inicio\/wp-json\/wp\/v2\/users\/1"}],"replies":[{"embeddable":true,"href":"https:\/\/www.cftestataltarapaca.cl\/inicio\/wp-json\/wp\/v2\/comments?post=9041"}],"version-history":[{"count":8,"href":"https:\/\/www.cftestataltarapaca.cl\/inicio\/wp-json\/wp\/v2\/pages\/9041\/revisions"}],"predecessor-version":[{"id":10843,"href":"https:\/\/www.cftestataltarapaca.cl\/inicio\/wp-json\/wp\/v2\/pages\/9041\/revisions\/10843"}],"up":[{"embeddable":true,"href":"https:\/\/www.cftestataltarapaca.cl\/inicio\/wp-json\/wp\/v2\/pages\/8370"}],"wp:attachment":[{"href":"https:\/\/www.cftestataltarapaca.cl\/inicio\/wp-json\/wp\/v2\/media?parent=9041"}],"curies":[{"name":"wp","href":"https:\/\/api.w.org\/{rel}","templated":true}]}}